{"id":764450,"date":"2025-08-28T11:11:09","date_gmt":"2025-08-28T08:11:09","guid":{"rendered":"https:\/\/roveyayinevi.com.tr\/index.php\/urun\/helenistik-anadolu\/"},"modified":"2026-04-15T03:30:18","modified_gmt":"2026-04-15T00:30:18","slug":"helenistik-anadolu","status":"publish","type":"product","link":"https:\/\/roveyayinevi.com.tr\/index.php\/urun\/helenistik-anadolu\/","title":{"rendered":"Helenistik Anadolu"},"content":{"rendered":"<p>Ephesus, \u0130yonya, Bergama, Troya, Karya, Likya, Kapadokya, Komagene&#8230; Her biri ismini uygarl\u0131\u011fa kaz\u0131yan ve \u00fczerinde ya\u015fad\u0131\u011f\u0131m\u0131z kentler&#8230;   M\u00d6 334\u2019ten itibaren \u0130skender\u2019in fethiyle Anadolu\u2019daki siyasi durum bamba\u015fka bir \u00e7ehre kazan\u0131r. Yeni devletlerin kurulu\u015fu, siyasi y\u0131k\u0131mlar, Helenle\u015fmi\u015f yerli krall\u0131klar\u0131n ortaya \u00e7\u0131k\u0131\u015f\u0131, birka\u00e7 ba\u011f\u0131ms\u0131z kentin varl\u0131\u011f\u0131n\u0131 s\u00fcrd\u00fcrmesi ve Galat istilalar\u0131yla Helenistik Anadolu tarihinde sava\u015flar ve karga\u015fa hi\u00e7 eksik olmaz. Bir yandan Do\u011fu\u2019daki Ahameni\u015flerin bask\u0131s\u0131 di\u011fer yandan Bat\u0131\u2019daki Yunan-Roma \u015fehir modeli ve \u00f6rg\u00fctlenmesinin Anadolu\u2019da b\u0131rakt\u0131\u011f\u0131 derin izler bu co\u011frafyan\u0131n Do\u011fu ve Bat\u0131 aras\u0131nda s\u00fcrekli de\u011fi\u015fen yazg\u0131s\u0131n\u0131n bir par\u00e7as\u0131 say\u0131lacakt\u0131r. Roma\u2019n\u0131n ikinci y\u00fczy\u0131l\u0131n ba\u015f\u0131nda K\u00fc\u00e7\u00fck Asya\u2019ya geli\u015fi ise durumu bir kez daha de\u011fi\u015ftirecektir.   Arkeoloji d\u00fcnyas\u0131n\u0131n son d\u00f6nem ke\u015fiflerinden yararlanarak epigrafi ve n\u00fcmismatikten yo\u011fun bir \u015fekilde beslenen Maurice Sartre, antik \u00e7a\u011flar\u0131n en b\u00fcy\u00fcleyici ve merak edilen d\u00f6nemi olan Helenistik Anadolu\u2019ya ili\u015fkin son derece \u00f6zg\u00fcn bir eser kaleme al\u0131r. Sartre, yaln\u0131zca Bat\u0131 Anadolu (ya da Antik Yunan\u2019\u0131n do\u011fusu) ile yetinmeyip t\u00fcm Anadolu co\u011frafyas\u0131n\u0131n birbiriyle nas\u0131l bir al\u0131\u015fveri\u015f halinde oldu\u011funu ustal\u0131kla g\u00f6sterir. \u00c7al\u0131\u015fman\u0131n yay\u0131ld\u0131\u011f\u0131 geni\u015f saha Ege\u2019deki adalar, Trakya, Akdeniz, Marmara ve Karadeniz b\u00f6lgeleri, Pontus ve Do\u011fu Anadolu\u2019ya kadar uzan\u0131r.   Kitaptaki en ilgin\u00e7 b\u00f6l\u00fcmler ise yaz\u0131tlar\u0131n ve belgelerin okunmas\u0131yla somutla\u015f\u0131r. Bu pasajlar o d\u00f6nemin ticaret ve \u015fehir hayat\u0131na dair son derece de\u011ferli bilgiler verir. Bunun yan\u0131nda anla\u015fmalar, hukuki yap\u0131, kararnameler, festivaller, arma\u011fan ve adaklar, din\u00ee t\u00f6renler, tanr\u0131 ve tanr\u0131\u00e7alar\u0131n \u00f6yk\u00fcleri ve b\u00fct\u00fcn\u00fcyle g\u00fcndelik ya\u015famdan sunulan kesitler Anadolu\u2019nun \u00e7ok\u00e7a dile getirilen zengin miras\u0131n\u0131 yetkin bir \u015fekilde ortaya koyar. <\/p>\n","protected":false},"excerpt":{"rendered":"<p>Ephesus, \u0130yonya, Bergama, Troya, Karya, Likya, Kapadokya, Komagene&#8230; Her biri ismini uygarl\u0131\u011fa kaz\u0131yan ve \u00fczerinde ya\u015fad\u0131\u011f\u0131m\u0131z kentler&#8230; M\u00d6 334\u2019ten itibaren \u0130skender\u2019in fethiyle Anadolu\u2019daki siyasi durum bamba\u015fka<span class=\"excerpt-hellip\"> [\u2026]<\/span><\/p>\n","protected":false},"featured_media":0,"template":"","meta":{"_monsterinsights_skip_tracking":false,"_monsterinsights_sitenote_active":false,"_monsterinsights_sitenote_note":"","_monsterinsights_sitenote_category":0},"product_brand":[],"product_cat":[12304],"product_tag":[],"class_list":{"0":"post-764450","1":"product","2":"type-product","3":"status-publish","5":"product_cat-tarih","6":"pa_cilt-ciltsiz","7":"pa_tur-kitap","8":"pa_yayinevi-dogu-bati-yayinlari","9":"pa_yazar-maurice-sartre","11":"first","12":"instock","13":"sale","14":"shipping-taxable","15":"purchasable","16":"product-type-simple"},"_links":{"self":[{"href":"https:\/\/roveyayinevi.com.tr\/index.php\/wp-json\/wp\/v2\/product\/764450","targetHints":{"allow":["GET"]}}],"collection":[{"href":"https:\/\/roveyayinevi.com.tr\/index.php\/wp-json\/wp\/v2\/product"}],"about":[{"href":"https:\/\/roveyayinevi.com.tr\/index.php\/wp-json\/wp\/v2\/types\/product"}],"wp:attachment":[{"href":"https:\/\/roveyayinevi.com.tr\/index.php\/wp-json\/wp\/v2\/media?parent=764450"}],"wp:term":[{"taxonomy":"product_brand","embeddable":true,"href":"https:\/\/roveyayinevi.com.tr\/index.php\/wp-json\/wp\/v2\/product_brand?post=764450"},{"taxonomy":"product_cat","embeddable":true,"href":"https:\/\/roveyayinevi.com.tr\/index.php\/wp-json\/wp\/v2\/product_cat?post=764450"},{"taxonomy":"product_tag","embeddable":true,"href":"https:\/\/roveyayinevi.com.tr\/index.php\/wp-json\/wp\/v2\/product_tag?post=764450"}],"curies":[{"name":"wp","href":"https:\/\/api.w.org\/{rel}","templated":true}]}}