{"id":764449,"date":"2025-08-28T11:11:08","date_gmt":"2025-08-28T08:11:08","guid":{"rendered":"https:\/\/roveyayinevi.com.tr\/index.php\/urun\/kavramlar-tarihi-adalet\/"},"modified":"2026-04-15T03:30:18","modified_gmt":"2026-04-15T00:30:18","slug":"kavramlar-tarihi-adalet","status":"publish","type":"product","link":"https:\/\/roveyayinevi.com.tr\/index.php\/urun\/kavramlar-tarihi-adalet\/","title":{"rendered":"Kavramlar Tarihi Adalet"},"content":{"rendered":"<p>\u201c\u00d6zg\u00fcrl\u00fck\u201d kitab\u0131yla ba\u015flayan Kavramlar Tarihi, serinin ikinci kitab\u0131 olan \u201cAdalet\u201d konusuna odaklanmaktad\u0131r. Adalet insano\u011flunun en b\u00fcy\u00fck bulu\u015flar\u0131ndan biridir. Yery\u00fcz\u00fcnde kendine has bir adalet sistemi geli\u015ftirmemi\u015f veya bu konuda ilke ve yasalar belirlememi\u015f hi\u00e7bir toplum yoktur. Ciddi, teknik ve akademik metinlerden, g\u00fcndelik ya\u015fama kadar, neredeyse her g\u00fcn kendisiyle kar\u015f\u0131la\u015ft\u0131\u011f\u0131m\u0131z bu sihirli s\u00f6zc\u00fck, tan\u0131m\u0131 gere\u011fi, hem \u201chak ve hukuka uyma, herkesin hakk\u0131n\u0131 g\u00f6zetme, do\u011fruluktan ayr\u0131lmama, hakkaniyet\u201d, hem de bir toplumda \u201ckanun ve nizam yoluyla haklar\u0131n kar\u015f\u0131l\u0131kl\u0131 olarak korunmas\u0131 ve dengeli tutulmas\u0131\u201d anlam\u0131ndad\u0131r. Bunlar\u0131n yan\u0131s\u0131ra \u201cbir devlette hak ve hukuku uygulayan te\u015fkilat\u201d da adalet ad\u0131n\u0131 al\u0131r. Dolay\u0131s\u0131yla adalet bireye ili\u015fkin oldu\u011fu kadar toplum ve devletle de ilgilidir, insan\u0131n di\u011fer insanlarla ve devletle olan t\u00fcm ili\u015fkilerini d\u00fczenlerken, devletlerin birbirleriyle olan ili\u015fkilerinin de belirleyici unsurlar\u0131ndan biridir.   Arma\u011fan \u00d6zt\u00fcrk ve C. Cengiz \u00c7evik taraf\u0131ndan derlenen bu \u00e7al\u0131\u015fma adalet kavram\u0131n\u0131n d\u00fc\u015f\u00fcnce tarihindeki ser\u00fcvenini bir dizi makale arac\u0131l\u0131\u011f\u0131yla soru\u015fturmaktad\u0131r. Felsefe, siyaset bilimi, hukuk ve tarih alanlar\u0131na ait birikimleri metinle\u015ftiren \u00e7al\u0131\u015fmalar\u0131n ortak noktas\u0131 ise ele al\u0131nan d\u00fc\u015f\u00fcn\u00fcr ve d\u00fc\u015f\u00fcnce ak\u0131mlar\u0131n\u0131, adaletin i\u00e7eri\u011fini s\u0131n\u0131rlayan kavramlarla birlikte ayr\u0131nt\u0131l\u0131 bir \u015fekilde ortaya koymakt\u0131r. <\/p>\n","protected":false},"excerpt":{"rendered":"<p>\u201c\u00d6zg\u00fcrl\u00fck\u201d kitab\u0131yla ba\u015flayan Kavramlar Tarihi, serinin ikinci kitab\u0131 olan \u201cAdalet\u201d konusuna odaklanmaktad\u0131r. Adalet insano\u011flunun en b\u00fcy\u00fck bulu\u015flar\u0131ndan biridir. Yery\u00fcz\u00fcnde kendine has bir adalet sistemi geli\u015ftirmemi\u015f veya<span class=\"excerpt-hellip\"> [\u2026]<\/span><\/p>\n","protected":false},"featured_media":0,"template":"","meta":{"_monsterinsights_skip_tracking":false,"_monsterinsights_sitenote_active":false,"_monsterinsights_sitenote_note":"","_monsterinsights_sitenote_category":0},"product_brand":[],"product_cat":[12388],"product_tag":[],"class_list":{"0":"post-764449","1":"product","2":"type-product","3":"status-publish","5":"product_cat-felsefe","6":"pa_cilt-ciltsiz","7":"pa_tur-kitap","8":"pa_yayinevi-dogu-bati-yayinlari","9":"pa_yazar-armagan-ozturk-c-cengiz-cevik","11":"first","12":"instock","13":"sale","14":"shipping-taxable","15":"purchasable","16":"product-type-simple"},"_links":{"self":[{"href":"https:\/\/roveyayinevi.com.tr\/index.php\/wp-json\/wp\/v2\/product\/764449","targetHints":{"allow":["GET"]}}],"collection":[{"href":"https:\/\/roveyayinevi.com.tr\/index.php\/wp-json\/wp\/v2\/product"}],"about":[{"href":"https:\/\/roveyayinevi.com.tr\/index.php\/wp-json\/wp\/v2\/types\/product"}],"wp:attachment":[{"href":"https:\/\/roveyayinevi.com.tr\/index.php\/wp-json\/wp\/v2\/media?parent=764449"}],"wp:term":[{"taxonomy":"product_brand","embeddable":true,"href":"https:\/\/roveyayinevi.com.tr\/index.php\/wp-json\/wp\/v2\/product_brand?post=764449"},{"taxonomy":"product_cat","embeddable":true,"href":"https:\/\/roveyayinevi.com.tr\/index.php\/wp-json\/wp\/v2\/product_cat?post=764449"},{"taxonomy":"product_tag","embeddable":true,"href":"https:\/\/roveyayinevi.com.tr\/index.php\/wp-json\/wp\/v2\/product_tag?post=764449"}],"curies":[{"name":"wp","href":"https:\/\/api.w.org\/{rel}","templated":true}]}}