{"id":764447,"date":"2025-08-28T11:11:05","date_gmt":"2025-08-28T08:11:05","guid":{"rendered":"https:\/\/roveyayinevi.com.tr\/index.php\/urun\/antropoloji-yapmak\/"},"modified":"2026-04-15T03:30:18","modified_gmt":"2026-04-15T00:30:18","slug":"antropoloji-yapmak","status":"publish","type":"product","link":"https:\/\/roveyayinevi.com.tr\/index.php\/urun\/antropoloji-yapmak\/","title":{"rendered":"Antropoloji Yapmak"},"content":{"rendered":"<p>T\u00fcrkiye\u2019de antropolog olmak, genellikle bilin\u00e7li bir tercihten ziyade tesad\u00fcflerin sonucudur. Prof. Dr. Metin \u00d6zbek\u2019in mesleki ya\u015fam\u0131 da ayn\u0131 \u015fekilde bir tesad\u00fcfle ba\u015fl\u0131yor ve bir \u201cantropoloji yapma\u201d yolculu\u011funa d\u00f6n\u00fc\u015f\u00fcyor. Antropoloji Yapmak, insanl\u0131k tarihine yap\u0131lan b\u00fcy\u00fcleyici bir yolculuk. Metin \u00d6zbek yar\u0131m asra yay\u0131lan yolculu\u011fu boyunca edindi\u011fi zengin deneyim ve derin bilgi birikimini kendi ki\u015fisel hikayeleri ve i\u00e7sel yolculu\u011fuyla b\u00fct\u00fcnle\u015ftirerek alanla ilgilenenlerin \u00f6n\u00fcne seriyor. Bu anlamda kitap, bir antropolo\u011fun an\u0131lar\u0131ndan \u00e7ok daha fazlas\u0131n\u0131 i\u00e7eriyor; kaz\u0131larda elde edilen verilerle okuyucuya fiziksel antropolojinin kap\u0131lar\u0131n\u0131 aral\u0131yor. Antropolojiyi seven, tarihin ve insan\u0131n izini s\u00fcrmek isteyen herkes i\u00e7in e\u015fsiz bir ke\u015fif f\u0131rsat\u0131 sunuyor.<\/p>\n","protected":false},"excerpt":{"rendered":"<p>T\u00fcrkiye\u2019de antropolog olmak, genellikle bilin\u00e7li bir tercihten ziyade tesad\u00fcflerin sonucudur. Prof. Dr. Metin \u00d6zbek\u2019in mesleki ya\u015fam\u0131 da ayn\u0131 \u015fekilde bir tesad\u00fcfle ba\u015fl\u0131yor ve bir \u201cantropoloji yapma\u201d<span class=\"excerpt-hellip\"> [\u2026]<\/span><\/p>\n","protected":false},"featured_media":0,"template":"","meta":{"_monsterinsights_skip_tracking":false,"_monsterinsights_sitenote_active":false,"_monsterinsights_sitenote_note":"","_monsterinsights_sitenote_category":0},"product_brand":[],"product_cat":[15499,13488],"product_tag":[],"class_list":{"0":"post-764447","1":"product","2":"type-product","3":"status-publish","5":"product_cat-antropoloji","6":"product_cat-toplum-ve-insan","7":"pa_cilt-ciltsiz","8":"pa_tur-kitap","9":"pa_yayinevi-koyusiyah-kitap","10":"pa_yazar-metin-ozbek","12":"first","13":"instock","14":"sale","15":"shipping-taxable","16":"purchasable","17":"product-type-simple"},"_links":{"self":[{"href":"https:\/\/roveyayinevi.com.tr\/index.php\/wp-json\/wp\/v2\/product\/764447","targetHints":{"allow":["GET"]}}],"collection":[{"href":"https:\/\/roveyayinevi.com.tr\/index.php\/wp-json\/wp\/v2\/product"}],"about":[{"href":"https:\/\/roveyayinevi.com.tr\/index.php\/wp-json\/wp\/v2\/types\/product"}],"wp:attachment":[{"href":"https:\/\/roveyayinevi.com.tr\/index.php\/wp-json\/wp\/v2\/media?parent=764447"}],"wp:term":[{"taxonomy":"product_brand","embeddable":true,"href":"https:\/\/roveyayinevi.com.tr\/index.php\/wp-json\/wp\/v2\/product_brand?post=764447"},{"taxonomy":"product_cat","embeddable":true,"href":"https:\/\/roveyayinevi.com.tr\/index.php\/wp-json\/wp\/v2\/product_cat?post=764447"},{"taxonomy":"product_tag","embeddable":true,"href":"https:\/\/roveyayinevi.com.tr\/index.php\/wp-json\/wp\/v2\/product_tag?post=764447"}],"curies":[{"name":"wp","href":"https:\/\/api.w.org\/{rel}","templated":true}]}}