{"id":764445,"date":"2025-08-28T11:11:01","date_gmt":"2025-08-28T08:11:01","guid":{"rendered":"https:\/\/roveyayinevi.com.tr\/index.php\/urun\/gizli-bir-cemiyetin-iktidar-yuruyusu-ittihat-ve-terakki-romani\/"},"modified":"2026-04-15T03:30:18","modified_gmt":"2026-04-15T00:30:18","slug":"gizli-bir-cemiyetin-iktidar-yuruyusu-ittihat-ve-terakki-romani","status":"publish","type":"product","link":"https:\/\/roveyayinevi.com.tr\/index.php\/urun\/gizli-bir-cemiyetin-iktidar-yuruyusu-ittihat-ve-terakki-romani\/","title":{"rendered":"Gizli Bir Cemiyetin \u0130ktidar Y\u00fcr\u00fcy\u00fc\u015f\u00fc, \u0130ttihat ve Terakki Roman\u0131"},"content":{"rendered":"<p>\u201cAtat\u00fcrk\u00e7\u00fc D\u00fc\u015f\u00fcnce Derne\u011fi Isparta \u015eube Ba\u015fkan\u0131, T\u00fcrk Silahl\u0131 Kuvvetleri saflar\u0131nda y\u0131llarca vatana hizmet etmi\u015f de\u011ferli dostum M. Sahil Derici, yak\u0131n tarihimize ayna tuttu\u011fu \u201cGizli Bir Cemiyetin \u0130ktidar Y\u00fcr\u00fcy\u00fc\u015f\u00fc \/ \u0130ttihat ve Terakki\u201d roman\u0131nda \u00e7ok tart\u0131\u015f\u0131lan, \u00e7ok konu\u015fulan, ama yeterince ara\u015ft\u0131r\u0131lmadan genellikle siyasi aidiyet ve bak\u0131\u015flarla tan\u0131mlanan \u00f6nemli bir d\u00f6nemi roman kurgusu i\u00e7inde sunuyor okurlar\u0131na. Bir d\u00f6nem roman\u0131 olan eserde, \u0130ttihat ve Terakki Cemiyetinin kurulu\u015fu, 1908 Devrim m\u00fccadelesi, cemiyetin g\u00f6lge h\u00fck\u00fcmet d\u00f6nemi, iktidar\u0131 ele ge\u00e7irme ve iktidar s\u00fcreci ile d\u00f6nemin \u00f6nemli olaylar\u0131 tarihi ger\u00e7eklerden sapmadan ger\u00e7ek ki\u015filer, bu ki\u015filere eklenen Hasan A\u011fa ile Lebibe Han\u0131m ailesi ve damatlar\u0131n\u0131n ya\u015famlar\u0131 etraf\u0131nda anlat\u0131l\u0131yor. \u0130ttihat ve Terakki Cemiyeti\u2019nin tarihinde \u00f6nemli yeri olan baz\u0131 subaylar\u0131n isyan edip da\u011fa \u00e7\u0131kmalar\u0131, M\u00fclaz\u0131m At\u0131f\u2019\u0131n \u015eemsi Pa\u015fa\u2019y\u0131 vurmas\u0131, Bab-\u0131 Ali bask\u0131n\u0131, 1908 Devrimi s\u00fcrecindeki Manast\u0131r-Selanik \u00e7eki\u015fmesi, Cemiyetin 31 Mart gerici ayaklanmas\u0131na tepkileri ve benzeri \u00f6nemli olaylar dipnotlarda belirtilen kaynak\u00e7an\u0131n deste\u011finde kurgulanm\u0131\u015f ve de\u011ferli Derici\u2019nin ak\u0131c\u0131 \u00fcslubu ile bir solukta okunan bir eser ortaya \u00e7\u0131km\u0131\u015f. Romanda, Mustafa Kemal Atat\u00fcrk ile \u0130ttihat ve Terakki ili\u015fkileri, Cemiyetin Abd\u00fclhamit ile ya\u015fad\u0131klar\u0131, d\u00f6nemin T\u00fcrk ordusu, J\u00f6n T\u00fcrk ayd\u0131nl\u0131\u011f\u0131 ile kavgal\u0131 gerici yobaz hareketler ve H\u00fcrriyet ve \u0130tilaf zihniyeti de i\u015flenmeye \u00e7al\u0131\u015f\u0131lm\u0131\u015f. De\u011ferli M. Sahil Derici dostumu kutluyor, bu g\u00fczel eserin okurunun bol olmas\u0131n\u0131 diliyorum.\u201d                                                                                         Mustafa H\u00fcsn\u00fc Bozkurt                                                                                             Atat\u00fcrk\u00e7\u00fc D\u00fc\u015f\u00fcnce Derne\u011fi Genel Ba\u015fkan\u0131 <\/p>\n","protected":false},"excerpt":{"rendered":"<p>\u201cAtat\u00fcrk\u00e7\u00fc D\u00fc\u015f\u00fcnce Derne\u011fi Isparta \u015eube Ba\u015fkan\u0131, T\u00fcrk Silahl\u0131 Kuvvetleri saflar\u0131nda y\u0131llarca vatana hizmet etmi\u015f de\u011ferli dostum M. Sahil Derici, yak\u0131n tarihimize ayna tuttu\u011fu \u201cGizli Bir Cemiyetin<span class=\"excerpt-hellip\"> [\u2026]<\/span><\/p>\n","protected":false},"featured_media":0,"template":"","meta":{"_monsterinsights_skip_tracking":false,"_monsterinsights_sitenote_active":false,"_monsterinsights_sitenote_note":"","_monsterinsights_sitenote_category":0},"product_brand":[],"product_cat":[12291,12745],"product_tag":[],"class_list":{"0":"post-764445","1":"product","2":"type-product","3":"status-publish","5":"product_cat-edebiyat","6":"product_cat-tarihi-roman","7":"pa_cilt-ciltsiz","8":"pa_tur-kitap","9":"pa_yayinevi-galeati-yayincilik","10":"pa_yazar-mehmet-sahil-derici","12":"first","13":"instock","14":"sale","15":"shipping-taxable","16":"purchasable","17":"product-type-simple"},"_links":{"self":[{"href":"https:\/\/roveyayinevi.com.tr\/index.php\/wp-json\/wp\/v2\/product\/764445","targetHints":{"allow":["GET"]}}],"collection":[{"href":"https:\/\/roveyayinevi.com.tr\/index.php\/wp-json\/wp\/v2\/product"}],"about":[{"href":"https:\/\/roveyayinevi.com.tr\/index.php\/wp-json\/wp\/v2\/types\/product"}],"wp:attachment":[{"href":"https:\/\/roveyayinevi.com.tr\/index.php\/wp-json\/wp\/v2\/media?parent=764445"}],"wp:term":[{"taxonomy":"product_brand","embeddable":true,"href":"https:\/\/roveyayinevi.com.tr\/index.php\/wp-json\/wp\/v2\/product_brand?post=764445"},{"taxonomy":"product_cat","embeddable":true,"href":"https:\/\/roveyayinevi.com.tr\/index.php\/wp-json\/wp\/v2\/product_cat?post=764445"},{"taxonomy":"product_tag","embeddable":true,"href":"https:\/\/roveyayinevi.com.tr\/index.php\/wp-json\/wp\/v2\/product_tag?post=764445"}],"curies":[{"name":"wp","href":"https:\/\/api.w.org\/{rel}","templated":true}]}}