{"id":764444,"date":"2025-08-28T11:10:59","date_gmt":"2025-08-28T08:10:59","guid":{"rendered":"https:\/\/roveyayinevi.com.tr\/index.php\/urun\/her-sey-gecer\/"},"modified":"2026-04-15T03:30:18","modified_gmt":"2026-04-15T00:30:18","slug":"her-sey-gecer","status":"publish","type":"product","link":"https:\/\/roveyayinevi.com.tr\/index.php\/urun\/her-sey-gecer\/","title":{"rendered":"Her \u015eey Ge\u00e7er"},"content":{"rendered":"<p>\u0130\u00e7inizden birileriyle tan\u0131\u015fmak ister misiniz? Kendinizi sat\u0131r aralar\u0131nda bulmak, onlar\u0131 anlad\u0131k\u00e7a kendinizi anlamak, onlara g\u00fcld\u00fck\u00e7e kendinize g\u00fclmek\u2026 Sar\u0131 danas\u0131 kesilince insan\u0131n do\u011fa \u00fczerindeki tahakk\u00fcm\u00fcne isyan eden Nur\u00e7in\u2019i dinlemek ister misiniz mesela, k\u00fc\u00e7\u00fck a\u015fk\u0131yla aras\u0131ndaki s\u0131n\u0131f ayr\u0131m\u0131n\u0131 fark etti\u011fi o an\u0131 g\u00f6rmek? Evlili\u011finden b\u0131k\u0131p g\u00fcnd\u00fcz d\u00fc\u015fleri kurmaya ba\u015flayan Sevil\u2019in kad\u0131n-erkek ili\u015fkilerine getirdi\u011fi marjinal bak\u0131\u015f a\u00e7\u0131s\u0131na \u015fahit olmak? Belki \u00f6zg\u00fcvensizlikte ar\u015fa \u00e7\u0131kan Sedat\u2019\u0131n anksiyetesiyle ba\u015fa \u00e7\u0131kma yollar\u0131 size bir ilham verir. Ya da d\u00fc\u011f\u00fcne g\u00f6t\u00fcrd\u00fc\u011f\u00fc \u00e7eyre\u011fi son anda cebe at\u0131p t\u00fcyen Sabiha, t\u00fck\u00fcrd\u00fc\u011f\u00fcn\u00fc yalarken akl\u0131n\u0131za tan\u0131d\u0131k birileri gelir. Kendisine g\u00f6r\u00fcc\u00fc gelince cinsel tabular\u0131n art\u0131k nihayet y\u0131k\u0131lmakta oldu\u011funu zanneden \u201cdul\u201d Birce\u2019ye ne demeli?.. Hi\u00e7bir \u015feyin y\u0131k\u0131lmad\u0131\u011f\u0131n\u0131, nemli g\u00f6zlerle izlersiniz belki birlikte. Vuslat Sara\u00e7o\u011flu ilk \u00f6yk\u00fc kitab\u0131 Her \u015eey Ge\u00e7er\u2019de farkl\u0131 y\u00fczlerle ama hep bizden biri olarak \u00e7\u0131k\u0131yor okur kar\u015f\u0131s\u0131na. Edebi yollardan ge\u00e7ip toplumsal hezeyanlara var\u0131rken buruk bir tebess\u00fcm b\u0131rak\u0131yor zihinlerde. <\/p>\n","protected":false},"excerpt":{"rendered":"<p>\u0130\u00e7inizden birileriyle tan\u0131\u015fmak ister misiniz? Kendinizi sat\u0131r aralar\u0131nda bulmak, onlar\u0131 anlad\u0131k\u00e7a kendinizi anlamak, onlara g\u00fcld\u00fck\u00e7e kendinize g\u00fclmek\u2026 Sar\u0131 danas\u0131 kesilince insan\u0131n do\u011fa \u00fczerindeki tahakk\u00fcm\u00fcne isyan eden<span class=\"excerpt-hellip\"> [\u2026]<\/span><\/p>\n","protected":false},"featured_media":0,"template":"","meta":{"_monsterinsights_skip_tracking":false,"_monsterinsights_sitenote_active":false,"_monsterinsights_sitenote_note":"","_monsterinsights_sitenote_category":0},"product_brand":[],"product_cat":[12291,12711],"product_tag":[],"class_list":{"0":"post-764444","1":"product","2":"type-product","3":"status-publish","5":"product_cat-edebiyat","6":"product_cat-roman-oyku","7":"pa_cilt-ciltsiz","8":"pa_tur-kitap","9":"pa_yayinevi-sayfa6-yayinlari","10":"pa_yazar-vuslat-saracoglu","12":"first","13":"instock","14":"sale","15":"shipping-taxable","16":"purchasable","17":"product-type-simple"},"_links":{"self":[{"href":"https:\/\/roveyayinevi.com.tr\/index.php\/wp-json\/wp\/v2\/product\/764444","targetHints":{"allow":["GET"]}}],"collection":[{"href":"https:\/\/roveyayinevi.com.tr\/index.php\/wp-json\/wp\/v2\/product"}],"about":[{"href":"https:\/\/roveyayinevi.com.tr\/index.php\/wp-json\/wp\/v2\/types\/product"}],"wp:attachment":[{"href":"https:\/\/roveyayinevi.com.tr\/index.php\/wp-json\/wp\/v2\/media?parent=764444"}],"wp:term":[{"taxonomy":"product_brand","embeddable":true,"href":"https:\/\/roveyayinevi.com.tr\/index.php\/wp-json\/wp\/v2\/product_brand?post=764444"},{"taxonomy":"product_cat","embeddable":true,"href":"https:\/\/roveyayinevi.com.tr\/index.php\/wp-json\/wp\/v2\/product_cat?post=764444"},{"taxonomy":"product_tag","embeddable":true,"href":"https:\/\/roveyayinevi.com.tr\/index.php\/wp-json\/wp\/v2\/product_tag?post=764444"}],"curies":[{"name":"wp","href":"https:\/\/api.w.org\/{rel}","templated":true}]}}