{"id":764443,"date":"2025-08-28T11:10:56","date_gmt":"2025-08-28T08:10:56","guid":{"rendered":"https:\/\/roveyayinevi.com.tr\/index.php\/urun\/ruzgarlar-hep-genctir\/"},"modified":"2026-04-15T03:30:18","modified_gmt":"2026-04-15T00:30:18","slug":"ruzgarlar-hep-genctir","status":"publish","type":"product","link":"https:\/\/roveyayinevi.com.tr\/index.php\/urun\/ruzgarlar-hep-genctir\/","title":{"rendered":"R\u00fczgarlar Hep Gen\u00e7tir"},"content":{"rendered":"<p>\u201c\u0130nan\u0131yorum ki, r\u00fczg\u00e2r\u0131n\u0131z ya\u015flanmazsa bir \u00f6m\u00fcr boyu, hep bamba\u015fka topraklara, a\u011fa\u00e7lara ula\u015f\u0131p \u00e7i\u00e7ek a\u00e7t\u0131rabilirsiniz.\u201d Evrensel \u00f6l\u00e7ekte bir d\u00fc\u015f\u00fcn\u00fcr ve entelekt\u00fcel, bar\u0131\u015f\u0131n sesi, umudun kalemi, hayat sevdal\u0131s\u0131\u2026 Gen\u00e7 y\u00fcreklere ilham olacak ya\u015fam\u0131yla Z\u00fclf\u00fc Livaneli. Romanlar\u0131nda bu topraklara dair unutulmaz hik\u00e2yeler anlatan usta yazar, bu sefer kendi ya\u015fam\u0131ndan sayfalarla \u00e7\u0131k\u0131yor okurun kar\u015f\u0131s\u0131na. Hayal kurman\u0131n, dostlu\u011fun, dayan\u0131\u015fman\u0131n ve sevdan\u0131n y\u00fck\u00fcyle dolup ta\u015fan bir hayattan sayfalar. Livaneli, \u201cpek \u00e7ok tohuma, \u00e7i\u00e7e\u011fe, a\u011faca ula\u015fmas\u0131n\u0131 sa\u011flayan bir r\u00fczg\u00e2ra benzeyen ya\u015fam\u0131\u201dn\u0131 bu kez gen\u00e7 okur i\u00e7in kaleme ald\u0131\u2026 <\/p>\n","protected":false},"excerpt":{"rendered":"<p>\u201c\u0130nan\u0131yorum ki, r\u00fczg\u00e2r\u0131n\u0131z ya\u015flanmazsa bir \u00f6m\u00fcr boyu, hep bamba\u015fka topraklara, a\u011fa\u00e7lara ula\u015f\u0131p \u00e7i\u00e7ek a\u00e7t\u0131rabilirsiniz.\u201d Evrensel \u00f6l\u00e7ekte bir d\u00fc\u015f\u00fcn\u00fcr ve entelekt\u00fcel, bar\u0131\u015f\u0131n sesi, umudun kalemi, hayat sevdal\u0131s\u0131\u2026<span class=\"excerpt-hellip\"> [\u2026]<\/span><\/p>\n","protected":false},"featured_media":0,"template":"","meta":{"_monsterinsights_skip_tracking":false,"_monsterinsights_sitenote_active":false,"_monsterinsights_sitenote_note":"","_monsterinsights_sitenote_category":0},"product_brand":[],"product_cat":[18545,12291],"product_tag":[],"class_list":{"0":"post-764443","1":"product","2":"type-product","3":"status-publish","5":"product_cat-anlati","6":"product_cat-edebiyat","7":"pa_cilt-ciltsiz","8":"pa_tur-kitap","9":"pa_yayinevi-inkilap-kitabevi","10":"pa_yazar-zulfu-livaneli","12":"first","13":"instock","14":"sale","15":"shipping-taxable","16":"purchasable","17":"product-type-simple"},"_links":{"self":[{"href":"https:\/\/roveyayinevi.com.tr\/index.php\/wp-json\/wp\/v2\/product\/764443","targetHints":{"allow":["GET"]}}],"collection":[{"href":"https:\/\/roveyayinevi.com.tr\/index.php\/wp-json\/wp\/v2\/product"}],"about":[{"href":"https:\/\/roveyayinevi.com.tr\/index.php\/wp-json\/wp\/v2\/types\/product"}],"wp:attachment":[{"href":"https:\/\/roveyayinevi.com.tr\/index.php\/wp-json\/wp\/v2\/media?parent=764443"}],"wp:term":[{"taxonomy":"product_brand","embeddable":true,"href":"https:\/\/roveyayinevi.com.tr\/index.php\/wp-json\/wp\/v2\/product_brand?post=764443"},{"taxonomy":"product_cat","embeddable":true,"href":"https:\/\/roveyayinevi.com.tr\/index.php\/wp-json\/wp\/v2\/product_cat?post=764443"},{"taxonomy":"product_tag","embeddable":true,"href":"https:\/\/roveyayinevi.com.tr\/index.php\/wp-json\/wp\/v2\/product_tag?post=764443"}],"curies":[{"name":"wp","href":"https:\/\/api.w.org\/{rel}","templated":true}]}}