{"id":764442,"date":"2025-08-28T11:10:54","date_gmt":"2025-08-28T08:10:54","guid":{"rendered":"https:\/\/roveyayinevi.com.tr\/index.php\/urun\/gelecegin-anilari\/"},"modified":"2026-04-15T03:30:18","modified_gmt":"2026-04-15T00:30:18","slug":"gelecegin-anilari","status":"publish","type":"product","link":"https:\/\/roveyayinevi.com.tr\/index.php\/urun\/gelecegin-anilari\/","title":{"rendered":"Gelece\u011fin An\u0131lar\u0131"},"content":{"rendered":"<p>An\u0131lar girdab\u0131nda kaybolanlar\u00c7a\u011fda\u015f Latin Amerika edebiyat\u0131n\u0131n en etkileyici ve s\u0131rad\u0131\u015f\u0131 kalemlerinden Elena Garro&#8217;nun ba\u015fyap\u0131t\u0131 Gelece\u011fin An\u0131lar\u0131, Meksika Devrimi sonras\u0131ndaki toplumsal travmalar\u0131 \u015fiirsel bir dille, kolektif haf\u0131za \u00fczerinden ele alan k\u00fclt bir metin.Anlat\u0131s\u0131ndaki d\u00f6ng\u00fcsel zaman ge\u00e7i\u015fleri sayesinde ger\u00e7e\u011fi hayalle, korkuyu r\u00fcyayla kesi\u015ftiren bir d\u00fcnya yaratan yazar\u0131n bu \u00f6d\u00fcll\u00fc roman\u0131; zul\u00fcm ve inanc\u0131, tutku ve nefreti, birlik ve ihaneti, ge\u00e7mi\u015f ve gelece\u011fi, umut ve karamsarl\u0131\u011f\u0131 bir arada ya\u015fayan Ixtepec halk\u0131n\u0131n an\u0131lar\u0131na tan\u0131kl\u0131k etmemizi sa\u011fl\u0131yor.  \u0130hanetinin kefaretini \u00f6dercesine a\u015fk\u0131 u\u011fruna &#8221;ta\u015fla\u015fan&#8221; bir kad\u0131n\u0131n portresini de \u00e7izen kitap; arka plan\u0131nda 1910&#8217;lu y\u0131llar\u0131n toplumsal ikliminden keskin manzaralar sunarken bir yandan da Meksika kad\u0131nlar\u0131n\u0131n nas\u0131l basmakal\u0131p kimliklere, hatta kimliksizli\u011fe mahk\u00fbm edildi\u011fini g\u00f6zler \u00f6n\u00fcne seriyor.Bir sabah Devrim patlad\u0131 ve hepimiz i\u00e7in zaman\u0131n kap\u0131lar\u0131 a\u00e7\u0131ld\u0131.Da\u011f\u0131n ta\u015f\u0131n dili olup konu\u015fsa bir \u00fclkenin ve bir d\u00f6nemin yaralar\u0131na dair neler anlat\u0131r? Sava\u015flar\u0131n ve ya\u011fmalar\u0131n yorgunlu\u011fuyla uzun y\u0131llar oradan oraya savrulan Ixtepec kasabas\u0131nda, General Francisco Rosas ve askerlerinin y\u00f6netimi h\u00e2kim olur. Devrimin ard\u0131ndan siyasi d\u00fczen de\u011fi\u015fmi\u015f, ya\u015fanan toprak reformu sonras\u0131nda kasabal\u0131lar derin yoksullu\u011fa ve karamsarl\u0131\u011fa mahk\u00fbm edilmi\u015ftir. \u0130\u015fte b\u00f6ylesine karanl\u0131k bir d\u00f6neme\u00e7te kasabaya bir yabanc\u0131 gelir ve devran de\u011fi\u015fmeye ba\u015flar&#8230;Yabanc\u0131n\u0131n hi\u00e7 olmad\u0131k birine \u00e2\u015f\u0131k olmas\u0131 ve onunla Ixtepec&#8217;ten ka\u00e7mas\u0131 yak\u0131c\u0131 ve y\u0131k\u0131c\u0131 olaylar\u0131n da ate\u015fini k\u00f6r\u00fckler. Yeni d\u00fczenin din kar\u015f\u0131t\u0131 karar ve eylemleri halkta kar\u015f\u0131l\u0131k bulamay\u0131nca huzursuzluk ve isyan ka\u00e7\u0131n\u0131lmaz olur. Asker ve halk aras\u0131nda t\u0131rmanan gerilim, kasaban\u0131n se\u00e7kin ailelerinden Moncadalar\u0131n \u00e7ocuklar\u0131na kadar uzan\u0131r. Juan&#8217;\u0131n askerler taraf\u0131ndan katledilmesi, Nicol\u00e1s&#8217;\u0131n mahkemede yarg\u0131lan\u0131p idamla cezaland\u0131r\u0131lmas\u0131, Isabel&#8217;in ise General&#8217;e duydu\u011fu a\u015fk y\u00fcz\u00fcnden hem ailesi hem de ahali taraf\u0131ndan hain kabul edilip d\u0131\u015flanmas\u0131, ta\u015flar\u0131 yerinden oynat\u0131r.Karde\u015fi Nicol\u00e1s&#8217;\u0131 idamdan kurtaramayan Isabel, General&#8217;in kendisine verdi\u011fi s\u00f6z\u00fc tutmamas\u0131n\u0131n verdi\u011fi \u0131st\u0131rapla d\u00f6n\u00fc\u015f\u00fc olmayan bir karar\u0131n arifesindedir&#8230;Ta\u015fa d\u00f6nen Isabel&#8217;in \u00f6dedi\u011fi bedelle bu s\u0131cak topraklar\u0131n ortak haf\u0131zas\u0131na mum diken roman, zaman\u0131n girdab\u0131nda kaybolanlar\u0131n an\u0131lar\u0131n\u0131 tarihe kaz\u0131yarak \u00f6l\u00fcms\u00fczle\u015ftiriyor. Nobelli yazar ve \u015fair Octavio Paz&#8217;\u0131n, Elena Garro&#8217;ya &#8221;Sen benden daha yeteneklisin, yak onlar\u0131 l\u00fctfen\u2026&#8221; dedi\u011fi Gelece\u011fin An\u0131lar\u0131, alevlerin aras\u0131ndan kurtar\u0131lmasa az kals\u0131n g\u00fcn\u00fcm\u00fcz okurlar\u0131na ula\u015famayacak ve Latin Amerika edebiyat\u0131na izini b\u0131rakamayacakt\u0131.&#8221;Gelece\u011fin An\u0131lar\u0131 bana hep en s\u0131rad\u0131\u015f\u0131 romanlardan biri gibi gelmi\u015ftir.&#8221; Juan Rulfo<\/p>\n","protected":false},"excerpt":{"rendered":"<p>An\u0131lar girdab\u0131nda kaybolanlar\u00c7a\u011fda\u015f Latin Amerika edebiyat\u0131n\u0131n en etkileyici ve s\u0131rad\u0131\u015f\u0131 kalemlerinden Elena Garro&#8217;nun ba\u015fyap\u0131t\u0131 Gelece\u011fin An\u0131lar\u0131, Meksika Devrimi sonras\u0131ndaki toplumsal travmalar\u0131 \u015fiirsel bir dille, kolektif haf\u0131za<span class=\"excerpt-hellip\"> [\u2026]<\/span><\/p>\n","protected":false},"featured_media":0,"template":"","meta":{"_monsterinsights_skip_tracking":false,"_monsterinsights_sitenote_active":false,"_monsterinsights_sitenote_note":"","_monsterinsights_sitenote_category":0},"product_brand":[],"product_cat":[12291,12711],"product_tag":[],"class_list":{"0":"post-764442","1":"product","2":"type-product","3":"status-publish","5":"product_cat-edebiyat","6":"product_cat-roman-oyku","7":"pa_cilt-ciltsiz","8":"pa_tur-kitap","9":"pa_yayinevi-delidolu","10":"pa_yazar-elena-garro","12":"first","13":"instock","14":"sale","15":"shipping-taxable","16":"purchasable","17":"product-type-simple"},"_links":{"self":[{"href":"https:\/\/roveyayinevi.com.tr\/index.php\/wp-json\/wp\/v2\/product\/764442","targetHints":{"allow":["GET"]}}],"collection":[{"href":"https:\/\/roveyayinevi.com.tr\/index.php\/wp-json\/wp\/v2\/product"}],"about":[{"href":"https:\/\/roveyayinevi.com.tr\/index.php\/wp-json\/wp\/v2\/types\/product"}],"wp:attachment":[{"href":"https:\/\/roveyayinevi.com.tr\/index.php\/wp-json\/wp\/v2\/media?parent=764442"}],"wp:term":[{"taxonomy":"product_brand","embeddable":true,"href":"https:\/\/roveyayinevi.com.tr\/index.php\/wp-json\/wp\/v2\/product_brand?post=764442"},{"taxonomy":"product_cat","embeddable":true,"href":"https:\/\/roveyayinevi.com.tr\/index.php\/wp-json\/wp\/v2\/product_cat?post=764442"},{"taxonomy":"product_tag","embeddable":true,"href":"https:\/\/roveyayinevi.com.tr\/index.php\/wp-json\/wp\/v2\/product_tag?post=764442"}],"curies":[{"name":"wp","href":"https:\/\/api.w.org\/{rel}","templated":true}]}}