{"id":764436,"date":"2025-08-28T11:10:43","date_gmt":"2025-08-28T08:10:43","guid":{"rendered":"https:\/\/roveyayinevi.com.tr\/index.php\/urun\/yalan-soylemek-ve-aldatmak\/"},"modified":"2026-04-15T03:30:18","modified_gmt":"2026-04-15T00:30:18","slug":"yalan-soylemek-ve-aldatmak","status":"publish","type":"product","link":"https:\/\/roveyayinevi.com.tr\/index.php\/urun\/yalan-soylemek-ve-aldatmak\/","title":{"rendered":"Yalan S\u00f6ylemek ve Aldatmak"},"content":{"rendered":"<p>Yalan nedir?\u0130nsanlar neden yalan s\u00f6yler?Bir insanda ger\u00e7ekleri tahrip etme refleksinereden zuhur eder?   Pamuklara sar\u0131las\u0131 bu ciltte, bir grup psikanalistin bu \u00e7etrefilli insan sabitine farkl\u0131 ve\u00e7helerden geli\u015ftirdi\u011fi incelemeler bulunuyor. \u00c7ocuklar\u0131n yalan s\u00f6yleme kapasitesinin nas\u0131l olu\u015ftu\u011fu, bir ailenin \u00e7ocu\u011funun ahlaki geli\u015fimine nas\u0131l tesir etti\u011fi gibi konular\u0131n yan\u0131 s\u0131ra; yeti\u015fkinlerin ili\u015fkilerini istila etmi\u015f envai \u00e7e\u015fit aldatmacan\u0131n k\u00f6kenine, yalan\u0131n patolojik ve kriminal bir h\u00fcviyet kazand\u0131\u011f\u0131 arazilere kadar uzanan, zengin ve bol ufuklu bir \u00e7al\u0131\u015fma bu. Yalanla terapi odas\u0131nda, evinin salonunda yahut kafas\u0131n\u0131n i\u00e7inde g\u00fcre\u015fenlere&#8230;<\/p>\n","protected":false},"excerpt":{"rendered":"<p>Yalan nedir?\u0130nsanlar neden yalan s\u00f6yler?Bir insanda ger\u00e7ekleri tahrip etme refleksinereden zuhur eder? Pamuklara sar\u0131las\u0131 bu ciltte, bir grup psikanalistin bu \u00e7etrefilli insan sabitine farkl\u0131 ve\u00e7helerden geli\u015ftirdi\u011fi<span class=\"excerpt-hellip\"> [\u2026]<\/span><\/p>\n","protected":false},"featured_media":0,"template":"","meta":{"_monsterinsights_skip_tracking":false,"_monsterinsights_sitenote_active":false,"_monsterinsights_sitenote_note":"","_monsterinsights_sitenote_category":0},"product_brand":[],"product_cat":[20502,12357],"product_tag":[],"class_list":{"0":"post-764436","1":"product","2":"type-product","3":"status-publish","5":"product_cat-basvuru-kitaplari-psikoloji","6":"product_cat-psikoloji","7":"pa_cilt-ciltsiz","8":"pa_tur-kitap","9":"pa_yayinevi-okuyan-us-yayin","10":"pa_yazar-salman-akhtar-henri-parens","12":"first","13":"instock","14":"sale","15":"shipping-taxable","16":"purchasable","17":"product-type-simple"},"_links":{"self":[{"href":"https:\/\/roveyayinevi.com.tr\/index.php\/wp-json\/wp\/v2\/product\/764436","targetHints":{"allow":["GET"]}}],"collection":[{"href":"https:\/\/roveyayinevi.com.tr\/index.php\/wp-json\/wp\/v2\/product"}],"about":[{"href":"https:\/\/roveyayinevi.com.tr\/index.php\/wp-json\/wp\/v2\/types\/product"}],"wp:attachment":[{"href":"https:\/\/roveyayinevi.com.tr\/index.php\/wp-json\/wp\/v2\/media?parent=764436"}],"wp:term":[{"taxonomy":"product_brand","embeddable":true,"href":"https:\/\/roveyayinevi.com.tr\/index.php\/wp-json\/wp\/v2\/product_brand?post=764436"},{"taxonomy":"product_cat","embeddable":true,"href":"https:\/\/roveyayinevi.com.tr\/index.php\/wp-json\/wp\/v2\/product_cat?post=764436"},{"taxonomy":"product_tag","embeddable":true,"href":"https:\/\/roveyayinevi.com.tr\/index.php\/wp-json\/wp\/v2\/product_tag?post=764436"}],"curies":[{"name":"wp","href":"https:\/\/api.w.org\/{rel}","templated":true}]}}