{"id":764435,"date":"2025-08-28T11:10:40","date_gmt":"2025-08-28T08:10:40","guid":{"rendered":"https:\/\/roveyayinevi.com.tr\/index.php\/urun\/gule-gule-ogretmenim-siniftan-yukselen-sesler-4\/"},"modified":"2026-04-15T03:30:18","modified_gmt":"2026-04-15T00:30:18","slug":"gule-gule-ogretmenim-siniftan-yukselen-sesler-4","status":"publish","type":"product","link":"https:\/\/roveyayinevi.com.tr\/index.php\/urun\/gule-gule-ogretmenim-siniftan-yukselen-sesler-4\/","title":{"rendered":"G\u00fcle G\u00fcle \u00d6\u011fretmenim &#8211; S\u0131n\u0131ftan Y\u00fckselen Sesler 4"},"content":{"rendered":"<p>Bay Terupt&#8217;un be\u015finci s\u0131n\u0131f\u0131nda birbirine ba\u011flanan yedi arkada\u015f art\u0131k sekizinci s\u0131n\u0131ftalar. \u00c7ok sevdikleri \u00f6\u011fretmenleriyle iki haftada bir de olsa rehberlik dersinde bir araya gelmekten heyecan duyan \u00e7ocuklar, y\u0131l\u0131 m\u00fcmk\u00fcn oldu\u011funca unutulmaz k\u0131lmak i\u00e7in birbirlerine s\u00f6z verirler. Di\u011fer yandan hayat devam etmektedir, bazen ac\u0131 bazen tatl\u0131 ama kimsenin s\u00f6z\u00fcne bakmadan\u2026JEFFREY \u00fcst d\u00fczey g\u00fcre\u015f yapmak istiyor ama ne pahas\u0131na? Annesiyle ayn\u0131 kanser genini ta\u015f\u0131yabilece\u011finden endi\u015felenen ALEXIA test yapt\u0131r\u0131r ancak sonu\u00e7lara bakmaktan korkar. Yak\u0131nda evlenecek annesi taraf\u0131ndan ihmal edildi\u011fini d\u00fc\u015f\u00fcnen ve Jeffrey&#8217;nin umursamazl\u0131\u011f\u0131yla yaralanan ANNA duygular\u0131n\u0131 ne kadar bast\u0131rabilecektir? \u0130ni\u015fli \u00e7\u0131k\u0131\u015fl\u0131 devam eden \u015feker hastal\u0131\u011f\u0131 DANIELLE&#8217;\u0131n hayat\u0131n\u0131 yeterince zorla\u015f- t\u0131rmaktad\u0131r ancak Luke&#8217;la filizlenen a\u015fk\u0131 m\u0131d\u0131r as\u0131l zor olan? LUKE karma\u015f\u0131k \u00f6devlerle u\u011fra\u015fmaktad\u0131r ama \u00f6devlerin hi\u00e7biri Danielle&#8217;a ondan ho\u015fland\u0131\u011f\u0131n\u0131 belli etmekten daha karma\u015f\u0131k de\u011fildir. Babas\u0131n\u0131n d\u00f6n\u00fc\u015f\u00fc konusunda endi\u015feler ta\u015f\u0131yan JESSICA t\u00fcm y\u00fcre\u011fini \u015fiir yazmaya adar. Bu arada Bay Terupt&#8217;\u0131n ihanetine u\u011frad\u0131klar\u0131n\u0131 d\u00fc\u015f\u00fcnen PETER \u00f6fkesini yenebilec ek midir?Rob Bueya G\u00fcle G\u00fcle \u00d6\u011fretmenim&#8217;de yine hayattan kesitler sunuyor; zorluklar\u0131, karma\u015fay\u0131, vedalar\u0131 anlat\u0131yor, hayatla nas\u0131l ba\u015f edebilece\u011fimizi de! Dostluk, yard\u0131mla\u015fma ve tabii ki sevgiyle.<\/p>\n","protected":false},"excerpt":{"rendered":"<p>Bay Terupt&#8217;un be\u015finci s\u0131n\u0131f\u0131nda birbirine ba\u011flanan yedi arkada\u015f art\u0131k sekizinci s\u0131n\u0131ftalar. \u00c7ok sevdikleri \u00f6\u011fretmenleriyle iki haftada bir de olsa rehberlik dersinde bir araya gelmekten heyecan duyan<span class=\"excerpt-hellip\"> [\u2026]<\/span><\/p>\n","protected":false},"featured_media":0,"template":"","meta":{"_monsterinsights_skip_tracking":false,"_monsterinsights_sitenote_active":false,"_monsterinsights_sitenote_note":"","_monsterinsights_sitenote_category":0},"product_brand":[],"product_cat":[12291,12711],"product_tag":[],"class_list":{"0":"post-764435","1":"product","2":"type-product","3":"status-publish","5":"product_cat-edebiyat","6":"product_cat-roman-oyku","7":"pa_cilt-ciltsiz","8":"pa_tur-kitap","9":"pa_yayinevi-altin-kitaplar","10":"pa_yazar-rob-buyea","12":"first","13":"instock","14":"sale","15":"shipping-taxable","16":"purchasable","17":"product-type-simple"},"_links":{"self":[{"href":"https:\/\/roveyayinevi.com.tr\/index.php\/wp-json\/wp\/v2\/product\/764435","targetHints":{"allow":["GET"]}}],"collection":[{"href":"https:\/\/roveyayinevi.com.tr\/index.php\/wp-json\/wp\/v2\/product"}],"about":[{"href":"https:\/\/roveyayinevi.com.tr\/index.php\/wp-json\/wp\/v2\/types\/product"}],"wp:attachment":[{"href":"https:\/\/roveyayinevi.com.tr\/index.php\/wp-json\/wp\/v2\/media?parent=764435"}],"wp:term":[{"taxonomy":"product_brand","embeddable":true,"href":"https:\/\/roveyayinevi.com.tr\/index.php\/wp-json\/wp\/v2\/product_brand?post=764435"},{"taxonomy":"product_cat","embeddable":true,"href":"https:\/\/roveyayinevi.com.tr\/index.php\/wp-json\/wp\/v2\/product_cat?post=764435"},{"taxonomy":"product_tag","embeddable":true,"href":"https:\/\/roveyayinevi.com.tr\/index.php\/wp-json\/wp\/v2\/product_tag?post=764435"}],"curies":[{"name":"wp","href":"https:\/\/api.w.org\/{rel}","templated":true}]}}