{"id":764433,"date":"2025-08-28T11:10:36","date_gmt":"2025-08-28T08:10:36","guid":{"rendered":"https:\/\/roveyayinevi.com.tr\/index.php\/urun\/sonsuzlugun-portresi\/"},"modified":"2025-11-21T10:53:12","modified_gmt":"2025-11-21T07:53:12","slug":"sonsuzlugun-portresi","status":"publish","type":"product","link":"https:\/\/roveyayinevi.com.tr\/index.php\/urun\/sonsuzlugun-portresi\/","title":{"rendered":"Sonsuzlu\u011fun Portresi"},"content":{"rendered":"<p>Bu kitap ne yaln\u0131zca Spinoza ne de yaln\u0131zca resim sanat\u0131 hakk\u0131ndad\u0131r. Ama ikisinin ortas\u0131nda bir yerlerde bir gezgin-ozan u\u00e7ar\u0131l\u0131\u011f\u0131yla dola\u015farak, felsefenin resmini konu\u015fturur ve resmin felsefesini \u00e7izer. Spinoza bize fikirlerin dilsiz suretler de\u011fil, sonsuz b\u00fct\u00fcn\u00fcn t\u00fcketilemez g\u00fcc\u00fcn\u00fcn ve bilgisinin aktif ifadeleri oldu\u011funu s\u00f6ylemi\u015fti. Peki ya resim sanat\u0131 nedir? Onun sonsuzla ba\u011f\u0131 nereden yakalanabilir, \u00f6znesiz bir i\u00e7kinlik d\u00fc\u015f\u00fcncesiyle yak\u0131nl\u0131\u011f\u0131 nas\u0131l kavranabilir? Spinoza\u2019n\u0131n soludu\u011fu havan\u0131n renklerine, yani 17. y\u00fczy\u0131l Hollanda resmine odaklanarak Akal\u2019\u0131n pe\u015fine d\u00fc\u015ft\u00fc\u011f\u00fc sorular bunlard\u0131r. Burada art\u0131k Y\u00fcce\u2019nin, G\u00fczel\u2019in, A\u015fk\u0131n\u2019\u0131n bir h\u00fckm\u00fc kalmaz. D\u00f6nemin Hollanda resminin vazge\u00e7ilmez temas\u0131 olan g\u00fcndelik ya\u015fam\u0131n s\u0131radanl\u0131\u011f\u0131 t\u00fcrl\u00fc g\u00f6r\u00fcn\u00fcmleriyle, \u00e7ocuklar\u0131n kafalar\u0131ndan ay\u0131klanan bitlerle, ortal\u0131kta dola\u015fan kedi ve k\u00f6peklerle, diki\u015f dikenlerle, uyuklayan n\u00f6bet\u00e7ilerle, de\u015filen kadavralarla, s\u0131r\u0131tan ayya\u015flarla, di\u015f a\u011fr\u0131s\u0131ndan k\u0131vrananlarla, \u00fcz\u00fcm satanlarla arz\u0131 endam eder. Yazar, ge\u00e7it t\u00f6renlerinin tek s\u0131ras\u0131ndan bihaber bu tekillikler c\u00fcmb\u00fc\u015f\u00fcne yaln\u0131zca Rembrandt ve Vermeer\u2019\u0131 de\u011fil 17. y\u00fczy\u0131l Hollanda resminin kad\u0131n ressamlar\u0131n\u0131 da, Spinoza portrelerinin Calvino ve Borges \u00f6yk\u00fclerini hat\u0131rlatan ser\u00fcvenini de, De Stijl okulundan romantiklere ve ger\u00e7ek\u00fcst\u00fcc\u00fclere uzanan t\u00fcrl\u00fc Spinozac\u0131 sanat\u00e7\u0131y\u0131 da katarak anlat\u0131lmaya de\u011fer tek \u015feyi, yani ya\u015fam\u0131 anlat\u0131r. Akal\u2019\u0131n s\u00f6zc\u00fckleriyle: Bu metin felsefe ve resim sanat\u0131 \u00fczerine de\u011fil, bir \u015fim\u015fek an\u0131 kadar k\u0131sa bir s\u00fcre i\u00e7inde kal\u0131rken i\u00e7imize \u00e7ekti\u011fimiz ve ne oldu\u011funu sezmeye \u00e7al\u0131\u015ft\u0131\u011f\u0131m\u0131z hayata ve \u00e7o\u011funlukla onun hasm\u0131 olan Yasa\u2019ya ili\u015fkindir. <\/p>\n","protected":false},"excerpt":{"rendered":"<p>Bu kitap ne yaln\u0131zca Spinoza ne de yaln\u0131zca resim sanat\u0131 hakk\u0131ndad\u0131r. Ama ikisinin ortas\u0131nda bir yerlerde bir gezgin-ozan u\u00e7ar\u0131l\u0131\u011f\u0131yla dola\u015farak, felsefenin resmini konu\u015fturur ve resmin felsefesini<span class=\"excerpt-hellip\"> [\u2026]<\/span><\/p>\n","protected":false},"featured_media":0,"template":"","meta":{"_monsterinsights_skip_tracking":false,"_monsterinsights_sitenote_active":false,"_monsterinsights_sitenote_note":"","_monsterinsights_sitenote_category":0},"product_brand":[],"product_cat":[12408,14197],"product_tag":[],"class_list":{"0":"post-764433","1":"product","2":"type-product","3":"status-publish","5":"product_cat-sanat","6":"product_cat-sanat-tarihi","7":"pa_cilt-ciltsiz","8":"pa_tur-kitap","9":"pa_yayinevi-zoe-kitap","10":"pa_yazar-cemal-bali-akal","12":"first","13":"instock","14":"sale","15":"shipping-taxable","16":"purchasable","17":"product-type-simple"},"_links":{"self":[{"href":"https:\/\/roveyayinevi.com.tr\/index.php\/wp-json\/wp\/v2\/product\/764433","targetHints":{"allow":["GET"]}}],"collection":[{"href":"https:\/\/roveyayinevi.com.tr\/index.php\/wp-json\/wp\/v2\/product"}],"about":[{"href":"https:\/\/roveyayinevi.com.tr\/index.php\/wp-json\/wp\/v2\/types\/product"}],"wp:attachment":[{"href":"https:\/\/roveyayinevi.com.tr\/index.php\/wp-json\/wp\/v2\/media?parent=764433"}],"wp:term":[{"taxonomy":"product_brand","embeddable":true,"href":"https:\/\/roveyayinevi.com.tr\/index.php\/wp-json\/wp\/v2\/product_brand?post=764433"},{"taxonomy":"product_cat","embeddable":true,"href":"https:\/\/roveyayinevi.com.tr\/index.php\/wp-json\/wp\/v2\/product_cat?post=764433"},{"taxonomy":"product_tag","embeddable":true,"href":"https:\/\/roveyayinevi.com.tr\/index.php\/wp-json\/wp\/v2\/product_tag?post=764433"}],"curies":[{"name":"wp","href":"https:\/\/api.w.org\/{rel}","templated":true}]}}