{"id":764430,"date":"2025-08-28T11:10:32","date_gmt":"2025-08-28T08:10:32","guid":{"rendered":"https:\/\/roveyayinevi.com.tr\/index.php\/urun\/sumer-ve-sumerler\/"},"modified":"2026-04-15T03:30:18","modified_gmt":"2026-04-15T00:30:18","slug":"sumer-ve-sumerler","status":"publish","type":"product","link":"https:\/\/roveyayinevi.com.tr\/index.php\/urun\/sumer-ve-sumerler\/","title":{"rendered":"S\u00fcmer ve S\u00fcmerler"},"content":{"rendered":"<p>Mezopotamya, okuryazar, kentli bir k\u00fclt\u00fcr\u00fc ve son derece geli\u015fmi\u015f siyasi kurumlar\u0131 olan eski uygarl\u0131klar\u0131n en iyi bilinenlerinden birini yaratt\u0131. Bir Klasik haline gelen eseri S\u00fcmer ve S\u00fcmerler\u2019de Harriet Crawford, M\u00d6 3800\u2019den 2000\u2019e kadar b\u00f6lgede ger\u00e7ekle\u015fen s\u0131ra d\u0131\u015f\u0131 toplumsal ve teknolojik geli\u015fmeleri anlatmaktad\u0131r. En g\u00fcncel tarihi ve arkeolojik kaynaklar\u0131n \u0131\u015f\u0131\u011f\u0131nda, bu antik uygarl\u0131\u011f\u0131 her y\u00f6n\u00fcyle ara\u015ft\u0131rarak fiziksel ve tarihsel arka plan\u0131n\u0131, de\u011fi\u015fen yerle\u015fim bi\u00e7imlerini, \u00fcretim alanlar\u0131 ile ticarete ili\u015fkin bulgular\u0131, kamu ve \u00f6zel ama\u00e7l\u0131 mimarisini ve d\u00f6nemin k\u00fclt\u00fcrel geli\u015fmelerini inceleyen Crawford, Yukar\u0131 Mezopotamya\u2019da ya\u015fanan \u00e7a\u011fda\u015f geli\u015fmeler ile \u0130kinci K\u00f6rfez Sava\u015f\u0131 sonras\u0131nda Irak\u2019\u0131n miras\u0131n\u0131n gelece\u011fine ili\u015fkin d\u00fc\u015f\u00fcncelere de yer vermektedir.   HARRIET CRAWFORS Londra \u00dcniversitesi, Arkeoloji Enstit\u00fcs\u00fc\u2019nde Fahri Konuk Profes\u00f6r ve Cambridge McDonald Enstit\u00fcs\u00fc\u2019nde ara\u015ft\u0131rmac\u0131d\u0131r. Irak\u2019ta ve K\u00f6rfez\u2019de kapsaml\u0131 kaz\u0131lar yapm\u0131\u015ft\u0131r. Daha \u00f6nceki yay\u0131nlar\u0131 aras\u0131nda M\u00d6 3.Biny\u0131lda Irak Mimarisi (1977) ile Dilmun ve K\u00f6rfez\u2019deki Kom\u015fular\u0131 (Cambridge University Press, 1998) say\u0131labilir. <\/p>\n","protected":false},"excerpt":{"rendered":"<p>Mezopotamya, okuryazar, kentli bir k\u00fclt\u00fcr\u00fc ve son derece geli\u015fmi\u015f siyasi kurumlar\u0131 olan eski uygarl\u0131klar\u0131n en iyi bilinenlerinden birini yaratt\u0131. Bir Klasik haline gelen eseri S\u00fcmer ve<span class=\"excerpt-hellip\"> [\u2026]<\/span><\/p>\n","protected":false},"featured_media":0,"template":"","meta":{"_monsterinsights_skip_tracking":false,"_monsterinsights_sitenote_active":false,"_monsterinsights_sitenote_note":"","_monsterinsights_sitenote_category":0},"product_brand":[],"product_cat":[12312,12304],"product_tag":[],"class_list":{"0":"post-764430","1":"product","2":"type-product","3":"status-publish","5":"product_cat-diger","6":"product_cat-tarih","7":"pa_cilt-ciltsiz","8":"pa_tur-kitap","9":"pa_yayinevi-akil-celen-kitaplar","10":"pa_yazar-harriet-crawford","12":"first","13":"instock","14":"sale","15":"shipping-taxable","16":"purchasable","17":"product-type-simple"},"_links":{"self":[{"href":"https:\/\/roveyayinevi.com.tr\/index.php\/wp-json\/wp\/v2\/product\/764430","targetHints":{"allow":["GET"]}}],"collection":[{"href":"https:\/\/roveyayinevi.com.tr\/index.php\/wp-json\/wp\/v2\/product"}],"about":[{"href":"https:\/\/roveyayinevi.com.tr\/index.php\/wp-json\/wp\/v2\/types\/product"}],"wp:attachment":[{"href":"https:\/\/roveyayinevi.com.tr\/index.php\/wp-json\/wp\/v2\/media?parent=764430"}],"wp:term":[{"taxonomy":"product_brand","embeddable":true,"href":"https:\/\/roveyayinevi.com.tr\/index.php\/wp-json\/wp\/v2\/product_brand?post=764430"},{"taxonomy":"product_cat","embeddable":true,"href":"https:\/\/roveyayinevi.com.tr\/index.php\/wp-json\/wp\/v2\/product_cat?post=764430"},{"taxonomy":"product_tag","embeddable":true,"href":"https:\/\/roveyayinevi.com.tr\/index.php\/wp-json\/wp\/v2\/product_tag?post=764430"}],"curies":[{"name":"wp","href":"https:\/\/api.w.org\/{rel}","templated":true}]}}