{"id":764421,"date":"2025-08-28T11:10:08","date_gmt":"2025-08-28T08:10:08","guid":{"rendered":"https:\/\/roveyayinevi.com.tr\/index.php\/urun\/haydi-konusalim-biz-kimiz\/"},"modified":"2026-04-15T03:30:17","modified_gmt":"2026-04-15T00:30:17","slug":"haydi-konusalim-biz-kimiz","status":"publish","type":"product","link":"https:\/\/roveyayinevi.com.tr\/index.php\/urun\/haydi-konusalim-biz-kimiz\/","title":{"rendered":"Haydi Konu\u015fal\u0131m &#8211; Biz Kimiz?"},"content":{"rendered":"<p>\u00c7ocuklar her \u015feyi merak ederler. Sorular sormak, kendilerini ve d\u00fcnyay\u0131 tan\u0131mak i\u00e7in ba\u015fvurduklar\u0131 pek \u00e7ok y\u00f6ntemden biridir. Haydi Konu\u015fal\u0131m serisi; \u00e7ocuklar\u0131n sorular\u0131na do\u011fru, ya\u015fa uygun ve kolay anla\u015f\u0131l\u0131r yan\u0131tlar verebilmeleri i\u00e7in yeti\u015fkinlere rehber oluyor. Uzmanlar taraf\u0131ndan \u00f6zenle haz\u0131rlanan i\u00e7eri\u011fe e\u015flik eden sade ve i\u015flevsel \u00e7izimlerle karakterler aras\u0131ndaki diyaloglar, okurun konuyu kolayca kavramas\u0131n\u0131 sa\u011fl\u0131yor. Sa\u011fl\u0131kl\u0131 beslenme ve sa\u011fl\u0131kl\u0131 ya\u015fam giderek daha zor bir hale geliyor. Sa\u011fl\u0131kl\u0131 beslenme bilinci ve k\u00fclt\u00fcr\u00fcn\u00fc \u00e7ocuk ya\u015flarda kazanmak ise b\u00fcy\u00fck \u00f6nem ta\u015f\u0131yor. Bunun yan\u0131 s\u0131ra \u00e7ocuklar, do\u011fum g\u00fcn\u00fc partilerinde, arkada\u015f ziyaretlerinde vegan, vejetaryen, gluteniz beslenme veya alerji ve hassasiyetler nedeniyle geli\u015fen farkl\u0131 beslenme \u015fekillerini tecr\u00fcbe ediyorlar. Elinizdeki kitap, \u00e7e\u015fitlilikleri kapsayarak \u00e7ocu\u011fun sa\u011fl\u0131kl\u0131 beslenmenin ve sa\u011fl\u0131kl\u0131 ya\u015fam\u0131n ne oldu\u011funa dair bir d\u00fc\u015f\u00fcnce olu\u015fturmas\u0131na yard\u0131mc\u0131 oluyor. Dr. Nil\u00fcfer Devecigil <\/p>\n","protected":false},"excerpt":{"rendered":"<p>\u00c7ocuklar her \u015feyi merak ederler. Sorular sormak, kendilerini ve d\u00fcnyay\u0131 tan\u0131mak i\u00e7in ba\u015fvurduklar\u0131 pek \u00e7ok y\u00f6ntemden biridir. Haydi Konu\u015fal\u0131m serisi; \u00e7ocuklar\u0131n sorular\u0131na do\u011fru, ya\u015fa uygun ve<span class=\"excerpt-hellip\"> [\u2026]<\/span><\/p>\n","protected":false},"featured_media":0,"template":"","meta":{"_monsterinsights_skip_tracking":false,"_monsterinsights_sitenote_active":false,"_monsterinsights_sitenote_note":"","_monsterinsights_sitenote_category":0},"product_brand":[],"product_cat":[12274,15842],"product_tag":[],"class_list":{"0":"post-764421","1":"product","2":"type-product","3":"status-publish","5":"product_cat-cocuk-ve-genclik-kitaplari","6":"product_cat-egitici-kitaplar","7":"pa_cilt-ciltsiz","8":"pa_tur-kitap","9":"pa_yayinevi-dogan-cocuk","10":"pa_yazar-robie-h-harris","12":"first","13":"instock","14":"sale","15":"shipping-taxable","16":"purchasable","17":"product-type-simple"},"_links":{"self":[{"href":"https:\/\/roveyayinevi.com.tr\/index.php\/wp-json\/wp\/v2\/product\/764421","targetHints":{"allow":["GET"]}}],"collection":[{"href":"https:\/\/roveyayinevi.com.tr\/index.php\/wp-json\/wp\/v2\/product"}],"about":[{"href":"https:\/\/roveyayinevi.com.tr\/index.php\/wp-json\/wp\/v2\/types\/product"}],"wp:attachment":[{"href":"https:\/\/roveyayinevi.com.tr\/index.php\/wp-json\/wp\/v2\/media?parent=764421"}],"wp:term":[{"taxonomy":"product_brand","embeddable":true,"href":"https:\/\/roveyayinevi.com.tr\/index.php\/wp-json\/wp\/v2\/product_brand?post=764421"},{"taxonomy":"product_cat","embeddable":true,"href":"https:\/\/roveyayinevi.com.tr\/index.php\/wp-json\/wp\/v2\/product_cat?post=764421"},{"taxonomy":"product_tag","embeddable":true,"href":"https:\/\/roveyayinevi.com.tr\/index.php\/wp-json\/wp\/v2\/product_tag?post=764421"}],"curies":[{"name":"wp","href":"https:\/\/api.w.org\/{rel}","templated":true}]}}