{"id":764417,"date":"2025-08-28T11:10:00","date_gmt":"2025-08-28T08:10:00","guid":{"rendered":"https:\/\/roveyayinevi.com.tr\/index.php\/urun\/perg-efsaneleri-2-merderanin-sirri\/"},"modified":"2026-04-15T03:30:17","modified_gmt":"2026-04-15T00:30:17","slug":"perg-efsaneleri-2-merderanin-sirri","status":"publish","type":"product","link":"https:\/\/roveyayinevi.com.tr\/index.php\/urun\/perg-efsaneleri-2-merderanin-sirri\/","title":{"rendered":"Perg Efsaneleri 2 \u2013 Merderan\u2019\u0131n S\u0131rr\u0131"},"content":{"rendered":"<p>&#8220;Ac\u0131 her zaman i\u00e7in korkun\u00e7tu. Onu dayan\u0131l\u0131r k\u0131lan tek \u015fey, zamanla ge\u00e7ece\u011fini bilmekti.&#8221; Korkun\u00e7 bir canavar, s\u0131radan bir insan ve d\u0131\u015flanm\u0131\u015f bir prom&#8230; Leofold, Guorin ve Nume\u2026 \u00d6te Diyarlarda korsanlar\u0131n pe\u015fine d\u00fc\u015f\u00fcp, korkun\u00e7 yarat\u0131klarla sava\u015f\u0131p, \u00f6l\u00fcmc\u00fcl tuzaklardan ge\u00e7ip Tanr\u0131 Tshermon\u2019u yendikten sonra Perg\u2019e d\u00f6nmeye karar veriyorlar. Ancak d\u00f6nd\u00fcklerinde onlar\u0131 b\u00fcy\u00fck bir s\u00fcrpriz bekliyor. Gizemli bir kad\u0131n\u0131n e\u015fli\u011finde zorlu bir yolculu\u011fa \u00e7\u0131k\u0131yorlar. Bu kez Perg\u2019in kar\u015f\u0131 kar\u015f\u0131ya oldu\u011fu d\u00fc\u015fman i\u00e7lerinde ve bu, daha amans\u0131z bir m\u00fccadele demek. Perg Efsaneleri serisinin ikinci kitab\u0131, hayal g\u00fcc\u00fcn\u00fc zorlayan; \u00f6n yarg\u0131lar, entrikalar, fedak\u00e2rl\u0131k, a\u015fk ve ac\u0131 \u00fczerine soluk kesen bir macera anlat\u0131yor. <\/p>\n","protected":false},"excerpt":{"rendered":"<p>&#8220;Ac\u0131 her zaman i\u00e7in korkun\u00e7tu. Onu dayan\u0131l\u0131r k\u0131lan tek \u015fey, zamanla ge\u00e7ece\u011fini bilmekti.&#8221; Korkun\u00e7 bir canavar, s\u0131radan bir insan ve d\u0131\u015flanm\u0131\u015f bir prom&#8230; Leofold, Guorin ve<span class=\"excerpt-hellip\"> [\u2026]<\/span><\/p>\n","protected":false},"featured_media":0,"template":"","meta":{"_monsterinsights_skip_tracking":false,"_monsterinsights_sitenote_active":false,"_monsterinsights_sitenote_note":"","_monsterinsights_sitenote_category":0},"product_brand":[],"product_cat":[12291,14777],"product_tag":[],"class_list":{"0":"post-764417","1":"product","2":"type-product","3":"status-publish","5":"product_cat-edebiyat","6":"product_cat-fantastik","7":"pa_cilt-ciltsiz","8":"pa_tur-kitap","9":"pa_yayinevi-x-libris","10":"pa_yazar-baris-mustecaplioglu","12":"first","13":"instock","14":"sale","15":"shipping-taxable","16":"purchasable","17":"product-type-simple"},"_links":{"self":[{"href":"https:\/\/roveyayinevi.com.tr\/index.php\/wp-json\/wp\/v2\/product\/764417","targetHints":{"allow":["GET"]}}],"collection":[{"href":"https:\/\/roveyayinevi.com.tr\/index.php\/wp-json\/wp\/v2\/product"}],"about":[{"href":"https:\/\/roveyayinevi.com.tr\/index.php\/wp-json\/wp\/v2\/types\/product"}],"wp:attachment":[{"href":"https:\/\/roveyayinevi.com.tr\/index.php\/wp-json\/wp\/v2\/media?parent=764417"}],"wp:term":[{"taxonomy":"product_brand","embeddable":true,"href":"https:\/\/roveyayinevi.com.tr\/index.php\/wp-json\/wp\/v2\/product_brand?post=764417"},{"taxonomy":"product_cat","embeddable":true,"href":"https:\/\/roveyayinevi.com.tr\/index.php\/wp-json\/wp\/v2\/product_cat?post=764417"},{"taxonomy":"product_tag","embeddable":true,"href":"https:\/\/roveyayinevi.com.tr\/index.php\/wp-json\/wp\/v2\/product_tag?post=764417"}],"curies":[{"name":"wp","href":"https:\/\/api.w.org\/{rel}","templated":true}]}}