{"id":764416,"date":"2025-08-28T11:09:58","date_gmt":"2025-08-28T08:09:58","guid":{"rendered":"https:\/\/roveyayinevi.com.tr\/index.php\/urun\/perg-efsaneleri-1-korkak-ve-canavar\/"},"modified":"2026-04-15T03:30:17","modified_gmt":"2026-04-15T00:30:17","slug":"perg-efsaneleri-1-korkak-ve-canavar","status":"publish","type":"product","link":"https:\/\/roveyayinevi.com.tr\/index.php\/urun\/perg-efsaneleri-1-korkak-ve-canavar\/","title":{"rendered":"Perg Efsaneleri 1- Korkak ve Canavar"},"content":{"rendered":"<p>Herkesin i\u00e7inde iyi ve k\u00f6t\u00fc canavarlar vard\u0131r. Peki siz bu canavarlardan hangisini besleyeceksiniz?   Herkesin hayran oldu\u011fu cesur bir \u015f\u00f6valyeyken korkun\u00e7 bir canavara d\u00f6n\u00fc\u015fen Leofold ve tehlikeden uzak durmak i\u00e7in her \u015feyi yapmaya haz\u0131r, korkak Guorin Perg\u2019in karanl\u0131k ormanlar\u0131nda kar\u015f\u0131la\u015ft\u0131klar\u0131nda onlar\u0131 nas\u0131l bir maceran\u0131n bekledi\u011finden habersizdi. B\u00fcy\u00fcc\u00fc Geryan\u2019\u0131n, Perg\u2019i tehdit eden karanl\u0131k g\u00fc\u00e7leri durdurmak i\u00e7in onlar\u0131n yard\u0131m\u0131na ihtiyac\u0131 vard\u0131. Perg\u2019e sald\u0131ran Sava\u015f Tanr\u0131s\u0131 Tshermon\u2019u bulup yok etmek i\u00e7in \u00d6te Diyarlara ge\u00e7meleri, korkun\u00e7 yarat\u0131klarla sava\u015fmalar\u0131, lanetli tuzaklar\u0131 atlatmalar\u0131 gerekiyordu. Aralar\u0131ndaki dostluk, g\u00f6n\u00fcls\u00fczce girdikleri bu \u00f6l\u00fcm-kal\u0131m m\u00fccadelesine devam etmek i\u00e7in umutlar\u0131n\u0131 ayakta tutan tek \u015feydi.   Perg Efsaneleri serisinin bu ilk kitab\u0131nda, muhte\u015fem bir fantastik d\u00fcnyada, tekinsiz kahramanlarla birlikte unutulmaz bir yolculu\u011fa \u00e7\u0131kmaya haz\u0131rlan\u0131n! <\/p>\n","protected":false},"excerpt":{"rendered":"<p>Herkesin i\u00e7inde iyi ve k\u00f6t\u00fc canavarlar vard\u0131r. Peki siz bu canavarlardan hangisini besleyeceksiniz? Herkesin hayran oldu\u011fu cesur bir \u015f\u00f6valyeyken korkun\u00e7 bir canavara d\u00f6n\u00fc\u015fen Leofold ve tehlikeden<span class=\"excerpt-hellip\"> [\u2026]<\/span><\/p>\n","protected":false},"featured_media":0,"template":"","meta":{"_monsterinsights_skip_tracking":false,"_monsterinsights_sitenote_active":false,"_monsterinsights_sitenote_note":"","_monsterinsights_sitenote_category":0},"product_brand":[],"product_cat":[12291,14777],"product_tag":[],"class_list":{"0":"post-764416","1":"product","2":"type-product","3":"status-publish","5":"product_cat-edebiyat","6":"product_cat-fantastik","7":"pa_cilt-ciltsiz","8":"pa_tur-kitap","9":"pa_yayinevi-x-libris","10":"pa_yazar-baris-mustecaplioglu","12":"first","13":"instock","14":"sale","15":"shipping-taxable","16":"purchasable","17":"product-type-simple"},"_links":{"self":[{"href":"https:\/\/roveyayinevi.com.tr\/index.php\/wp-json\/wp\/v2\/product\/764416","targetHints":{"allow":["GET"]}}],"collection":[{"href":"https:\/\/roveyayinevi.com.tr\/index.php\/wp-json\/wp\/v2\/product"}],"about":[{"href":"https:\/\/roveyayinevi.com.tr\/index.php\/wp-json\/wp\/v2\/types\/product"}],"wp:attachment":[{"href":"https:\/\/roveyayinevi.com.tr\/index.php\/wp-json\/wp\/v2\/media?parent=764416"}],"wp:term":[{"taxonomy":"product_brand","embeddable":true,"href":"https:\/\/roveyayinevi.com.tr\/index.php\/wp-json\/wp\/v2\/product_brand?post=764416"},{"taxonomy":"product_cat","embeddable":true,"href":"https:\/\/roveyayinevi.com.tr\/index.php\/wp-json\/wp\/v2\/product_cat?post=764416"},{"taxonomy":"product_tag","embeddable":true,"href":"https:\/\/roveyayinevi.com.tr\/index.php\/wp-json\/wp\/v2\/product_tag?post=764416"}],"curies":[{"name":"wp","href":"https:\/\/api.w.org\/{rel}","templated":true}]}}