{"id":764412,"date":"2025-08-28T11:09:49","date_gmt":"2025-08-28T08:09:49","guid":{"rendered":"https:\/\/roveyayinevi.com.tr\/index.php\/urun\/bedenin-simyasi\/"},"modified":"2026-04-15T03:30:17","modified_gmt":"2026-04-15T00:30:17","slug":"bedenin-simyasi","status":"publish","type":"product","link":"https:\/\/roveyayinevi.com.tr\/index.php\/urun\/bedenin-simyasi\/","title":{"rendered":"Bedenin Simyas\u0131"},"content":{"rendered":"<p>\u0130nsan bedeni g\u00fc\u00e7l\u00fc bir simyac\u0131&#8230; Bozulan\u0131 d\u00fczeltiyor, toksik maddeleri bedenden uzakla\u015ft\u0131r\u0131yor ya da d\u00f6n\u00fc\u015ft\u00fcr\u00fcyor, biyoyararlan\u0131m dinamiklerini de\u011fi\u015ftirerek \u201caz\u0131 \u00e7ok ediyor\u201d, eskiyeni yeniliyor ve biz nefes ald\u0131\u011f\u0131m\u0131z s\u00fcrece onar\u0131yor, onar\u0131yor, onar\u0131yor&#8230;   Epigenetik diye de bir \u015fey var, yani geneti\u011fimizin \u201c\u00fczerine\u201d \u00e7\u0131kabilme potansiyelimiz&#8230; Bedenimizde gen d\u00fczeyinde \u00f6yle de\u011fi\u015fiklikler yap\u0131l\u0131yor ki genetik potansiyelimize \u201ch\u00fckmedebiliyoruz\u201d, bu epigenetik de\u011fi\u015fikliklerle baz\u0131 genlerimizi \u201ckilitleyebiliyor\u201d, baz\u0131lar\u0131n\u0131 ise \u201ca\u00e7abiliyoruz\u201d&#8230; \u0130htiya\u00e7 olu\u015fturdu\u011fumuz alanlarda bedenimizi ve zihnimizi geli\u015ftirebiliyorken, k\u00f6reltti\u011fimiz alanlarda \u201cpaslan\u0131yoruz\u201d&#8230;   Bedenimiz hasta olmamaya, hatta ya\u015flanmamaya programl\u0131. Eskiyen, y\u0131pranan ve art\u0131k i\u015f g\u00f6rmeyen h\u00fccrelerimiz muhte\u015fem mekanizmalar sayesinde yenisi yap\u0131lmak \u00fczere \u00f6l\u00fcme g\u00f6nderiliyor. Bedenimiz ortalama bir y\u0131lda t\u00fcm h\u00fccre ve dokular\u0131n\u0131 yenileme kapasitesine sahip ve biz bu yenilenme d\u00f6ng\u00fcs\u00fcn\u00fc ak\u0131ll\u0131 ad\u0131mlarla desteklersek, seneye ruhumuzu yepyeni bir bedende misafir edebiliyoruz&#8230;   Her bir h\u00fccremizde tek tek, b\u00fct\u00fcn genetik \u015fifremizi ta\u015f\u0131yan ve a\u00e7\u0131ld\u0131\u011f\u0131nda kilometreleri bulan uzunlukta olan DNA\u2019lar\u0131m\u0131z\u0131n sadece y\u00fczde 4\u2019\u00fc genetik bilgiyi ta\u015f\u0131yor, kalan y\u00fczde 96\u2019s\u0131n\u0131n i\u015flevinin ne oldu\u011fu halen gizemini koruyor ve bu b\u00f6l\u00fcme d\u00fcnyada \u201cjunk DNA \/ \u00e7\u00f6p DNA\u201d deniyor. Her zerresi muhte\u015fem ince dinamiklerle dengelenmi\u015f insan bedeninde hi\u00e7bir zerrenin \u201c\u00e7\u00f6p\u201d olamayaca\u011f\u0131n\u0131 belirten Dr. Elif G\u00fcvelo\u011flu, bu b\u00f6lgelerin insan genlerindeki sonsuz \u201cyedek potansiyel\u201d oldu\u011funu d\u00fc\u015f\u00fcn\u00fcyor ve bu s\u0131rl\u0131 DNA b\u00f6lgelerinin potansiyellerini bu kitapta a\u00e7\u0131kl\u0131yor.   Patoloji, Fitoterapi, Apiterapi ve Kozmetoloji Uzman\u0131 Dr. Elif G\u00fcvelo\u011flu, Bedenin Simyas\u0131\u2019nda \u201cbeden akl\u0131\u201d ile \u201ctabiat akl\u0131\u201dn\u0131n uyumunu ortaya koyarak okuru bedenin mucizevi yenilenme s\u00fcre\u00e7leri ile do\u011fan\u0131n sundu\u011fu ola\u011fan\u00fcst\u00fc molek\u00fclleri ke\u015ffetmeye davet ediyor&#8230; <\/p>\n","protected":false},"excerpt":{"rendered":"<p>\u0130nsan bedeni g\u00fc\u00e7l\u00fc bir simyac\u0131&#8230; Bozulan\u0131 d\u00fczeltiyor, toksik maddeleri bedenden uzakla\u015ft\u0131r\u0131yor ya da d\u00f6n\u00fc\u015ft\u00fcr\u00fcyor, biyoyararlan\u0131m dinamiklerini de\u011fi\u015ftirerek \u201caz\u0131 \u00e7ok ediyor\u201d, eskiyeni yeniliyor ve biz nefes ald\u0131\u011f\u0131m\u0131z<span class=\"excerpt-hellip\"> [\u2026]<\/span><\/p>\n","protected":false},"featured_media":0,"template":"","meta":{"_monsterinsights_skip_tracking":false,"_monsterinsights_sitenote_active":false,"_monsterinsights_sitenote_note":"","_monsterinsights_sitenote_category":0},"product_brand":[],"product_cat":[13365],"product_tag":[],"class_list":{"0":"post-764412","1":"product","2":"type-product","3":"status-publish","5":"product_cat-saglik","6":"pa_cilt-ciltsiz","7":"pa_tur-kitap","8":"pa_yayinevi-dogan-kitap","9":"pa_yazar-elif-guveloglu","11":"first","12":"instock","13":"sale","14":"shipping-taxable","15":"purchasable","16":"product-type-simple"},"_links":{"self":[{"href":"https:\/\/roveyayinevi.com.tr\/index.php\/wp-json\/wp\/v2\/product\/764412","targetHints":{"allow":["GET"]}}],"collection":[{"href":"https:\/\/roveyayinevi.com.tr\/index.php\/wp-json\/wp\/v2\/product"}],"about":[{"href":"https:\/\/roveyayinevi.com.tr\/index.php\/wp-json\/wp\/v2\/types\/product"}],"wp:attachment":[{"href":"https:\/\/roveyayinevi.com.tr\/index.php\/wp-json\/wp\/v2\/media?parent=764412"}],"wp:term":[{"taxonomy":"product_brand","embeddable":true,"href":"https:\/\/roveyayinevi.com.tr\/index.php\/wp-json\/wp\/v2\/product_brand?post=764412"},{"taxonomy":"product_cat","embeddable":true,"href":"https:\/\/roveyayinevi.com.tr\/index.php\/wp-json\/wp\/v2\/product_cat?post=764412"},{"taxonomy":"product_tag","embeddable":true,"href":"https:\/\/roveyayinevi.com.tr\/index.php\/wp-json\/wp\/v2\/product_tag?post=764412"}],"curies":[{"name":"wp","href":"https:\/\/api.w.org\/{rel}","templated":true}]}}