{"id":764411,"date":"2025-08-28T11:09:48","date_gmt":"2025-08-28T08:09:48","guid":{"rendered":"https:\/\/roveyayinevi.com.tr\/index.php\/urun\/insan-3\/"},"modified":"2026-04-15T03:30:17","modified_gmt":"2026-04-15T00:30:17","slug":"insan-3","status":"publish","type":"product","link":"https:\/\/roveyayinevi.com.tr\/index.php\/urun\/insan-3\/","title":{"rendered":"\u0130nsan"},"content":{"rendered":"<p>Tarihin eski d\u00f6nemlerinden beri insan\u0131n ne oldu\u011funa ili\u015fkin farkl\u0131 anlay\u0131\u015flar ortaya \u00e7\u0131km\u0131\u015ft\u0131r. Bu farkl\u0131l\u0131k temel olarak insan\u0131 incelemenin ve anlaman\u0131n zorluklar\u0131 ile ilgilidir. Elinizdeki kitap ile insan ve onun ya\u015fam\u0131na dair \u015f\u00fcmull\u00fc bir \u00e7al\u0131\u015fma sunulmas\u0131 ama\u00e7lanmaktad\u0131r. Bu ba\u011flamda \u201cevrimsel geli\u015fim\u201d s\u00fcrecinden \u00e7a\u011f\u0131m\u0131zdaki \u201cinsan sonras\u0131\u201d ak\u0131m\u0131na de\u011fin geni\u015f bir yelpazede insan konusu ele al\u0131nm\u0131\u015ft\u0131r. Kitab\u0131n alt ba\u015fl\u0131\u011f\u0131ndan anla\u015f\u0131laca\u011f\u0131 \u00fczere felsefi analize ba\u015fvurulmu\u015ftur \u00e7\u00fcnk\u00fc insan di\u011fer alanlar\u0131n konusu olmadan \u00e7ok \u00f6nce felsefenin inceleme alan\u0131 olagelmi\u015ftir. Ayn\u0131 zamanda insan konusunun d\u00fc\u015f\u00fcnsel geli\u015fimi, \u00e7al\u0131\u015fmam\u0131z\u0131n \u00f6nemli bir k\u0131sm\u0131n\u0131 olu\u015fturur.  Bununla birlikte k\u00fclt\u00fcr varl\u0131\u011f\u0131 olarak insan, birey olarak insan, hiyerar\u015fik varl\u0131k olarak insan, insan merkezcilik, insan felsefesi ve insan sonras\u0131 anlay\u0131\u015flar, incelenen temel konular aras\u0131nda yer al\u0131r. \u0130nsan: Felsefi Bir Analiz insan konusuyla ilgilenen b\u00fct\u00fcn okuyuculara hitap ediyor. <\/p>\n","protected":false},"excerpt":{"rendered":"<p>Tarihin eski d\u00f6nemlerinden beri insan\u0131n ne oldu\u011funa ili\u015fkin farkl\u0131 anlay\u0131\u015flar ortaya \u00e7\u0131km\u0131\u015ft\u0131r. Bu farkl\u0131l\u0131k temel olarak insan\u0131 incelemenin ve anlaman\u0131n zorluklar\u0131 ile ilgilidir. Elinizdeki kitap ile<span class=\"excerpt-hellip\"> [\u2026]<\/span><\/p>\n","protected":false},"featured_media":0,"template":"","meta":{"_monsterinsights_skip_tracking":false,"_monsterinsights_sitenote_active":false,"_monsterinsights_sitenote_note":"","_monsterinsights_sitenote_category":0},"product_brand":[],"product_cat":[12388],"product_tag":[],"class_list":{"0":"post-764411","1":"product","2":"type-product","3":"status-publish","5":"product_cat-felsefe","6":"pa_cilt-ciltsiz","7":"pa_tur-kitap","8":"pa_yayinevi-say-yayinlari","9":"pa_yazar-celal-yesilcayir","11":"first","12":"instock","13":"sale","14":"shipping-taxable","15":"purchasable","16":"product-type-simple"},"_links":{"self":[{"href":"https:\/\/roveyayinevi.com.tr\/index.php\/wp-json\/wp\/v2\/product\/764411","targetHints":{"allow":["GET"]}}],"collection":[{"href":"https:\/\/roveyayinevi.com.tr\/index.php\/wp-json\/wp\/v2\/product"}],"about":[{"href":"https:\/\/roveyayinevi.com.tr\/index.php\/wp-json\/wp\/v2\/types\/product"}],"wp:attachment":[{"href":"https:\/\/roveyayinevi.com.tr\/index.php\/wp-json\/wp\/v2\/media?parent=764411"}],"wp:term":[{"taxonomy":"product_brand","embeddable":true,"href":"https:\/\/roveyayinevi.com.tr\/index.php\/wp-json\/wp\/v2\/product_brand?post=764411"},{"taxonomy":"product_cat","embeddable":true,"href":"https:\/\/roveyayinevi.com.tr\/index.php\/wp-json\/wp\/v2\/product_cat?post=764411"},{"taxonomy":"product_tag","embeddable":true,"href":"https:\/\/roveyayinevi.com.tr\/index.php\/wp-json\/wp\/v2\/product_tag?post=764411"}],"curies":[{"name":"wp","href":"https:\/\/api.w.org\/{rel}","templated":true}]}}