{"id":764410,"date":"2025-08-28T11:09:47","date_gmt":"2025-08-28T08:09:47","guid":{"rendered":"https:\/\/roveyayinevi.com.tr\/index.php\/urun\/sosyal-ilgi\/"},"modified":"2026-04-15T03:30:17","modified_gmt":"2026-04-15T00:30:17","slug":"sosyal-ilgi","status":"publish","type":"product","link":"https:\/\/roveyayinevi.com.tr\/index.php\/urun\/sosyal-ilgi\/","title":{"rendered":"Sosyal \u0130lgi"},"content":{"rendered":"<p>\u00c7ocukluk d\u00f6neminde form\u00fcle edilen sosyal ilgi, bireylerin hem kendileriyle hem de d\u0131\u015f d\u00fcnyayla kurduklar\u0131 ili\u015fkilerdeki en \u00f6nemli kavramlardan biridir. Alfred Adler bu kavram\u0131 d\u00fc\u015f\u00fcnce sisteminin merkezine alm\u0131\u015f ve ona olduk\u00e7a \u00f6nem vermi\u015ftir. \u0130nsanlar kendilerini bir toplulu\u011fun par\u00e7as\u0131 olarak hissettikleri, topluma katk\u0131da bulunduklar\u0131 m\u00fcddet\u00e7e ki\u015fisel tatmin duygular\u0131n\u0131 ve fark\u0131ndal\u0131klar\u0131n\u0131 art\u0131r\u0131rlar. Adler\u2019e g\u00f6re toplumla do\u011fru bir ili\u015fki i\u00e7erisinde olmak, ayn\u0131 zamanda ki\u015finin kendi benli\u011fiyle ili\u015fkide olmas\u0131 demektir. Bu sayede eksiklerimizi g\u00f6r\u00fcr, kendimizi geli\u015ftirir ve ki\u015fili\u011fimizi in\u015fa ederiz. Bireysel psikolojinin en \u00f6nemli isimlerinden olan Alfred Adler, Sosyal \u0130lgi\u2019de topluma ve onunla kurdu\u011fumuz ba\u011fa ili\u015fkin temel kriterlerin bir de\u011ferlendirmesini yap\u0131yor. \u0130nsan do\u011fas\u0131n\u0131n sosyal ilgide \u015fekillendi\u011fini savunarak, bireyin topluma olan katk\u0131lar\u0131n\u0131n ki\u015fisel mutluluk ve ruh sa\u011fl\u0131\u011f\u0131 i\u00e7in ne denli \u00f6nemli oldu\u011funu g\u00f6zler \u00f6n\u00fcne seriyor. Sosyal \u0130lgi, bireysel psikolojinin de merkezinde yer alan bu kavrama a\u00e7\u0131klama getirmesi bak\u0131m\u0131ndan Adler\u2019in en \u00f6nemli yap\u0131tlar\u0131 aras\u0131nda. <\/p>\n","protected":false},"excerpt":{"rendered":"<p>\u00c7ocukluk d\u00f6neminde form\u00fcle edilen sosyal ilgi, bireylerin hem kendileriyle hem de d\u0131\u015f d\u00fcnyayla kurduklar\u0131 ili\u015fkilerdeki en \u00f6nemli kavramlardan biridir. Alfred Adler bu kavram\u0131 d\u00fc\u015f\u00fcnce sisteminin merkezine<span class=\"excerpt-hellip\"> [\u2026]<\/span><\/p>\n","protected":false},"featured_media":0,"template":"","meta":{"_monsterinsights_skip_tracking":false,"_monsterinsights_sitenote_active":false,"_monsterinsights_sitenote_note":"","_monsterinsights_sitenote_category":0},"product_brand":[],"product_cat":[12357],"product_tag":[],"class_list":{"0":"post-764410","1":"product","2":"type-product","3":"status-publish","5":"product_cat-psikoloji","6":"pa_cilt-ciltsiz","7":"pa_tur-kitap","8":"pa_yayinevi-say-yayinlari","9":"pa_yazar-alfred-adler","11":"first","12":"instock","13":"sale","14":"shipping-taxable","15":"purchasable","16":"product-type-simple"},"_links":{"self":[{"href":"https:\/\/roveyayinevi.com.tr\/index.php\/wp-json\/wp\/v2\/product\/764410","targetHints":{"allow":["GET"]}}],"collection":[{"href":"https:\/\/roveyayinevi.com.tr\/index.php\/wp-json\/wp\/v2\/product"}],"about":[{"href":"https:\/\/roveyayinevi.com.tr\/index.php\/wp-json\/wp\/v2\/types\/product"}],"wp:attachment":[{"href":"https:\/\/roveyayinevi.com.tr\/index.php\/wp-json\/wp\/v2\/media?parent=764410"}],"wp:term":[{"taxonomy":"product_brand","embeddable":true,"href":"https:\/\/roveyayinevi.com.tr\/index.php\/wp-json\/wp\/v2\/product_brand?post=764410"},{"taxonomy":"product_cat","embeddable":true,"href":"https:\/\/roveyayinevi.com.tr\/index.php\/wp-json\/wp\/v2\/product_cat?post=764410"},{"taxonomy":"product_tag","embeddable":true,"href":"https:\/\/roveyayinevi.com.tr\/index.php\/wp-json\/wp\/v2\/product_tag?post=764410"}],"curies":[{"name":"wp","href":"https:\/\/api.w.org\/{rel}","templated":true}]}}