{"id":764404,"date":"2025-08-28T11:09:34","date_gmt":"2025-08-28T08:09:34","guid":{"rendered":"https:\/\/roveyayinevi.com.tr\/index.php\/urun\/bes-yil-suren-esaret\/"},"modified":"2026-04-15T03:30:17","modified_gmt":"2026-04-15T00:30:17","slug":"bes-yil-suren-esaret","status":"publish","type":"product","link":"https:\/\/roveyayinevi.com.tr\/index.php\/urun\/bes-yil-suren-esaret\/","title":{"rendered":"Be\u015f Y\u0131l S\u00fcren Esaret"},"content":{"rendered":"<p>Yakla\u015f\u0131k be\u015f as\u0131rd\u0131r Osmanl\u0131 Devleti\u2019nin ba\u015fkenti olan \u0130stanbul, I. D\u00fcnya Sava\u015f\u0131\u2019ndan sonra hi\u00e7 beklemedi\u011fi bir i\u015fgalle kar\u015f\u0131la\u015ft\u0131. 13 Kas\u0131m 1918\u2019de \u0130stanbul\u2019a giren \u0130tilaf Devletleri, s\u00f6zde i\u015fgale gelmemi\u015fti. Fiil\u00ee i\u015fgalle birlikte \u015fa\u015f\u0131ran ve nas\u0131l hareket edece\u011fini tayin etmeye \u00e7al\u0131\u015fan \u0130stanbul halk\u0131 ve bu durumun yap\u0131lacak bar\u0131\u015f antla\u015fmas\u0131yla d\u00fczelece\u011fini umut eden \u0130stanbul H\u00fck\u00fbmeti, 16 Mart 1920\u2019de gelen resm\u00ee i\u015fgalle yeniden sars\u0131ld\u0131. Be\u015f y\u0131l s\u00fcren bu esaret d\u00f6nemi, bir\u00e7ok farkl\u0131 uygulamay\u0131 ve olay\u0131 da beraberinde getirmi\u015fti. M\u00fcttefik Devletler, i\u015fgal ettikleri resm\u00ee binalar; hapishanelere yapt\u0131klar\u0131 m\u00fcdahaleler, \u0130stanbul\u2019daki kontrol faaliyetleri ve az\u0131nl\u0131klara verdikleri cesaret ile Osmanl\u0131 makamlar\u0131n\u0131 hi\u00e7e sayan hareketlerde bulunuyorlard\u0131. Sebep olduklar\u0131 asayi\u015fsizlik y\u00fcz\u00fcnden \u0130stanbul halk\u0131 i\u00e7in de \u015fehri ya\u015fanmas\u0131 zor bir h\u00e2le soktular. Halk, zaman zaman tepki g\u00f6sterse de kar\u015f\u0131l\u0131\u011f\u0131nda Osmanl\u0131 H\u00fck\u00fbmeti\u2019ne dan\u0131\u015fma gere\u011fi duymayan itilaf g\u00fc\u00e7leri taraf\u0131ndan yarg\u0131lama ve cezaland\u0131rmaya tabi tutulmu\u015flard\u0131. Bu \u00e7al\u0131\u015fmada \u0130stanbul\u2019un fiil\u00ee ve resm\u00ee i\u015fgal d\u00f6neminde M\u00fcttefik kuvvetlerin faaliyetleri, \u00f6zellikle g\u00fcnl\u00fck hayatta; \u0130stanbul\u2019daki resm\u00ee kurumlara ve \u0130stanbul\u2019un yerle\u015fik halk\u0131na kar\u015f\u0131 olan tutumlar\u0131, Osmanl\u0131 ar\u015fiv belgeleri \u0131\u015f\u0131\u011f\u0131nda de\u011ferlendirilerek bu be\u015f y\u0131ll\u0131k esaret d\u00f6neminde \u015fehirde ya\u015fananlara \u0131\u015f\u0131k tutulmaya \u00e7al\u0131\u015f\u0131lm\u0131\u015ft\u0131r. <\/p>\n","protected":false},"excerpt":{"rendered":"<p>Yakla\u015f\u0131k be\u015f as\u0131rd\u0131r Osmanl\u0131 Devleti\u2019nin ba\u015fkenti olan \u0130stanbul, I. D\u00fcnya Sava\u015f\u0131\u2019ndan sonra hi\u00e7 beklemedi\u011fi bir i\u015fgalle kar\u015f\u0131la\u015ft\u0131. 13 Kas\u0131m 1918\u2019de \u0130stanbul\u2019a giren \u0130tilaf Devletleri, s\u00f6zde i\u015fgale<span class=\"excerpt-hellip\"> [\u2026]<\/span><\/p>\n","protected":false},"featured_media":0,"template":"","meta":{"_monsterinsights_skip_tracking":false,"_monsterinsights_sitenote_active":false,"_monsterinsights_sitenote_note":"","_monsterinsights_sitenote_category":0},"product_brand":[],"product_cat":[12370,12304],"product_tag":[],"class_list":{"0":"post-764404","1":"product","2":"type-product","3":"status-publish","5":"product_cat-arastirma-inceleme","6":"product_cat-tarih","7":"pa_cilt-ciltsiz","8":"pa_tur-kitap","9":"pa_yayinevi-yeditepe-yayinevi","10":"pa_yazar-seyma-sahin-fatma-afyoncu","12":"first","13":"instock","14":"sale","15":"shipping-taxable","16":"purchasable","17":"product-type-simple"},"_links":{"self":[{"href":"https:\/\/roveyayinevi.com.tr\/index.php\/wp-json\/wp\/v2\/product\/764404","targetHints":{"allow":["GET"]}}],"collection":[{"href":"https:\/\/roveyayinevi.com.tr\/index.php\/wp-json\/wp\/v2\/product"}],"about":[{"href":"https:\/\/roveyayinevi.com.tr\/index.php\/wp-json\/wp\/v2\/types\/product"}],"wp:attachment":[{"href":"https:\/\/roveyayinevi.com.tr\/index.php\/wp-json\/wp\/v2\/media?parent=764404"}],"wp:term":[{"taxonomy":"product_brand","embeddable":true,"href":"https:\/\/roveyayinevi.com.tr\/index.php\/wp-json\/wp\/v2\/product_brand?post=764404"},{"taxonomy":"product_cat","embeddable":true,"href":"https:\/\/roveyayinevi.com.tr\/index.php\/wp-json\/wp\/v2\/product_cat?post=764404"},{"taxonomy":"product_tag","embeddable":true,"href":"https:\/\/roveyayinevi.com.tr\/index.php\/wp-json\/wp\/v2\/product_tag?post=764404"}],"curies":[{"name":"wp","href":"https:\/\/api.w.org\/{rel}","templated":true}]}}