{"id":764403,"date":"2025-08-28T11:09:32","date_gmt":"2025-08-28T08:09:32","guid":{"rendered":"https:\/\/roveyayinevi.com.tr\/index.php\/urun\/molla-lutfi\/"},"modified":"2026-04-15T03:30:17","modified_gmt":"2026-04-15T00:30:17","slug":"molla-lutfi","status":"publish","type":"product","link":"https:\/\/roveyayinevi.com.tr\/index.php\/urun\/molla-lutfi\/","title":{"rendered":"Molla L\u00fctfi"},"content":{"rendered":"<p>Molla L\u00fbtfi, Osmanl\u0131 tarihinde eserlerinden ziyade \u015fahsiyetiyle yer alan ender insanlardan birisidir. Din\u00ee, edeb\u00ee, felsef\u00ee ve fenn\u00ee ilimlerde eser vermi\u015f bir \u00e2lim olan Molla L\u00fbtfi, tarihte bu eserleri ve mahiyetlerinden ziyade yarat\u0131l\u0131\u015f \u00f6zellikleri yani \u015fahsiyeti ve buna ba\u011fl\u0131 olarak ba\u015f\u0131na gelen hadise ile daha \u00e7ok an\u0131lmaktad\u0131r. Hakk\u0131nda a\u00e7\u0131lan z\u0131nd\u0131kl\u0131k ve ilh\u00e2d su\u00e7lamas\u0131yla yarg\u0131land\u0131ktan sonra 23 Ocak 1495 tarihinde cezas\u0131 Atmeydan\u0131\u2019nda boynu vurulmak suretiyle idam edilen ve naa\u015f\u0131 Ey\u00fcp\u2019e g\u00f6m\u00fclen Molla L\u00fbtfi kendisinden sonra da kaynaklar\u0131n bu elim hadiseyi teess\u00fcfle anmas\u0131na sebep olmu\u015f bir Osmanl\u0131 \u00e2limidir. Elinizdeki bu kitap, Molla L\u00fbtfi hakk\u0131nda yap\u0131lan \u00e7al\u0131\u015fmalar\u0131n ilklerinden olmas\u0131 sebebiyle \u00f6nemli olmas\u0131n\u0131n yan\u0131 s\u0131ra hasetlik belas\u0131na u\u011fram\u0131\u015f bir Osmanl\u0131 \u00e2liminin Orhan \u015eaik G\u00f6kyay\u2019\u0131n g\u00f6z\u00fcnden g\u00fcn\u00fcm\u00fcz insan\u0131na anlat\u0131m\u0131d\u0131r.  <\/p>\n","protected":false},"excerpt":{"rendered":"<p>Molla L\u00fbtfi, Osmanl\u0131 tarihinde eserlerinden ziyade \u015fahsiyetiyle yer alan ender insanlardan birisidir. Din\u00ee, edeb\u00ee, felsef\u00ee ve fenn\u00ee ilimlerde eser vermi\u015f bir \u00e2lim olan Molla L\u00fbtfi, tarihte<span class=\"excerpt-hellip\"> [\u2026]<\/span><\/p>\n","protected":false},"featured_media":0,"template":"","meta":{"_monsterinsights_skip_tracking":false,"_monsterinsights_sitenote_active":false,"_monsterinsights_sitenote_note":"","_monsterinsights_sitenote_category":0},"product_brand":[],"product_cat":[13072,12291],"product_tag":[],"class_list":{"0":"post-764403","1":"product","2":"type-product","3":"status-publish","5":"product_cat-arastirma-inceleme-referans","6":"product_cat-edebiyat","7":"pa_cilt-ciltsiz","8":"pa_tur-kitap","9":"pa_yayinevi-yeditepe-yayinevi","10":"pa_yazar-orhan-saik-gokyay","12":"first","13":"instock","14":"sale","15":"shipping-taxable","16":"purchasable","17":"product-type-simple"},"_links":{"self":[{"href":"https:\/\/roveyayinevi.com.tr\/index.php\/wp-json\/wp\/v2\/product\/764403","targetHints":{"allow":["GET"]}}],"collection":[{"href":"https:\/\/roveyayinevi.com.tr\/index.php\/wp-json\/wp\/v2\/product"}],"about":[{"href":"https:\/\/roveyayinevi.com.tr\/index.php\/wp-json\/wp\/v2\/types\/product"}],"wp:attachment":[{"href":"https:\/\/roveyayinevi.com.tr\/index.php\/wp-json\/wp\/v2\/media?parent=764403"}],"wp:term":[{"taxonomy":"product_brand","embeddable":true,"href":"https:\/\/roveyayinevi.com.tr\/index.php\/wp-json\/wp\/v2\/product_brand?post=764403"},{"taxonomy":"product_cat","embeddable":true,"href":"https:\/\/roveyayinevi.com.tr\/index.php\/wp-json\/wp\/v2\/product_cat?post=764403"},{"taxonomy":"product_tag","embeddable":true,"href":"https:\/\/roveyayinevi.com.tr\/index.php\/wp-json\/wp\/v2\/product_tag?post=764403"}],"curies":[{"name":"wp","href":"https:\/\/api.w.org\/{rel}","templated":true}]}}