{"id":764402,"date":"2025-08-28T11:09:30","date_gmt":"2025-08-28T08:09:30","guid":{"rendered":"https:\/\/roveyayinevi.com.tr\/index.php\/urun\/yapay-zeka-3\/"},"modified":"2026-04-15T03:30:17","modified_gmt":"2026-04-15T00:30:17","slug":"yapay-zeka-3","status":"publish","type":"product","link":"https:\/\/roveyayinevi.com.tr\/index.php\/urun\/yapay-zeka-3\/","title":{"rendered":"Yapay Zeka"},"content":{"rendered":"<p>Yapay zek\u00e2 \u00e7a\u011f\u0131nda, insanl\u0131k tarihi ya bizim kontrol\u00fcm\u00fczde devam edecek ya da geli\u015fkin yapay zek\u00e2 teknolojileriyle s\u00fcr\u00fcklenecek. Tercih yine bizde, insan\u0131n kendisinde\u2026   \u0130nsanl\u0131k olarak keskin bir yapay zek\u00e2 viraj\u0131nday\u0131z. Bu, daha \u00f6nceki hi\u00e7bir teknolojik k\u0131r\u0131lmaya benzemiyor. Bu viraj\u0131 nas\u0131l alaca\u011f\u0131m\u0131z t\u00fcm insanl\u0131k ad\u0131na belirleyici olacak.  Felaket senaryolar\u0131n\u0131 ortaya atmak kolay ama esas mesele yapay zek\u00e2 \u00e7a\u011f\u0131nda bu yeni teknolojik geli\u015fmeleri f\u0131rsat olarak g\u00f6rmekten ge\u00e7iyor. Elbette t\u00fcm tart\u0131\u015fman\u0131n merkezine ortak fayda, etik, ahlak, vicdan, adalet gibi son derece kritik kavramlar\u0131 koyarak. Ve yine bu konuda kendi sorumluluklar\u0131m\u0131z\u0131n da fark\u0131nda olarak&#8230;   \u201cZek\u00e2s\u0131yla d\u00fcnyan\u0131n efendisi olan insandan daha zeki bir \u015feyin varl\u0131\u011f\u0131nda insan\u0131n varl\u0131\u011f\u0131 ne ifade edecek? Bu kitapta yapay zek\u00e2 uzmanlar\u0131ndan \u00e7ok filozoflar\u0131n isimlerinin yer almas\u0131n\u0131n sebebi de bu.\u201d  M. Serdar Kuzulo\u011flu <\/p>\n","protected":false},"excerpt":{"rendered":"<p>Yapay zek\u00e2 \u00e7a\u011f\u0131nda, insanl\u0131k tarihi ya bizim kontrol\u00fcm\u00fczde devam edecek ya da geli\u015fkin yapay zek\u00e2 teknolojileriyle s\u00fcr\u00fcklenecek. Tercih yine bizde, insan\u0131n kendisinde\u2026 \u0130nsanl\u0131k olarak keskin bir<span class=\"excerpt-hellip\"> [\u2026]<\/span><\/p>\n","protected":false},"featured_media":0,"template":"","meta":{"_monsterinsights_skip_tracking":false,"_monsterinsights_sitenote_active":false,"_monsterinsights_sitenote_note":"","_monsterinsights_sitenote_category":0},"product_brand":[],"product_cat":[13005,13006],"product_tag":[],"class_list":{"0":"post-764402","1":"product","2":"type-product","3":"status-publish","5":"product_cat-bilim-muhendislik","6":"product_cat-populer-bilim","7":"pa_cilt-ciltsiz","8":"pa_tur-kitap","9":"pa_yayinevi-destek-yayinlari","10":"pa_yazar-arda-oztaskin","12":"first","13":"instock","14":"sale","15":"shipping-taxable","16":"purchasable","17":"product-type-simple"},"_links":{"self":[{"href":"https:\/\/roveyayinevi.com.tr\/index.php\/wp-json\/wp\/v2\/product\/764402","targetHints":{"allow":["GET"]}}],"collection":[{"href":"https:\/\/roveyayinevi.com.tr\/index.php\/wp-json\/wp\/v2\/product"}],"about":[{"href":"https:\/\/roveyayinevi.com.tr\/index.php\/wp-json\/wp\/v2\/types\/product"}],"wp:attachment":[{"href":"https:\/\/roveyayinevi.com.tr\/index.php\/wp-json\/wp\/v2\/media?parent=764402"}],"wp:term":[{"taxonomy":"product_brand","embeddable":true,"href":"https:\/\/roveyayinevi.com.tr\/index.php\/wp-json\/wp\/v2\/product_brand?post=764402"},{"taxonomy":"product_cat","embeddable":true,"href":"https:\/\/roveyayinevi.com.tr\/index.php\/wp-json\/wp\/v2\/product_cat?post=764402"},{"taxonomy":"product_tag","embeddable":true,"href":"https:\/\/roveyayinevi.com.tr\/index.php\/wp-json\/wp\/v2\/product_tag?post=764402"}],"curies":[{"name":"wp","href":"https:\/\/api.w.org\/{rel}","templated":true}]}}