{"id":764401,"date":"2025-08-28T11:09:28","date_gmt":"2025-08-28T08:09:28","guid":{"rendered":"https:\/\/roveyayinevi.com.tr\/index.php\/urun\/kaguya-sama-ask-savastir-3\/"},"modified":"2026-04-15T03:30:17","modified_gmt":"2026-04-15T00:30:17","slug":"kaguya-sama-ask-savastir-3","status":"publish","type":"product","link":"https:\/\/roveyayinevi.com.tr\/index.php\/urun\/kaguya-sama-ask-savastir-3\/","title":{"rendered":"Kaguya-Sama \u2013 A\u015fk Sava\u015ft\u0131r 3"},"content":{"rendered":"<p>\u00dclkenin gelece\u011fi olan zek\u00e2lar\u0131n bir araya topland\u0131\u011f\u0131 \u015eu\u00e7iin Akademisi&#8217;nin \u00f6\u011frenci kurulunda tan\u0131\u015fan, Ba\u015fkan Yard\u0131mc\u0131s\u0131 Kaguya \u015einomiya ve Ba\u015fkan Miyuki \u015eirogane birbirlerinden ho\u015flanmalar\u0131na ra\u011fmen hi\u00e7bir geli\u015fme olmadan yar\u0131m d\u00f6nem ge\u00e7er! Duygular\u0131n\u0131 ilk itiraf eden taraf olamayacak kadar gururlu olan bu ikili, kar\u015f\u0131 tarafa a\u015fk\u0131n\u0131 itiraf ettirebilmek i\u00e7in her yolu dener! Son zamanlar\u0131n en sansasyonel romantik komedisindeki \u201c\u00e2\u015f\u0131k d\u00e2hilerin sava\u015f\u0131\u201d ba\u015flas\u0131n! \u00d6\u011frenci kurulunun muhasebecisi Yuu \u0130\u015figami, sonunda sahneye \u00e7\u0131k\u0131yor! Beyinlerin sava\u015f\u0131, \u00fc\u00e7\u00fcnc\u00fc ciltte de \u015femsiye payla\u015fma, manga, voleybol, argo mizah\u0131, kul\u00fcp aktiviteleri, final s\u0131navlar\u0131 gibi bir s\u00fcr\u00fc macerayla devam ediyor!<\/p>\n","protected":false},"excerpt":{"rendered":"<p>\u00dclkenin gelece\u011fi olan zek\u00e2lar\u0131n bir araya topland\u0131\u011f\u0131 \u015eu\u00e7iin Akademisi&#8217;nin \u00f6\u011frenci kurulunda tan\u0131\u015fan, Ba\u015fkan Yard\u0131mc\u0131s\u0131 Kaguya \u015einomiya ve Ba\u015fkan Miyuki \u015eirogane birbirlerinden ho\u015flanmalar\u0131na ra\u011fmen hi\u00e7bir geli\u015fme olmadan<span class=\"excerpt-hellip\"> [\u2026]<\/span><\/p>\n","protected":false},"featured_media":0,"template":"","meta":{"_monsterinsights_skip_tracking":false,"_monsterinsights_sitenote_active":false,"_monsterinsights_sitenote_note":"","_monsterinsights_sitenote_category":0},"product_brand":[],"product_cat":[12416,12291],"product_tag":[],"class_list":{"0":"post-764401","1":"product","2":"type-product","3":"status-publish","5":"product_cat-cizgi-roman","6":"product_cat-edebiyat","7":"pa_cilt-ciltsiz","8":"pa_tur-kitap","9":"pa_yayinevi-akil-celen-kitaplar","10":"pa_yazar-aka-akasaka","12":"first","13":"instock","14":"sale","15":"shipping-taxable","16":"purchasable","17":"product-type-simple"},"_links":{"self":[{"href":"https:\/\/roveyayinevi.com.tr\/index.php\/wp-json\/wp\/v2\/product\/764401","targetHints":{"allow":["GET"]}}],"collection":[{"href":"https:\/\/roveyayinevi.com.tr\/index.php\/wp-json\/wp\/v2\/product"}],"about":[{"href":"https:\/\/roveyayinevi.com.tr\/index.php\/wp-json\/wp\/v2\/types\/product"}],"wp:attachment":[{"href":"https:\/\/roveyayinevi.com.tr\/index.php\/wp-json\/wp\/v2\/media?parent=764401"}],"wp:term":[{"taxonomy":"product_brand","embeddable":true,"href":"https:\/\/roveyayinevi.com.tr\/index.php\/wp-json\/wp\/v2\/product_brand?post=764401"},{"taxonomy":"product_cat","embeddable":true,"href":"https:\/\/roveyayinevi.com.tr\/index.php\/wp-json\/wp\/v2\/product_cat?post=764401"},{"taxonomy":"product_tag","embeddable":true,"href":"https:\/\/roveyayinevi.com.tr\/index.php\/wp-json\/wp\/v2\/product_tag?post=764401"}],"curies":[{"name":"wp","href":"https:\/\/api.w.org\/{rel}","templated":true}]}}