{"id":764400,"date":"2025-08-28T11:09:25","date_gmt":"2025-08-28T08:09:25","guid":{"rendered":"https:\/\/roveyayinevi.com.tr\/index.php\/urun\/moriarty-the-patriot-vatansever-moriarty-1\/"},"modified":"2026-04-15T03:30:17","modified_gmt":"2026-04-15T00:30:17","slug":"moriarty-the-patriot-vatansever-moriarty-1","status":"publish","type":"product","link":"https:\/\/roveyayinevi.com.tr\/index.php\/urun\/moriarty-the-patriot-vatansever-moriarty-1\/","title":{"rendered":"Moriarty the Patriot &#8211; Vatansever Moriarty 1"},"content":{"rendered":"<p>Moriarty ailesinin en b\u00fcy\u00fck o\u011flu Albert, \u00fclkeye k\u00f6k salan s\u0131n\u0131f sisteminden b\u0131km\u0131\u015ft\u0131r. Bir g\u00fcn yetimhaneden eve getirdi\u011fi iki erkek karde\u015fle d\u00fcnyay\u0131 k\u00f6t\u00fcl\u00fckten ar\u0131nd\u0131racak b\u00fcy\u00fck bir plan yaparlar. B\u00f6ylece \u00fcnl\u00fc dedektif Sherlock Holmes\u2019\u00fcn ezeli d\u00fc\u015fman\u0131 profes\u00f6r Moriarty\u2019nin anlat\u0131lmam\u0131\u015f hik\u00e2yesi ba\u015flar.   <\/p>\n","protected":false},"excerpt":{"rendered":"<p>Moriarty ailesinin en b\u00fcy\u00fck o\u011flu Albert, \u00fclkeye k\u00f6k salan s\u0131n\u0131f sisteminden b\u0131km\u0131\u015ft\u0131r. Bir g\u00fcn yetimhaneden eve getirdi\u011fi iki erkek karde\u015fle d\u00fcnyay\u0131 k\u00f6t\u00fcl\u00fckten ar\u0131nd\u0131racak b\u00fcy\u00fck bir plan<span class=\"excerpt-hellip\"> [\u2026]<\/span><\/p>\n","protected":false},"featured_media":0,"template":"","meta":{"_monsterinsights_skip_tracking":false,"_monsterinsights_sitenote_active":false,"_monsterinsights_sitenote_note":"","_monsterinsights_sitenote_category":0},"product_brand":[],"product_cat":[12416,12291],"product_tag":[],"class_list":{"0":"post-764400","1":"product","2":"type-product","3":"status-publish","5":"product_cat-cizgi-roman","6":"product_cat-edebiyat","7":"pa_cilt-ciltsiz","8":"pa_tur-kitap","9":"pa_yayinevi-kurukafa","10":"pa_yazar-ryosuke-takeuchi","12":"first","13":"instock","14":"sale","15":"shipping-taxable","16":"purchasable","17":"product-type-simple"},"_links":{"self":[{"href":"https:\/\/roveyayinevi.com.tr\/index.php\/wp-json\/wp\/v2\/product\/764400","targetHints":{"allow":["GET"]}}],"collection":[{"href":"https:\/\/roveyayinevi.com.tr\/index.php\/wp-json\/wp\/v2\/product"}],"about":[{"href":"https:\/\/roveyayinevi.com.tr\/index.php\/wp-json\/wp\/v2\/types\/product"}],"wp:attachment":[{"href":"https:\/\/roveyayinevi.com.tr\/index.php\/wp-json\/wp\/v2\/media?parent=764400"}],"wp:term":[{"taxonomy":"product_brand","embeddable":true,"href":"https:\/\/roveyayinevi.com.tr\/index.php\/wp-json\/wp\/v2\/product_brand?post=764400"},{"taxonomy":"product_cat","embeddable":true,"href":"https:\/\/roveyayinevi.com.tr\/index.php\/wp-json\/wp\/v2\/product_cat?post=764400"},{"taxonomy":"product_tag","embeddable":true,"href":"https:\/\/roveyayinevi.com.tr\/index.php\/wp-json\/wp\/v2\/product_tag?post=764400"}],"curies":[{"name":"wp","href":"https:\/\/api.w.org\/{rel}","templated":true}]}}