{"id":764398,"date":"2025-08-28T11:09:21","date_gmt":"2025-08-28T08:09:21","guid":{"rendered":"https:\/\/roveyayinevi.com.tr\/index.php\/urun\/kotulerin-kaderi-yok-olmaktir-2\/"},"modified":"2026-02-03T03:31:33","modified_gmt":"2026-02-03T00:31:33","slug":"kotulerin-kaderi-yok-olmaktir-2","status":"publish","type":"product","link":"https:\/\/roveyayinevi.com.tr\/index.php\/urun\/kotulerin-kaderi-yok-olmaktir-2\/","title":{"rendered":"K\u00f6t\u00fclerin Kaderi Yok Olmakt\u0131r 2"},"content":{"rendered":"<p>BU D\u00dcNYAYA G\u0130RMEDEN \u00d6NCE OYNADI\u011eIM OYUNLARDAN G\u0130TT\u0130K\u00c7E UZAKLA\u015eTI\u011eIMI H\u0130SSED\u0130YORUM.   Festivalin yap\u0131ld\u0131\u011f\u0131 ak\u015fam, Penelope k\u00f6le mu\u0308zayedesine gizlice girer ve son hedef olarak tahmin etti\u011fi Eckles\u2019i ba\u015far\u0131yla kurtar\u0131r!   Ancak Zor Mod\u2019da kolay rota diye bir \u015fey yoktur ve Eckles bile bir anda de\u011fi\u015febilen tehlikeli bir adam oldu\u011funu g\u00f6sterir.   Penelope her ihtimale kar\u015f\u0131 Beyaz Tav\u015fan Dan\u0131\u015fmanl\u0131k arac\u0131l\u0131\u011f\u0131yla Winter ad\u0131nda ba\u015fka bir erkek ba\u015frolu\u0308 aramaya ba\u015flar! <\/p>\n","protected":false},"excerpt":{"rendered":"<p>BU D\u00dcNYAYA G\u0130RMEDEN \u00d6NCE OYNADI\u011eIM OYUNLARDAN G\u0130TT\u0130K\u00c7E UZAKLA\u015eTI\u011eIMI H\u0130SSED\u0130YORUM. Festivalin yap\u0131ld\u0131\u011f\u0131 ak\u015fam, Penelope k\u00f6le mu\u0308zayedesine gizlice girer ve son hedef olarak tahmin etti\u011fi Eckles\u2019i ba\u015far\u0131yla kurtar\u0131r!<span class=\"excerpt-hellip\"> [\u2026]<\/span><\/p>\n","protected":false},"featured_media":0,"template":"","meta":{"_monsterinsights_skip_tracking":false,"_monsterinsights_sitenote_active":false,"_monsterinsights_sitenote_note":"","_monsterinsights_sitenote_category":0},"product_brand":[],"product_cat":[12416,12291],"product_tag":[],"class_list":{"0":"post-764398","1":"product","2":"type-product","3":"status-publish","5":"product_cat-cizgi-roman","6":"product_cat-edebiyat","7":"pa_cilt-ciltsiz","8":"pa_tur-kitap","9":"pa_yayinevi-athica-yayinlari","10":"pa_yazar-gwon-gyeoeul","12":"first","13":"instock","14":"sale","15":"shipping-taxable","16":"purchasable","17":"product-type-simple"},"_links":{"self":[{"href":"https:\/\/roveyayinevi.com.tr\/index.php\/wp-json\/wp\/v2\/product\/764398","targetHints":{"allow":["GET"]}}],"collection":[{"href":"https:\/\/roveyayinevi.com.tr\/index.php\/wp-json\/wp\/v2\/product"}],"about":[{"href":"https:\/\/roveyayinevi.com.tr\/index.php\/wp-json\/wp\/v2\/types\/product"}],"wp:attachment":[{"href":"https:\/\/roveyayinevi.com.tr\/index.php\/wp-json\/wp\/v2\/media?parent=764398"}],"wp:term":[{"taxonomy":"product_brand","embeddable":true,"href":"https:\/\/roveyayinevi.com.tr\/index.php\/wp-json\/wp\/v2\/product_brand?post=764398"},{"taxonomy":"product_cat","embeddable":true,"href":"https:\/\/roveyayinevi.com.tr\/index.php\/wp-json\/wp\/v2\/product_cat?post=764398"},{"taxonomy":"product_tag","embeddable":true,"href":"https:\/\/roveyayinevi.com.tr\/index.php\/wp-json\/wp\/v2\/product_tag?post=764398"}],"curies":[{"name":"wp","href":"https:\/\/api.w.org\/{rel}","templated":true}]}}