{"id":764397,"date":"2025-08-28T11:09:19","date_gmt":"2025-08-28T08:09:19","guid":{"rendered":"https:\/\/roveyayinevi.com.tr\/index.php\/urun\/bizi-daha-akilli-hale-getiren-30-hayvan\/"},"modified":"2026-04-15T03:30:17","modified_gmt":"2026-04-15T00:30:17","slug":"bizi-daha-akilli-hale-getiren-30-hayvan","status":"publish","type":"product","link":"https:\/\/roveyayinevi.com.tr\/index.php\/urun\/bizi-daha-akilli-hale-getiren-30-hayvan\/","title":{"rendered":"Bizi Daha Ak\u0131ll\u0131 Hale Getiren 30 Hayvan"},"content":{"rendered":"<p>\u015eimdi size hayvanlar d\u00fcnyas\u0131ndan gelen ilham verici ve e\u011flenceli hikayelerle dolu bir d\u00fcnyaya g\u00f6t\u00fcrece\u011fim! Mesela, sivrisineklerin a\u011fr\u0131s\u0131z cerrahi i\u011fnelerin geli\u015ftirilmesine yard\u0131mc\u0131 oldu\u011funu biliyor muydunuz? Evet, o sinir bozucu k\u00fc\u00e7\u00fck yarat\u0131klar asl\u0131nda sa\u011fl\u0131k sekt\u00f6r\u00fcnde b\u00fcy\u00fck bir yenili\u011fe ilham verdiler! Peki ya midyeler? Evet, bildi\u011fimiz midyeler! Onlar, kontrplak \u00fcretiminden di\u015flerimizdeki kronlar\u0131 yap\u0131\u015ft\u0131rabilen s\u00fcper yap\u0131\u015ft\u0131r\u0131c\u0131lara kadar bir\u00e7ok \u015feyin ilham kayna\u011f\u0131 oldu. Kutup ay\u0131lar\u0131n\u0131n kal\u0131n k\u00fcrkleri var ya, i\u015fte o k\u00fcrk tasar\u0131m\u0131 bir g\u00fcn insanlar\u0131 uzayda s\u0131cak tutmaya yard\u0131mc\u0131 olabilir! Moda, mimari, t\u0131p ve ula\u015f\u0131m gibi her alanda do\u011fan\u0131n nas\u0131l muhte\u015fem icatlar sundu\u011funu \u00f6\u011frenmek \u00e7ok \u015fa\u015f\u0131rt\u0131c\u0131, de\u011fil mi? <\/p>\n","protected":false},"excerpt":{"rendered":"<p>\u015eimdi size hayvanlar d\u00fcnyas\u0131ndan gelen ilham verici ve e\u011flenceli hikayelerle dolu bir d\u00fcnyaya g\u00f6t\u00fcrece\u011fim! Mesela, sivrisineklerin a\u011fr\u0131s\u0131z cerrahi i\u011fnelerin geli\u015ftirilmesine yard\u0131mc\u0131 oldu\u011funu biliyor muydunuz? Evet, o<span class=\"excerpt-hellip\"> [\u2026]<\/span><\/p>\n","protected":false},"featured_media":0,"template":"","meta":{"_monsterinsights_skip_tracking":false,"_monsterinsights_sitenote_active":false,"_monsterinsights_sitenote_note":"","_monsterinsights_sitenote_category":0},"product_brand":[],"product_cat":[13005,13006],"product_tag":[],"class_list":{"0":"post-764397","1":"product","2":"type-product","3":"status-publish","5":"product_cat-bilim-muhendislik","6":"product_cat-populer-bilim","7":"pa_cilt-ciltsiz","8":"pa_tur-kitap","9":"pa_yayinevi-orenda","10":"pa_yazar-patrick-aryee","12":"first","13":"instock","14":"sale","15":"shipping-taxable","16":"purchasable","17":"product-type-simple"},"_links":{"self":[{"href":"https:\/\/roveyayinevi.com.tr\/index.php\/wp-json\/wp\/v2\/product\/764397","targetHints":{"allow":["GET"]}}],"collection":[{"href":"https:\/\/roveyayinevi.com.tr\/index.php\/wp-json\/wp\/v2\/product"}],"about":[{"href":"https:\/\/roveyayinevi.com.tr\/index.php\/wp-json\/wp\/v2\/types\/product"}],"wp:attachment":[{"href":"https:\/\/roveyayinevi.com.tr\/index.php\/wp-json\/wp\/v2\/media?parent=764397"}],"wp:term":[{"taxonomy":"product_brand","embeddable":true,"href":"https:\/\/roveyayinevi.com.tr\/index.php\/wp-json\/wp\/v2\/product_brand?post=764397"},{"taxonomy":"product_cat","embeddable":true,"href":"https:\/\/roveyayinevi.com.tr\/index.php\/wp-json\/wp\/v2\/product_cat?post=764397"},{"taxonomy":"product_tag","embeddable":true,"href":"https:\/\/roveyayinevi.com.tr\/index.php\/wp-json\/wp\/v2\/product_tag?post=764397"}],"curies":[{"name":"wp","href":"https:\/\/api.w.org\/{rel}","templated":true}]}}