{"id":764395,"date":"2025-08-28T11:09:15","date_gmt":"2025-08-28T08:09:15","guid":{"rendered":"https:\/\/roveyayinevi.com.tr\/index.php\/urun\/benim-hatam\/"},"modified":"2026-04-15T03:30:17","modified_gmt":"2026-04-15T00:30:17","slug":"benim-hatam","status":"publish","type":"product","link":"https:\/\/roveyayinevi.com.tr\/index.php\/urun\/benim-hatam\/","title":{"rendered":"Benim Hatam"},"content":{"rendered":"<p>Amazon prime\u2019\u0131n en sevilen filmlerinden biri h\u00e2line gelen, Mercedes Ron\u2019un nefes kesen hatalar \u00fc\u00e7lemesinin ilk kitab\u0131Benim Hatam hayranlar\u0131yla bulu\u015fuyor. Elinizden b\u0131rakamayaca\u011f\u0131z, tutku ve gerilim dolu bu romanda bamba\u015fka hayatlardan gelen Noah ve Nick kar\u015f\u0131 koyamad\u0131klar\u0131 bir a\u015fkla m\u00fccadele etmek zorunda\u2026 \u0130kisi de herkesten saklad\u0131klar\u0131 s\u0131rlar\u0131n ve unutmaya \u00e7al\u0131\u015ft\u0131klar\u0131 travmalar\u0131n g\u00fcn \u0131\u015f\u0131\u011f\u0131na \u00e7\u0131kmamas\u0131 i\u00e7in her \u015feyi yapabilir. 17 ya\u015f\u0131ndaki Noah\u2019n\u0131n Toronto\u2019da sakin, s\u0131radan bir hayat\u0131 vard\u0131. Ta ki annesi bir milyarderle evlenene kadar. Okulunu, erkek arkada\u015f\u0131n\u0131 ve en yak\u0131n arkada\u015f\u0131n\u0131 geride b\u0131rak\u0131p annesinin yeni kocas\u0131n\u0131n Los Angeles\u2019taki malik\u00e2nesine ta\u015f\u0131nmak zorunda kalan Noah kendini g\u00f6rkemli havuz partileri, yasad\u0131\u015f\u0131 araba yar\u0131\u015flar\u0131 ve \u015f\u0131mar\u0131k zengin \u00e7ocuklar\u0131n\u0131n aras\u0131nda bulur. Bu yeni hayata al\u0131\u015fmak kolay olmayacakt\u0131r. Kibirli, so\u011fuk ve son derece yak\u0131\u015f\u0131kl\u0131 \u00fcvey karde\u015fi Nick ise onun nefret etti\u011fi her \u015feyi \u00e2deta kendinde toplam\u0131\u015ft\u0131r. Ancak Nick\u2019in gizemli hayat\u0131na \u00e7ekilen Noah ve onun g\u00f6steri\u015ften uzak, sahici d\u00fcnyas\u0131na \u00e7ekilen Nick, bu karma\u015f\u0131k ili\u015fkide kendilerini bekleyen tehlikelerden habersizdir.<\/p>\n","protected":false},"excerpt":{"rendered":"<p>Amazon prime\u2019\u0131n en sevilen filmlerinden biri h\u00e2line gelen, Mercedes Ron\u2019un nefes kesen hatalar \u00fc\u00e7lemesinin ilk kitab\u0131Benim Hatam hayranlar\u0131yla bulu\u015fuyor. Elinizden b\u0131rakamayaca\u011f\u0131z, tutku ve gerilim dolu bu<span class=\"excerpt-hellip\"> [\u2026]<\/span><\/p>\n","protected":false},"featured_media":0,"template":"","meta":{"_monsterinsights_skip_tracking":false,"_monsterinsights_sitenote_active":false,"_monsterinsights_sitenote_note":"","_monsterinsights_sitenote_category":0},"product_brand":[],"product_cat":[12274,12284],"product_tag":[],"class_list":{"0":"post-764395","1":"product","2":"type-product","3":"status-publish","5":"product_cat-cocuk-ve-genclik-kitaplari","6":"product_cat-hikayeler","7":"pa_cilt-ciltsiz","8":"pa_tur-kitap","9":"pa_yayinevi-epsilon-yayinlari","10":"pa_yazar-mercedes-ron","12":"first","13":"instock","14":"sale","15":"shipping-taxable","16":"purchasable","17":"product-type-simple"},"_links":{"self":[{"href":"https:\/\/roveyayinevi.com.tr\/index.php\/wp-json\/wp\/v2\/product\/764395","targetHints":{"allow":["GET"]}}],"collection":[{"href":"https:\/\/roveyayinevi.com.tr\/index.php\/wp-json\/wp\/v2\/product"}],"about":[{"href":"https:\/\/roveyayinevi.com.tr\/index.php\/wp-json\/wp\/v2\/types\/product"}],"wp:attachment":[{"href":"https:\/\/roveyayinevi.com.tr\/index.php\/wp-json\/wp\/v2\/media?parent=764395"}],"wp:term":[{"taxonomy":"product_brand","embeddable":true,"href":"https:\/\/roveyayinevi.com.tr\/index.php\/wp-json\/wp\/v2\/product_brand?post=764395"},{"taxonomy":"product_cat","embeddable":true,"href":"https:\/\/roveyayinevi.com.tr\/index.php\/wp-json\/wp\/v2\/product_cat?post=764395"},{"taxonomy":"product_tag","embeddable":true,"href":"https:\/\/roveyayinevi.com.tr\/index.php\/wp-json\/wp\/v2\/product_tag?post=764395"}],"curies":[{"name":"wp","href":"https:\/\/api.w.org\/{rel}","templated":true}]}}