{"id":764387,"date":"2025-08-28T11:08:59","date_gmt":"2025-08-28T08:08:59","guid":{"rendered":"https:\/\/roveyayinevi.com.tr\/index.php\/urun\/numeroloji-kitabi\/"},"modified":"2026-04-15T03:30:17","modified_gmt":"2026-04-15T00:30:17","slug":"numeroloji-kitabi","status":"publish","type":"product","link":"https:\/\/roveyayinevi.com.tr\/index.php\/urun\/numeroloji-kitabi\/","title":{"rendered":"Numeroloji Kitab\u0131"},"content":{"rendered":"<p>Numerolog Melis Aygen\u2019in kapsaml\u0131 bir rehber olarak kaleme ald\u0131\u011f\u0131 Numeroloji Kitab\u0131, sizi hayat\u0131n\u0131zdaki say\u0131lar\u0131 ke\u015ffedece\u011finiz heyecanl\u0131 bir yolculu\u011fa \u00e7\u0131kar\u0131yor. Alt\u0131nc\u0131 y\u00fczy\u0131ldan bu yana varl\u0131\u011f\u0131n\u0131 s\u00fcrd\u00fcren kadim say\u0131 ilmi numeroloji \u015fimdi yeniden canlan\u0131yor.Ya\u015fam say\u0131lardan olu\u015fur ve say\u0131lar da ya\u015famdan. Hayat\u0131m\u0131z\u0131n farkl\u0131 y\u00f6nlerini belirleyen say\u0131larla ve onlar\u0131n titre\u015fimleriyle i\u00e7 i\u00e7e ya\u015f\u0131yoruz.Do\u011fdu\u011funuz g\u00fcn ve isminizin say\u0131lar\u0131ndan, hayat\u0131n\u0131z\u0131n amac\u0131n\u0131 ve ya\u015fam yolunuzu ke\u015ffetmeniz m\u00fcmk\u00fcn. Ki\u015fisel ya\u015fam yolculu\u011funuz, varolu\u015funuz, geli\u015fmeye yatk\u0131n olan becerileriniz ve yetenekleriniz, muhtemel zorluklar\u0131n\u0131z, kariyer yolunuz ve meslek se\u00e7imleriniz, aile ve sosyal \u00e7evreniz, parasal durumunuz ve daha fazlas\u0131 hakk\u0131nda fikir sahibi olaca\u011f\u0131n\u0131z gibi, say\u0131lar\u0131n hayat\u0131n\u0131z\u0131 nas\u0131l etkiledi\u011fini fark edecek ve se\u00e7imlerinizi yaparken hayat boyu ba\u015fvuraca\u011f\u0131n\u0131z bir rehber de edineceksiniz.Hem anla\u015f\u0131lmas\u0131 hem de uygulamas\u0131 son derece kolay anlat\u0131m\u0131yla, ad\u0131m ad\u0131m sonuca g\u00f6t\u00fcren bir \u00e7al\u0131\u015fma k\u0131lavuzu \u015feklinde tasarlanan Numeroloji Kitab\u0131 ile kendinize ve ba\u015fkalar\u0131na ili\u015fkin anlay\u0131\u015f\u0131n\u0131z\u0131 geni\u015fleteceksiniz. <\/p>\n","protected":false},"excerpt":{"rendered":"<p>Numerolog Melis Aygen\u2019in kapsaml\u0131 bir rehber olarak kaleme ald\u0131\u011f\u0131 Numeroloji Kitab\u0131, sizi hayat\u0131n\u0131zdaki say\u0131lar\u0131 ke\u015ffedece\u011finiz heyecanl\u0131 bir yolculu\u011fa \u00e7\u0131kar\u0131yor. Alt\u0131nc\u0131 y\u00fczy\u0131ldan bu yana varl\u0131\u011f\u0131n\u0131 s\u00fcrd\u00fcren kadim<span class=\"excerpt-hellip\"> [\u2026]<\/span><\/p>\n","protected":false},"featured_media":0,"template":"","meta":{"_monsterinsights_skip_tracking":false,"_monsterinsights_sitenote_active":false,"_monsterinsights_sitenote_note":"","_monsterinsights_sitenote_category":0},"product_brand":[],"product_cat":[12364,12376],"product_tag":[],"class_list":{"0":"post-764387","1":"product","2":"type-product","3":"status-publish","5":"product_cat-genel-konular","6":"product_cat-kisisel-gelisim","7":"pa_cilt-ciltsiz","8":"pa_tur-kitap","9":"pa_yayinevi-pika-yayinevi","10":"pa_yazar-melis-aygen","12":"first","13":"instock","14":"sale","15":"shipping-taxable","16":"purchasable","17":"product-type-simple"},"_links":{"self":[{"href":"https:\/\/roveyayinevi.com.tr\/index.php\/wp-json\/wp\/v2\/product\/764387","targetHints":{"allow":["GET"]}}],"collection":[{"href":"https:\/\/roveyayinevi.com.tr\/index.php\/wp-json\/wp\/v2\/product"}],"about":[{"href":"https:\/\/roveyayinevi.com.tr\/index.php\/wp-json\/wp\/v2\/types\/product"}],"wp:attachment":[{"href":"https:\/\/roveyayinevi.com.tr\/index.php\/wp-json\/wp\/v2\/media?parent=764387"}],"wp:term":[{"taxonomy":"product_brand","embeddable":true,"href":"https:\/\/roveyayinevi.com.tr\/index.php\/wp-json\/wp\/v2\/product_brand?post=764387"},{"taxonomy":"product_cat","embeddable":true,"href":"https:\/\/roveyayinevi.com.tr\/index.php\/wp-json\/wp\/v2\/product_cat?post=764387"},{"taxonomy":"product_tag","embeddable":true,"href":"https:\/\/roveyayinevi.com.tr\/index.php\/wp-json\/wp\/v2\/product_tag?post=764387"}],"curies":[{"name":"wp","href":"https:\/\/api.w.org\/{rel}","templated":true}]}}