{"id":764385,"date":"2025-08-28T11:08:55","date_gmt":"2025-08-28T08:08:55","guid":{"rendered":"https:\/\/roveyayinevi.com.tr\/index.php\/urun\/ne-iletisim-ve-birbirimizi-anlamak-uzerine-bir-kitap\/"},"modified":"2026-04-15T03:30:16","modified_gmt":"2026-04-15T00:30:16","slug":"ne-iletisim-ve-birbirimizi-anlamak-uzerine-bir-kitap","status":"publish","type":"product","link":"https:\/\/roveyayinevi.com.tr\/index.php\/urun\/ne-iletisim-ve-birbirimizi-anlamak-uzerine-bir-kitap\/","title":{"rendered":"Ne? \u0130leti\u015fim ve Birbirimizi Anlamak \u00dczerine Bir Kitap"},"content":{"rendered":"<p>Konu\u015fma, yaz\u0131l\u0131 mesajlar, duru\u015fumuz, y\u00fcz ifadelerimiz, hepsi bireyleraras\u0131 ileti\u015fimin bir par\u00e7as\u0131d\u0131r. Sadece bu kadarla s\u0131n\u0131rl\u0131 kalmaz, g\u00fcn\u00fcm\u00fczde farkl\u0131 t\u00fcr teknolojilerle de ileti\u015fim kurulur. \u0130leti\u015fimin s\u0131rlar\u0131n\u0131 \u00f6\u011fren ve etraf\u0131ndakilerle ili\u015fkilerini geli\u015ftirmene yard\u0131mc\u0131 olacak beceriler kazanmaya ba\u015fla. <\/p>\n","protected":false},"excerpt":{"rendered":"<p>Konu\u015fma, yaz\u0131l\u0131 mesajlar, duru\u015fumuz, y\u00fcz ifadelerimiz, hepsi bireyleraras\u0131 ileti\u015fimin bir par\u00e7as\u0131d\u0131r. Sadece bu kadarla s\u0131n\u0131rl\u0131 kalmaz, g\u00fcn\u00fcm\u00fczde farkl\u0131 t\u00fcr teknolojilerle de ileti\u015fim kurulur. \u0130leti\u015fimin s\u0131rlar\u0131n\u0131 \u00f6\u011fren<span class=\"excerpt-hellip\"> [\u2026]<\/span><\/p>\n","protected":false},"featured_media":0,"template":"","meta":{"_monsterinsights_skip_tracking":false,"_monsterinsights_sitenote_active":false,"_monsterinsights_sitenote_note":"","_monsterinsights_sitenote_category":0},"product_brand":[],"product_cat":[12274,15842],"product_tag":[],"class_list":{"0":"post-764385","1":"product","2":"type-product","3":"status-publish","5":"product_cat-cocuk-ve-genclik-kitaplari","6":"product_cat-egitici-kitaplar","7":"pa_cilt-ciltsiz","8":"pa_tur-kitap","9":"pa_yayinevi-hep-kitap","10":"pa_yazar-radka-piro","12":"first","13":"instock","14":"sale","15":"shipping-taxable","16":"purchasable","17":"product-type-simple"},"_links":{"self":[{"href":"https:\/\/roveyayinevi.com.tr\/index.php\/wp-json\/wp\/v2\/product\/764385","targetHints":{"allow":["GET"]}}],"collection":[{"href":"https:\/\/roveyayinevi.com.tr\/index.php\/wp-json\/wp\/v2\/product"}],"about":[{"href":"https:\/\/roveyayinevi.com.tr\/index.php\/wp-json\/wp\/v2\/types\/product"}],"wp:attachment":[{"href":"https:\/\/roveyayinevi.com.tr\/index.php\/wp-json\/wp\/v2\/media?parent=764385"}],"wp:term":[{"taxonomy":"product_brand","embeddable":true,"href":"https:\/\/roveyayinevi.com.tr\/index.php\/wp-json\/wp\/v2\/product_brand?post=764385"},{"taxonomy":"product_cat","embeddable":true,"href":"https:\/\/roveyayinevi.com.tr\/index.php\/wp-json\/wp\/v2\/product_cat?post=764385"},{"taxonomy":"product_tag","embeddable":true,"href":"https:\/\/roveyayinevi.com.tr\/index.php\/wp-json\/wp\/v2\/product_tag?post=764385"}],"curies":[{"name":"wp","href":"https:\/\/api.w.org\/{rel}","templated":true}]}}