{"id":764379,"date":"2025-08-28T11:08:45","date_gmt":"2025-08-28T08:08:45","guid":{"rendered":"https:\/\/roveyayinevi.com.tr\/index.php\/urun\/sosyal-medyaya-hayir-de-pozitif-bir-sekilde-bagli-kalmanizi-saglayacak-basit-ipuclari\/"},"modified":"2026-04-15T03:30:16","modified_gmt":"2026-04-15T00:30:16","slug":"sosyal-medyaya-hayir-de-pozitif-bir-sekilde-bagli-kalmanizi-saglayacak-basit-ipuclari","status":"publish","type":"product","link":"https:\/\/roveyayinevi.com.tr\/index.php\/urun\/sosyal-medyaya-hayir-de-pozitif-bir-sekilde-bagli-kalmanizi-saglayacak-basit-ipuclari\/","title":{"rendered":"Sosyal Medyaya Hay\u0131r De! &#8211; Pozitif Bir \u015eekilde Ba\u011fl\u0131 Kalman\u0131z\u0131 Sa\u011flayacak Basit \u0130pu\u00e7lar\u0131"},"content":{"rendered":"<p>F\u0131rsat\u0131 ka\u00e7\u0131rma korkusuna a\u015fina m\u0131s\u0131n\u0131z? Bilin\u00e7sizce ekran\u0131 yukar\u0131 a\u015fa\u011f\u0131 kayd\u0131rmaktan kendinizi alam\u0131yor musunuz? Be\u011feni, takip ve bildirim bask\u0131s\u0131 moralinizi mi bozuyor? Sosyal medya modern ya\u015fam\u0131n b\u00fcy\u00fck bir par\u00e7as\u0131 olmas\u0131na ra\u011fmen bir s\u00fcre sonra bitkin, odaklanmam\u0131\u015f ve mutsuz hissetmenize neden olabilir. Ama bu durum devam etmek zorunda de\u011fil! Bu kitap, sizi yeniden s\u00fcr\u00fcc\u00fc koltu\u011funa oturtmak i\u00e7in ihtiyac\u0131n\u0131z olan her \u015feye sahip. Cihazlar\u0131 kontrol etmekten pozitif beslemeleri iyile\u015ftirmeye kadar pratik 100 ipucuyla, daha mutlu bir \u00e7evrimi\u00e7i ya\u015fam i\u00e7in ilk ad\u0131mlar\u0131 kolayca atacak ve fark yaratacaks\u0131n\u0131z.<\/p>\n","protected":false},"excerpt":{"rendered":"<p>F\u0131rsat\u0131 ka\u00e7\u0131rma korkusuna a\u015fina m\u0131s\u0131n\u0131z? Bilin\u00e7sizce ekran\u0131 yukar\u0131 a\u015fa\u011f\u0131 kayd\u0131rmaktan kendinizi alam\u0131yor musunuz? Be\u011feni, takip ve bildirim bask\u0131s\u0131 moralinizi mi bozuyor? Sosyal medya modern ya\u015fam\u0131n b\u00fcy\u00fck<span class=\"excerpt-hellip\"> [\u2026]<\/span><\/p>\n","protected":false},"featured_media":0,"template":"","meta":{"_monsterinsights_skip_tracking":false,"_monsterinsights_sitenote_active":false,"_monsterinsights_sitenote_note":"","_monsterinsights_sitenote_category":0},"product_brand":[],"product_cat":[12364,12376],"product_tag":[],"class_list":{"0":"post-764379","1":"product","2":"type-product","3":"status-publish","5":"product_cat-genel-konular","6":"product_cat-kisisel-gelisim","7":"pa_cilt-ciltsiz","8":"pa_tur-kitap","9":"pa_yayinevi-pika-yayinevi","10":"pa_yazar-chloe-ramsden","12":"first","13":"instock","14":"sale","15":"shipping-taxable","16":"purchasable","17":"product-type-simple"},"_links":{"self":[{"href":"https:\/\/roveyayinevi.com.tr\/index.php\/wp-json\/wp\/v2\/product\/764379","targetHints":{"allow":["GET"]}}],"collection":[{"href":"https:\/\/roveyayinevi.com.tr\/index.php\/wp-json\/wp\/v2\/product"}],"about":[{"href":"https:\/\/roveyayinevi.com.tr\/index.php\/wp-json\/wp\/v2\/types\/product"}],"wp:attachment":[{"href":"https:\/\/roveyayinevi.com.tr\/index.php\/wp-json\/wp\/v2\/media?parent=764379"}],"wp:term":[{"taxonomy":"product_brand","embeddable":true,"href":"https:\/\/roveyayinevi.com.tr\/index.php\/wp-json\/wp\/v2\/product_brand?post=764379"},{"taxonomy":"product_cat","embeddable":true,"href":"https:\/\/roveyayinevi.com.tr\/index.php\/wp-json\/wp\/v2\/product_cat?post=764379"},{"taxonomy":"product_tag","embeddable":true,"href":"https:\/\/roveyayinevi.com.tr\/index.php\/wp-json\/wp\/v2\/product_tag?post=764379"}],"curies":[{"name":"wp","href":"https:\/\/api.w.org\/{rel}","templated":true}]}}