{"id":764378,"date":"2025-08-28T11:08:43","date_gmt":"2025-08-28T08:08:43","guid":{"rendered":"https:\/\/roveyayinevi.com.tr\/index.php\/urun\/kendin-ol-iyi-yasa-saglikli-ol-serisi\/"},"modified":"2026-04-11T14:32:35","modified_gmt":"2026-04-11T11:32:35","slug":"kendin-ol-iyi-yasa-saglikli-ol-serisi","status":"publish","type":"product","link":"https:\/\/roveyayinevi.com.tr\/index.php\/urun\/kendin-ol-iyi-yasa-saglikli-ol-serisi\/","title":{"rendered":"Kendin Ol &#8211; \u0130yi Ya\u015fa, Sa\u011fl\u0131kl\u0131 Ol Serisi"},"content":{"rendered":"<p>SEN B\u0130R\u00c7OK A\u00c7IDAN HAR\u0130KA VE OLA\u011eAN\u00dcST\u00dc B\u0130R\u0130S\u0130N. Herkes ara s\u0131ra kendinden ku\u015fku duyar ama ba\u015fkalar\u0131n\u0131n senin hakk\u0131nda ne d\u00fc\u015f\u00fcnebilece\u011fi konusunda s\u0131kl\u0131kla endi\u015feleniyorsan, belki de asl\u0131nda ne kadar harika biri oldu\u011funu anlamakta g\u00fc\u00e7l\u00fck \u00e7ekiyor olabilirsin. Bu kitap sana yard\u0131mc\u0131 olabilir. Dost canl\u0131s\u0131 Canavar I\u015f\u0131k, kitaptaki e\u011flenceli etkinlikler ve hik\u00e2yeler arac\u0131l\u0131\u011f\u0131yla a\u015fa\u011f\u0131dakiler konusunda sana rehberlik edecek: KEND\u0130NLE \u0130LG\u0130L\u0130 \u015eA\u015eIRTICI \u015eEYLER FARK ETMEK KEND\u0130NE \u0130NANMAN \u0130\u00c7\u0130N B\u0130R\u00c7OK HAVALI TEKN\u0130K \u00d6\u011eRENMEK D\u00dcNYADAK\u0130 YER\u0130N\u0130N D\u0130\u011eER HERKES\u0130NK\u0130 KADAR \u00d6NEML\u0130 OLDU\u011eUNU KE\u015eFETMEK<\/p>\n","protected":false},"excerpt":{"rendered":"<p>SEN B\u0130R\u00c7OK A\u00c7IDAN HAR\u0130KA VE OLA\u011eAN\u00dcST\u00dc B\u0130R\u0130S\u0130N. Herkes ara s\u0131ra kendinden ku\u015fku duyar ama ba\u015fkalar\u0131n\u0131n senin hakk\u0131nda ne d\u00fc\u015f\u00fcnebilece\u011fi konusunda s\u0131kl\u0131kla endi\u015feleniyorsan, belki de asl\u0131nda ne<span class=\"excerpt-hellip\"> [\u2026]<\/span><\/p>\n","protected":false},"featured_media":0,"template":"","meta":{"_monsterinsights_skip_tracking":false,"_monsterinsights_sitenote_active":false,"_monsterinsights_sitenote_note":"","_monsterinsights_sitenote_category":0},"product_brand":[],"product_cat":[12364,12376],"product_tag":[],"class_list":{"0":"post-764378","1":"product","2":"type-product","3":"status-publish","5":"product_cat-genel-konular","6":"product_cat-kisisel-gelisim","7":"pa_cilt-ciltsiz","8":"pa_tur-kitap","9":"pa_yayinevi-hep-kitap","10":"pa_yazar-poppy-oneill","12":"first","13":"instock","14":"sale","15":"shipping-taxable","16":"purchasable","17":"product-type-simple"},"_links":{"self":[{"href":"https:\/\/roveyayinevi.com.tr\/index.php\/wp-json\/wp\/v2\/product\/764378","targetHints":{"allow":["GET"]}}],"collection":[{"href":"https:\/\/roveyayinevi.com.tr\/index.php\/wp-json\/wp\/v2\/product"}],"about":[{"href":"https:\/\/roveyayinevi.com.tr\/index.php\/wp-json\/wp\/v2\/types\/product"}],"wp:attachment":[{"href":"https:\/\/roveyayinevi.com.tr\/index.php\/wp-json\/wp\/v2\/media?parent=764378"}],"wp:term":[{"taxonomy":"product_brand","embeddable":true,"href":"https:\/\/roveyayinevi.com.tr\/index.php\/wp-json\/wp\/v2\/product_brand?post=764378"},{"taxonomy":"product_cat","embeddable":true,"href":"https:\/\/roveyayinevi.com.tr\/index.php\/wp-json\/wp\/v2\/product_cat?post=764378"},{"taxonomy":"product_tag","embeddable":true,"href":"https:\/\/roveyayinevi.com.tr\/index.php\/wp-json\/wp\/v2\/product_tag?post=764378"}],"curies":[{"name":"wp","href":"https:\/\/api.w.org\/{rel}","templated":true}]}}