{"id":764372,"date":"2025-08-28T11:08:31","date_gmt":"2025-08-28T08:08:31","guid":{"rendered":"https:\/\/roveyayinevi.com.tr\/index.php\/urun\/kahvenin-pesinde-avrupa-cafelerinde-paris\/"},"modified":"2026-04-15T03:30:16","modified_gmt":"2026-04-15T00:30:16","slug":"kahvenin-pesinde-avrupa-cafelerinde-paris","status":"publish","type":"product","link":"https:\/\/roveyayinevi.com.tr\/index.php\/urun\/kahvenin-pesinde-avrupa-cafelerinde-paris\/","title":{"rendered":"Kahvenin Pe\u015finde &#8211; Avrupa Cafe&#8217;lerinde Paris"},"content":{"rendered":"<p>Hi\u00e7li\u011fin, edebiyat\u0131n ve dolay\u0131s\u0131yla erotizmin ba\u015fkentidir Paris. Bu y\u00fczden bitmeyen, olan bitenin t\u00fcm\u00fcne h\u00e2kim olamad\u0131\u011f\u0131n\u0131z gizli bir \u015fey hep kal\u0131r. (&#8230;) kabukludur Parisli, bu y\u00fczden oyuncudur, bu y\u00fczden sanatla beslenmi\u015ftir. Romantiktir ama i\u00e7 bay\u0131c\u0131 bir \u2018kitch\u2019e de\u011fil, erotizme giden bir romantizmdir bu. Bu y\u00fczden hem biraz gizli kapakl\u0131 hem de \u00e7apk\u0131nd\u0131r, oyuncudur&#8230; Cem Selcen kahvenin pe\u015finde \u00e7\u0131kt\u0131\u011f\u0131 Avrupa yolculu\u011funda bu defa Paris\u2019te a\u00e7\u0131yor defterlerini; bir k\u00f6\u015fede oturup ortal\u0131\u011fa bak\u0131yor, tarihini soluyor \u015fehrin. Ama ne tarih&#8230;D\u00fcnya edebiyat\u0131n\u0131n da ba\u015fkenti olan bu \u015fehirde kimi zaman Hugo\u2019nun, Balzac\u2019\u0131n, Camus\u2019n\u00fcn, Sartre ile Simone de Beauvoir\u2019\u0131n ayak izlerini takip ediyor, kimi zaman o u\u011frak yerlerin \u00e7ok okudu\u011fumuz, \u00e7ok sevdi\u011fimiz m\u00fc\u015fterilerinin hik\u00e2yelerini. Bazen de turist olman\u0131n verdi\u011fi rahatl\u0131kla iyi bir milf\u00f6y u\u011fruna a\u015f\u0131yor kilometreleri. Ve ortaya tam da Paris\u2019e yara\u015f\u0131r \u015fekilde, i\u015ftah a\u00e7\u0131c\u0131, her sayfada vaat etti\u011finden \u00e7ok daha fazlas\u0131n\u0131 veren, bazen gizemli, bazen t\u00fcm derdini ortaya seren bir kitap \u00e7\u0131k\u0131yor. Kahvenin Pe\u015finde \/ Avrupa Caf\u00e9\u2019lerinde dizisi Paris ile devam ediyor&#8230;<\/p>\n","protected":false},"excerpt":{"rendered":"<p>Hi\u00e7li\u011fin, edebiyat\u0131n ve dolay\u0131s\u0131yla erotizmin ba\u015fkentidir Paris. Bu y\u00fczden bitmeyen, olan bitenin t\u00fcm\u00fcne h\u00e2kim olamad\u0131\u011f\u0131n\u0131z gizli bir \u015fey hep kal\u0131r. (&#8230;) kabukludur Parisli, bu y\u00fczden oyuncudur,<span class=\"excerpt-hellip\"> [\u2026]<\/span><\/p>\n","protected":false},"featured_media":0,"template":"","meta":{"_monsterinsights_skip_tracking":false,"_monsterinsights_sitenote_active":false,"_monsterinsights_sitenote_note":"","_monsterinsights_sitenote_category":0},"product_brand":[],"product_cat":[12291,12711],"product_tag":[],"class_list":{"0":"post-764372","1":"product","2":"type-product","3":"status-publish","5":"product_cat-edebiyat","6":"product_cat-roman-oyku","7":"pa_cilt-ciltsiz","8":"pa_tur-kitap","9":"pa_yayinevi-hep-kitap","10":"pa_yazar-cem-selcen","12":"first","13":"instock","14":"sale","15":"shipping-taxable","16":"purchasable","17":"product-type-simple"},"_links":{"self":[{"href":"https:\/\/roveyayinevi.com.tr\/index.php\/wp-json\/wp\/v2\/product\/764372","targetHints":{"allow":["GET"]}}],"collection":[{"href":"https:\/\/roveyayinevi.com.tr\/index.php\/wp-json\/wp\/v2\/product"}],"about":[{"href":"https:\/\/roveyayinevi.com.tr\/index.php\/wp-json\/wp\/v2\/types\/product"}],"wp:attachment":[{"href":"https:\/\/roveyayinevi.com.tr\/index.php\/wp-json\/wp\/v2\/media?parent=764372"}],"wp:term":[{"taxonomy":"product_brand","embeddable":true,"href":"https:\/\/roveyayinevi.com.tr\/index.php\/wp-json\/wp\/v2\/product_brand?post=764372"},{"taxonomy":"product_cat","embeddable":true,"href":"https:\/\/roveyayinevi.com.tr\/index.php\/wp-json\/wp\/v2\/product_cat?post=764372"},{"taxonomy":"product_tag","embeddable":true,"href":"https:\/\/roveyayinevi.com.tr\/index.php\/wp-json\/wp\/v2\/product_tag?post=764372"}],"curies":[{"name":"wp","href":"https:\/\/api.w.org\/{rel}","templated":true}]}}