{"id":764368,"date":"2025-08-28T11:08:23","date_gmt":"2025-08-28T08:08:23","guid":{"rendered":"https:\/\/roveyayinevi.com.tr\/index.php\/urun\/yaprak-2\/"},"modified":"2026-04-15T03:30:16","modified_gmt":"2026-04-15T00:30:16","slug":"yaprak-2","status":"publish","type":"product","link":"https:\/\/roveyayinevi.com.tr\/index.php\/urun\/yaprak-2\/","title":{"rendered":"Yaprak"},"content":{"rendered":"<p>Bir kutup ay\u0131s\u0131 vah\u015fi orman\u0131n k\u0131y\u0131s\u0131na vurdu\u011funda, \u00f6teki hayvanlar ondan korkup ka\u00e7\u0131n\u0131r. Sonra bir g\u00fcn, onun inan\u0131lmaz bir \u015feye kalk\u0131\u015fmas\u0131na tan\u0131k olurlar. \u201cDieckmann, g\u00fcn\u00fcm\u00fcz\u00fcn en zorlu konular\u0131n\u0131 \u015fa\u015f\u0131rt\u0131c\u0131 derecede basit bir hik\u00e2yede harmanlayarak g\u00fczelce i\u015fliyor.\u201d &#8211; Kirkus Reviews, STARRED REVIEW \u201cG\u00fczel bir ilk eser.\u201d &#8211; Guardian<\/p>\n","protected":false},"excerpt":{"rendered":"<p>Bir kutup ay\u0131s\u0131 vah\u015fi orman\u0131n k\u0131y\u0131s\u0131na vurdu\u011funda, \u00f6teki hayvanlar ondan korkup ka\u00e7\u0131n\u0131r. Sonra bir g\u00fcn, onun inan\u0131lmaz bir \u015feye kalk\u0131\u015fmas\u0131na tan\u0131k olurlar. \u201cDieckmann, g\u00fcn\u00fcm\u00fcz\u00fcn en zorlu<span class=\"excerpt-hellip\"> [\u2026]<\/span><\/p>\n","protected":false},"featured_media":0,"template":"","meta":{"_monsterinsights_skip_tracking":false,"_monsterinsights_sitenote_active":false,"_monsterinsights_sitenote_note":"","_monsterinsights_sitenote_category":0},"product_brand":[],"product_cat":[12274,12518],"product_tag":[],"class_list":{"0":"post-764368","1":"product","2":"type-product","3":"status-publish","5":"product_cat-cocuk-ve-genclik-kitaplari","6":"product_cat-okul-oncesi-kitaplar","7":"pa_cilt-ciltsiz","8":"pa_tur-kitap","9":"pa_yayinevi-hep-kitap","10":"pa_yazar-sandra-dieckmann","12":"first","13":"instock","14":"sale","15":"shipping-taxable","16":"purchasable","17":"product-type-simple"},"_links":{"self":[{"href":"https:\/\/roveyayinevi.com.tr\/index.php\/wp-json\/wp\/v2\/product\/764368","targetHints":{"allow":["GET"]}}],"collection":[{"href":"https:\/\/roveyayinevi.com.tr\/index.php\/wp-json\/wp\/v2\/product"}],"about":[{"href":"https:\/\/roveyayinevi.com.tr\/index.php\/wp-json\/wp\/v2\/types\/product"}],"wp:attachment":[{"href":"https:\/\/roveyayinevi.com.tr\/index.php\/wp-json\/wp\/v2\/media?parent=764368"}],"wp:term":[{"taxonomy":"product_brand","embeddable":true,"href":"https:\/\/roveyayinevi.com.tr\/index.php\/wp-json\/wp\/v2\/product_brand?post=764368"},{"taxonomy":"product_cat","embeddable":true,"href":"https:\/\/roveyayinevi.com.tr\/index.php\/wp-json\/wp\/v2\/product_cat?post=764368"},{"taxonomy":"product_tag","embeddable":true,"href":"https:\/\/roveyayinevi.com.tr\/index.php\/wp-json\/wp\/v2\/product_tag?post=764368"}],"curies":[{"name":"wp","href":"https:\/\/api.w.org\/{rel}","templated":true}]}}