{"id":764367,"date":"2025-08-28T11:08:21","date_gmt":"2025-08-28T08:08:21","guid":{"rendered":"https:\/\/roveyayinevi.com.tr\/index.php\/urun\/iliklerine-kadar-yazmak-icindeki-yazari-ozgur-birakmak-icin-60-kart\/"},"modified":"2026-04-15T03:30:16","modified_gmt":"2026-04-15T00:30:16","slug":"iliklerine-kadar-yazmak-icindeki-yazari-ozgur-birakmak-icin-60-kart","status":"publish","type":"product","link":"https:\/\/roveyayinevi.com.tr\/index.php\/urun\/iliklerine-kadar-yazmak-icindeki-yazari-ozgur-birakmak-icin-60-kart\/","title":{"rendered":"\u0130liklerine Kadar Yazmak: \u0130\u00e7indeki Yazar\u0131 \u00d6zg\u00fcr B\u0131rakmak \u0130\u00e7in 60 Kart"},"content":{"rendered":"<p>\u201cSizin i\u00e7in dile\u011fim \u015fu: Kartlar\u0131 \u00e7\u0131kar\u0131n, bir y\u00fcz\u00fcndeki konuyu ele al\u0131n ve yaz\u0131n, yaz\u0131n, yaz\u0131n\u2026 Unutmay\u0131n: \u0130yi ya da k\u00f6t\u00fc yok, sadece sayfadaki kelimeler var. Ba\u015far\u0131 ya da ba\u015far\u0131s\u0131zl\u0131k yok.\u201d Yazmaya \u201cD\u00fc\u015f\u00fcn\u00fcyorum da\u2026\u201d diye ba\u015flay\u0131p neler yazabilirsiniz? Ya da \u201cD\u00fc\u015f\u00fcnm\u00fcyorum\u2026\u201d diye ba\u015flay\u0131p. Sessiz olan \u015feyler hakk\u0131nda yazmaya ne dersiniz? Mesela k\u0131zarm\u0131\u015f ekme\u011fin \u00fczerinde eriyen tereya\u011f\u0131. Bir k\u00e2sede duran \u00fc\u00e7 zeytin\u2026 Kendinizi en \u00e7ok nerede yaln\u0131z hissediyorsunuz? Brokoliyi daha \u00f6nce hi\u00e7 g\u00f6rmemi\u015f birine tarif edebilir misiniz? \u0130liklerine Kadar Yazmak kitab\u0131 onlarca dile \u00e7evrilen Natalie Goldberg herkesin sordu\u011fu \u201cNereden ba\u015flamal\u0131y\u0131m?\u201d sorusuna yan\u0131t veriyor. Tam buradan! Bu kartlar, sundu\u011fu 60 konu ba\u015fl\u0131\u011f\u0131yla hem zihninizi canland\u0131racak hem de yazma yolculu\u011funuzda ihtiya\u00e7 duydu\u011funuz \u00f6zg\u00fcveni kazanman\u0131za yard\u0131mc\u0131 olacak. Her kart\u0131n \u00f6n taraf\u0131nda bir konu, arkas\u0131nda ise otuz y\u0131l\u0131 a\u015fk\u0131n s\u00fcredir yarat\u0131c\u0131 yazarl\u0131k alan\u0131nda \u00e7al\u0131\u015fan Natalie Goldberg\u2019in yal\u0131n, samimi kaleminden k\u0131sa bir ders var. Konular\u0131 birka\u00e7 farkl\u0131 a\u00e7\u0131dan ele al\u0131yor, bu sayede yazarlara ve yazar adaylar\u0131na \u015f\u0131k bir kutu i\u00e7inde yer alan 60 kartla, tekrar tekrar ilham veriyor.<\/p>\n","protected":false},"excerpt":{"rendered":"<p>\u201cSizin i\u00e7in dile\u011fim \u015fu: Kartlar\u0131 \u00e7\u0131kar\u0131n, bir y\u00fcz\u00fcndeki konuyu ele al\u0131n ve yaz\u0131n, yaz\u0131n, yaz\u0131n\u2026 Unutmay\u0131n: \u0130yi ya da k\u00f6t\u00fc yok, sadece sayfadaki kelimeler var. Ba\u015far\u0131<span class=\"excerpt-hellip\"> [\u2026]<\/span><\/p>\n","protected":false},"featured_media":0,"template":"","meta":{"_monsterinsights_skip_tracking":false,"_monsterinsights_sitenote_active":false,"_monsterinsights_sitenote_note":"","_monsterinsights_sitenote_category":0},"product_brand":[],"product_cat":[13072,12291],"product_tag":[],"class_list":{"0":"post-764367","1":"product","2":"type-product","3":"status-publish","5":"product_cat-arastirma-inceleme-referans","6":"product_cat-edebiyat","7":"pa_cilt-ciltsiz","8":"pa_tur-kitap","9":"pa_yayinevi-hep-kitap","10":"pa_yazar-natalie-goldberg","12":"first","13":"instock","14":"sale","15":"shipping-taxable","16":"purchasable","17":"product-type-simple"},"_links":{"self":[{"href":"https:\/\/roveyayinevi.com.tr\/index.php\/wp-json\/wp\/v2\/product\/764367","targetHints":{"allow":["GET"]}}],"collection":[{"href":"https:\/\/roveyayinevi.com.tr\/index.php\/wp-json\/wp\/v2\/product"}],"about":[{"href":"https:\/\/roveyayinevi.com.tr\/index.php\/wp-json\/wp\/v2\/types\/product"}],"wp:attachment":[{"href":"https:\/\/roveyayinevi.com.tr\/index.php\/wp-json\/wp\/v2\/media?parent=764367"}],"wp:term":[{"taxonomy":"product_brand","embeddable":true,"href":"https:\/\/roveyayinevi.com.tr\/index.php\/wp-json\/wp\/v2\/product_brand?post=764367"},{"taxonomy":"product_cat","embeddable":true,"href":"https:\/\/roveyayinevi.com.tr\/index.php\/wp-json\/wp\/v2\/product_cat?post=764367"},{"taxonomy":"product_tag","embeddable":true,"href":"https:\/\/roveyayinevi.com.tr\/index.php\/wp-json\/wp\/v2\/product_tag?post=764367"}],"curies":[{"name":"wp","href":"https:\/\/api.w.org\/{rel}","templated":true}]}}