{"id":764366,"date":"2025-08-28T11:08:19","date_gmt":"2025-08-28T08:08:19","guid":{"rendered":"https:\/\/roveyayinevi.com.tr\/index.php\/urun\/iliklerine-kadar-yazmak\/"},"modified":"2026-04-15T03:30:16","modified_gmt":"2026-04-15T00:30:16","slug":"iliklerine-kadar-yazmak","status":"publish","type":"product","link":"https:\/\/roveyayinevi.com.tr\/index.php\/urun\/iliklerine-kadar-yazmak\/","title":{"rendered":"\u0130liklerine Kadar Yazmak"},"content":{"rendered":"<p>Yazmak kendimizle tan\u0131\u015fmak ve yak\u0131nla\u015fmak i\u00e7in bir yoldur. Bir d\u00fc\u015f\u00fcn\u00fcn: Kar\u0131ncalar bunu yapmaz. A\u011fa\u00e7lar yapmaz. Safkan atlar, da\u011f geyikleri, ev kedileri, \u00e7imenler ya da kayalar yapmaz. Yazmak insanlara \u00f6zg\u00fc bir faaliyettir. (\u2026) Yazmak s\u0131n\u0131rlar\u0131m\u0131z\u0131 b\u0131rakmam\u0131z\u0131 ve her \u015feyle birle\u015febilmemizi sa\u011flar. Otuz y\u0131ldan uzun s\u00fcredir yarat\u0131c\u0131 yazarl\u0131k dersleri veren Natalie Goldberg, \u00f6\u011frencilerinden ve okurlar\u0131ndan iliklerine kadar yazmalar\u0131n\u0131 istiyor; zihinlerindeki kat\u0131\u015f\u0131ks\u0131z, apa\u00e7\u0131k ifadeleri duymay\u0131 arzuluyor. Yazma tekni\u011fini \u00f6\u011frettikten sonra, \u201cTamam, \u015fimdi b\u00fcy\u00fck bir d\u00fcr\u00fcstl\u00fckle yaz\u0131n\u201d demenin bir i\u015fe yaramad\u0131\u011f\u0131n\u0131n fark\u0131nda. O y\u00fczden bu kitab\u0131nda kimi zaman yazman\u0131n y\u00fczde doksan\u0131n\u0131n dinlemek oldu\u011fundan, kimi zaman fiil kullan\u0131m\u0131ndan, kimi zaman \u015f\u00fcphelerin \u00fcstesinden gelmekten, kimi zaman k\u00f6klerimizi kaz\u0131y\u0131p \u00e7\u0131karmaktan, kimi zaman da yazacak bir restoran bulman\u0131n inceliklerinden ve hi\u00e7bir \u015fey yapmadan bir y\u00fcr\u00fcy\u00fc\u015fe \u00e7\u0131kman\u0131n \u00f6neminden bahsediyor. \u0130lk kez yay\u0131mland\u0131\u011f\u0131 1986 senesinden bu yana okullar\u0131nm\u00fcfredat\u0131na bile giren \u0130liklerine Kadar Yazmak sayesindei\u00e7inizdeki yazar\u0131 \u00f6zg\u00fcr b\u0131rakacak, hatta belki de hi\u00e7 bilmedi\u011finiz yazar y\u00f6n\u00fcn\u00fczle tan\u0131\u015facaks\u0131n\u0131z! <\/p>\n","protected":false},"excerpt":{"rendered":"<p>Yazmak kendimizle tan\u0131\u015fmak ve yak\u0131nla\u015fmak i\u00e7in bir yoldur. Bir d\u00fc\u015f\u00fcn\u00fcn: Kar\u0131ncalar bunu yapmaz. A\u011fa\u00e7lar yapmaz. Safkan atlar, da\u011f geyikleri, ev kedileri, \u00e7imenler ya da kayalar yapmaz.<span class=\"excerpt-hellip\"> [\u2026]<\/span><\/p>\n","protected":false},"featured_media":0,"template":"","meta":{"_monsterinsights_skip_tracking":false,"_monsterinsights_sitenote_active":false,"_monsterinsights_sitenote_note":"","_monsterinsights_sitenote_category":0},"product_brand":[],"product_cat":[12777,12291],"product_tag":[],"class_list":{"0":"post-764366","1":"product","2":"type-product","3":"status-publish","5":"product_cat-deneme","6":"product_cat-edebiyat","7":"pa_cilt-ciltsiz","8":"pa_tur-kitap","9":"pa_yayinevi-hep-kitap","10":"pa_yazar-natalie-goldberg","12":"first","13":"instock","14":"sale","15":"shipping-taxable","16":"purchasable","17":"product-type-simple"},"_links":{"self":[{"href":"https:\/\/roveyayinevi.com.tr\/index.php\/wp-json\/wp\/v2\/product\/764366","targetHints":{"allow":["GET"]}}],"collection":[{"href":"https:\/\/roveyayinevi.com.tr\/index.php\/wp-json\/wp\/v2\/product"}],"about":[{"href":"https:\/\/roveyayinevi.com.tr\/index.php\/wp-json\/wp\/v2\/types\/product"}],"wp:attachment":[{"href":"https:\/\/roveyayinevi.com.tr\/index.php\/wp-json\/wp\/v2\/media?parent=764366"}],"wp:term":[{"taxonomy":"product_brand","embeddable":true,"href":"https:\/\/roveyayinevi.com.tr\/index.php\/wp-json\/wp\/v2\/product_brand?post=764366"},{"taxonomy":"product_cat","embeddable":true,"href":"https:\/\/roveyayinevi.com.tr\/index.php\/wp-json\/wp\/v2\/product_cat?post=764366"},{"taxonomy":"product_tag","embeddable":true,"href":"https:\/\/roveyayinevi.com.tr\/index.php\/wp-json\/wp\/v2\/product_tag?post=764366"}],"curies":[{"name":"wp","href":"https:\/\/api.w.org\/{rel}","templated":true}]}}