{"id":764364,"date":"2025-08-28T11:08:16","date_gmt":"2025-08-28T08:08:16","guid":{"rendered":"https:\/\/roveyayinevi.com.tr\/index.php\/urun\/ileri-seviye-numeroloji\/"},"modified":"2026-04-08T03:26:37","modified_gmt":"2026-04-08T00:26:37","slug":"ileri-seviye-numeroloji","status":"publish","type":"product","link":"https:\/\/roveyayinevi.com.tr\/index.php\/urun\/ileri-seviye-numeroloji\/","title":{"rendered":"\u0130leri Seviye Numeroloji"},"content":{"rendered":"<p>Numerolog Melis Aygen\u2019in kapsaml\u0131 bir rehber olarak kaleme ald\u0131\u011f\u0131 Numeroloji Kitab\u0131\u2019ndan sonra adeta bir ya\u015fam k\u0131lavuzu niteli\u011findeki \u0130leri Seviye Numeroloji, say\u0131lar\u0131 ke\u015ffedece\u011finiz heyecanl\u0131 yolculu\u011fu ba\u015f- ka bir rotaya ta\u015f\u0131yor. Numeroloji teorisinin yine isim, g\u00f6bek isim ve soy isimle birlikte do\u011fum tarihiyle yay\u0131lan titre\u015fimleri- ni bir ad\u0131m daha \u00f6teye g\u00f6t\u00fcrerek daha derine iniyor. Evrensel ve ki\u015fisel g\u00fcn, ay, y\u0131l numaralar\u0131n\u0131z\u0131 \u00f6\u011fre- nerek ya\u015fam\u0131n\u0131z\u0131n d\u00f6ng\u00fclerine h\u00e2kim olacak; ifade d\u00fczlemlerinizle harflerin hayat\u0131n\u0131z\u0131 nas\u0131l etkiledi\u011fi- ni fark edecek; meydan okuma ve zirve numaralar\u0131n\u0131z\u0131n deste\u011finde se\u00e7imlerinizi yaparken hayat boyu ba\u015fvuraca\u011f\u0131n\u0131z bir rehber daha edineceksiniz. Hem anla\u015f\u0131lmas\u0131 hem de uygulamas\u0131 son derece kolay anlat\u0131m\u0131yla, ad\u0131m ad\u0131m sonuca g\u00f6t\u00fcren bir \u00e7a- l\u0131\u015fma k\u0131lavuzu \u015feklinde tasarlanan \u0130leri Seviye Numeroloji, say\u0131lar\u0131n ve harflerin t\u0131ls\u0131m\u0131yla ya\u015fam\u0131n\u0131z\u0131n farkl\u0131 alanlar\u0131n\u0131 ayd\u0131nlataca\u011f\u0131n\u0131z ve hayat d\u00f6ng\u00fclerinizin hassasiyetinin fark\u0131na varaca\u011f\u0131n\u0131z \u00f6nemli bir destek\u00e7iniz olacak. Alt\u0131nc\u0131 y\u00fczy\u0131ldan bu yana varl\u0131\u011f\u0131n\u0131 s\u00fcrd\u00fcren kadim say\u0131 ilmi numeroloji ayn\u0131 zamanda sanatt\u0131r, siz de en nadide sanat\u00e7\u0131s\u0131n\u0131z. O geni\u015f tuvalinize en ho\u015f renklerinizle i\u00e7inizdeki sanat\u0131n\u0131z\u0131 yans\u0131t\u0131n!<\/p>\n","protected":false},"excerpt":{"rendered":"<p>Numerolog Melis Aygen\u2019in kapsaml\u0131 bir rehber olarak kaleme ald\u0131\u011f\u0131 Numeroloji Kitab\u0131\u2019ndan sonra adeta bir ya\u015fam k\u0131lavuzu niteli\u011findeki \u0130leri Seviye Numeroloji, say\u0131lar\u0131 ke\u015ffedece\u011finiz heyecanl\u0131 yolculu\u011fu ba\u015f- ka<span class=\"excerpt-hellip\"> [\u2026]<\/span><\/p>\n","protected":false},"featured_media":0,"template":"","meta":{"_monsterinsights_skip_tracking":false,"_monsterinsights_sitenote_active":false,"_monsterinsights_sitenote_note":"","_monsterinsights_sitenote_category":0},"product_brand":[],"product_cat":[12364,12376],"product_tag":[],"class_list":{"0":"post-764364","1":"product","2":"type-product","3":"status-publish","5":"product_cat-genel-konular","6":"product_cat-kisisel-gelisim","7":"pa_cilt-ciltsiz","8":"pa_tur-kitap","9":"pa_yayinevi-pika-yayinevi","10":"pa_yazar-melis-aygen","12":"first","13":"instock","14":"sale","15":"shipping-taxable","16":"purchasable","17":"product-type-simple"},"_links":{"self":[{"href":"https:\/\/roveyayinevi.com.tr\/index.php\/wp-json\/wp\/v2\/product\/764364","targetHints":{"allow":["GET"]}}],"collection":[{"href":"https:\/\/roveyayinevi.com.tr\/index.php\/wp-json\/wp\/v2\/product"}],"about":[{"href":"https:\/\/roveyayinevi.com.tr\/index.php\/wp-json\/wp\/v2\/types\/product"}],"wp:attachment":[{"href":"https:\/\/roveyayinevi.com.tr\/index.php\/wp-json\/wp\/v2\/media?parent=764364"}],"wp:term":[{"taxonomy":"product_brand","embeddable":true,"href":"https:\/\/roveyayinevi.com.tr\/index.php\/wp-json\/wp\/v2\/product_brand?post=764364"},{"taxonomy":"product_cat","embeddable":true,"href":"https:\/\/roveyayinevi.com.tr\/index.php\/wp-json\/wp\/v2\/product_cat?post=764364"},{"taxonomy":"product_tag","embeddable":true,"href":"https:\/\/roveyayinevi.com.tr\/index.php\/wp-json\/wp\/v2\/product_tag?post=764364"}],"curies":[{"name":"wp","href":"https:\/\/api.w.org\/{rel}","templated":true}]}}