{"id":764363,"date":"2025-08-28T11:08:14","date_gmt":"2025-08-28T08:08:14","guid":{"rendered":"https:\/\/roveyayinevi.com.tr\/index.php\/urun\/hayvanlarin-gizemi\/"},"modified":"2026-04-15T03:30:16","modified_gmt":"2026-04-15T00:30:16","slug":"hayvanlarin-gizemi","status":"publish","type":"product","link":"https:\/\/roveyayinevi.com.tr\/index.php\/urun\/hayvanlarin-gizemi\/","title":{"rendered":"Hayvanlar\u0131n Gizemi"},"content":{"rendered":"<p>Yunuslar birbirlerine isimleriyle hitap eder; \u015fempanzeler stratejik sava\u015flar y\u00fcr\u00fct\u00fcr; bonobolar k\u00fcf\u00fcrl\u00fc konu\u015fmaya bay\u0131l\u0131r; kambur balinalar moday\u0131 takip eder; fareler parti d\u00fczenlemekten \u00e7ok ho\u015flan\u0131r; kar\u0131ncalar aynada kendi g\u00f6r\u00fcnt\u00fcs\u00fcn\u00fc tan\u0131r ve yuvas\u0131na d\u00f6nmeden \u00f6nce kendine \u00e7ekid\u00fczen verir; \u00f6rdek yavrular\u0131 soyut d\u00fc\u015f\u00fcnmeyi gerektiren \u00e7etrefil testleri ge\u00e7ebilir; k\u00f6pekler hainli\u011fi cezaland\u0131r\u0131r ama \u00f6z\u00fcr dilenince affedebilir; \u00f6r\u00fcmcekler mesle\u011fini karakter \u00f6zelliklerini ve ki\u015fisel zevklerini dikkate alarak se\u00e7er.Ve insanlar bu gizem kar\u015f\u0131s\u0131nda \u015fa\u015f\u0131r\u0131p kal\u0131r. \u00dcnl\u00fc biyolog ve davran\u0131\u015f bilimcisi Karsten Brensing okuru insan ve hayvanlarda zihin geli\u015fiminin k\u00f6kenlerine g\u00f6t\u00fcr\u00fcyor. Hayvanlar\u0131n Gizemi, hayvanlar\u0131n zihninde neler olup bitti\u011fini merak eden herkes i\u00e7in ola\u011fan\u00fcst\u00fc bir kitap!<\/p>\n","protected":false},"excerpt":{"rendered":"<p>Yunuslar birbirlerine isimleriyle hitap eder; \u015fempanzeler stratejik sava\u015flar y\u00fcr\u00fct\u00fcr; bonobolar k\u00fcf\u00fcrl\u00fc konu\u015fmaya bay\u0131l\u0131r; kambur balinalar moday\u0131 takip eder; fareler parti d\u00fczenlemekten \u00e7ok ho\u015flan\u0131r; kar\u0131ncalar aynada kendi<span class=\"excerpt-hellip\"> [\u2026]<\/span><\/p>\n","protected":false},"featured_media":0,"template":"","meta":{"_monsterinsights_skip_tracking":false,"_monsterinsights_sitenote_active":false,"_monsterinsights_sitenote_note":"","_monsterinsights_sitenote_category":0},"product_brand":[],"product_cat":[12364,16266],"product_tag":[],"class_list":{"0":"post-764363","1":"product","2":"type-product","3":"status-publish","5":"product_cat-genel-konular","6":"product_cat-referans-kaynak-kitap","7":"pa_cilt-ciltsiz","8":"pa_tur-kitap","9":"pa_yayinevi-hep-kitap","10":"pa_yazar-karsten-brensing","12":"first","13":"instock","14":"sale","15":"shipping-taxable","16":"purchasable","17":"product-type-simple"},"_links":{"self":[{"href":"https:\/\/roveyayinevi.com.tr\/index.php\/wp-json\/wp\/v2\/product\/764363","targetHints":{"allow":["GET"]}}],"collection":[{"href":"https:\/\/roveyayinevi.com.tr\/index.php\/wp-json\/wp\/v2\/product"}],"about":[{"href":"https:\/\/roveyayinevi.com.tr\/index.php\/wp-json\/wp\/v2\/types\/product"}],"wp:attachment":[{"href":"https:\/\/roveyayinevi.com.tr\/index.php\/wp-json\/wp\/v2\/media?parent=764363"}],"wp:term":[{"taxonomy":"product_brand","embeddable":true,"href":"https:\/\/roveyayinevi.com.tr\/index.php\/wp-json\/wp\/v2\/product_brand?post=764363"},{"taxonomy":"product_cat","embeddable":true,"href":"https:\/\/roveyayinevi.com.tr\/index.php\/wp-json\/wp\/v2\/product_cat?post=764363"},{"taxonomy":"product_tag","embeddable":true,"href":"https:\/\/roveyayinevi.com.tr\/index.php\/wp-json\/wp\/v2\/product_tag?post=764363"}],"curies":[{"name":"wp","href":"https:\/\/api.w.org\/{rel}","templated":true}]}}