{"id":764360,"date":"2025-08-28T11:08:10","date_gmt":"2025-08-28T08:08:10","guid":{"rendered":"https:\/\/roveyayinevi.com.tr\/index.php\/urun\/havva-2\/"},"modified":"2026-04-15T03:30:16","modified_gmt":"2026-04-15T00:30:16","slug":"havva-2","status":"publish","type":"product","link":"https:\/\/roveyayinevi.com.tr\/index.php\/urun\/havva-2\/","title":{"rendered":"Havva"},"content":{"rendered":"<p>\u201cCinsiyetlendirilmi\u015f bir t\u00fcr oldu\u011fumuz i\u00e7in Homo sapiens olman\u0131n ne demek oldu\u011fundan bahsederken hesaba katmam\u0131z gereken \u00f6nemli \u015feyler var. Kad\u0131n v\u00fccudunu da resme dahil etmemiz gerekiyor. Etmedi\u011fimizde \u00f6d\u00fcn verdi\u011fimiz tek \u015fey feminizm olmuyor. Yar\u0131m\u0131z\u0131n memeleri oldu\u011fu ger\u00e7e\u011fini g\u00f6rmezden geldi\u011fimizde modern t\u0131p, n\u00f6robiyoloji, paleoantropoloji ve hatta evrimsel biyoloji de zarar g\u00f6r\u00fcyor.\u201dKad\u0131n bedeni insan\u0131n 200 milyon y\u0131ll\u0131k evrimine nas\u0131l liderlik etti? Kad\u0131nlar neden erkeklerden daha uzun ya\u015f\u0131yor? Kad\u0131nlar\u0131n Alzheimer hastas\u0131 olma ihtimali neden daha y\u00fcksek? Cinsiyet\u00e7ilik evrimi nas\u0131l etkiliyor? K\u0131zlar neden ergenli\u011fe kadar akademik testlerde b\u00fct\u00fcn alanlarda erkeklerden daha iyi sonu\u00e7lar elde ederken ergenlikten sonra dengeler de\u011fi\u015fiyor? Neden kad\u0131nlar menopozda her gece ter i\u00e7inde uyan\u0131yor?Cat Bohannon, d\u00fcnyada b\u00fcy\u00fck yank\u0131 uyand\u0131ran kitab\u0131 \u201cHavva\u201dda, bunlar gibi pek \u00e7ok merak edilen soruya \u0131\u015f\u0131k tutuyor. \u201cHavva\u201d sadece insanl\u0131k tarihinin kapsaml\u0131 bir analizi de\u011fil, ayn\u0131 zamanda uzun s\u00fcredir erkek bedenine odaklanan bir d\u00fcnya i\u00e7in acil ve gerekli bir d\u00fczeltme. <\/p>\n","protected":false},"excerpt":{"rendered":"<p>\u201cCinsiyetlendirilmi\u015f bir t\u00fcr oldu\u011fumuz i\u00e7in Homo sapiens olman\u0131n ne demek oldu\u011fundan bahsederken hesaba katmam\u0131z gereken \u00f6nemli \u015feyler var. Kad\u0131n v\u00fccudunu da resme dahil etmemiz gerekiyor. Etmedi\u011fimizde<span class=\"excerpt-hellip\"> [\u2026]<\/span><\/p>\n","protected":false},"featured_media":0,"template":"","meta":{"_monsterinsights_skip_tracking":false,"_monsterinsights_sitenote_active":false,"_monsterinsights_sitenote_note":"","_monsterinsights_sitenote_category":0},"product_brand":[],"product_cat":[13005,13006],"product_tag":[],"class_list":{"0":"post-764360","1":"product","2":"type-product","3":"status-publish","5":"product_cat-bilim-muhendislik","6":"product_cat-populer-bilim","7":"pa_cilt-ciltsiz","8":"pa_tur-kitap","9":"pa_yayinevi-hep-kitap","10":"pa_yazar-cat-bohannon","12":"first","13":"instock","14":"sale","15":"shipping-taxable","16":"purchasable","17":"product-type-simple"},"_links":{"self":[{"href":"https:\/\/roveyayinevi.com.tr\/index.php\/wp-json\/wp\/v2\/product\/764360","targetHints":{"allow":["GET"]}}],"collection":[{"href":"https:\/\/roveyayinevi.com.tr\/index.php\/wp-json\/wp\/v2\/product"}],"about":[{"href":"https:\/\/roveyayinevi.com.tr\/index.php\/wp-json\/wp\/v2\/types\/product"}],"wp:attachment":[{"href":"https:\/\/roveyayinevi.com.tr\/index.php\/wp-json\/wp\/v2\/media?parent=764360"}],"wp:term":[{"taxonomy":"product_brand","embeddable":true,"href":"https:\/\/roveyayinevi.com.tr\/index.php\/wp-json\/wp\/v2\/product_brand?post=764360"},{"taxonomy":"product_cat","embeddable":true,"href":"https:\/\/roveyayinevi.com.tr\/index.php\/wp-json\/wp\/v2\/product_cat?post=764360"},{"taxonomy":"product_tag","embeddable":true,"href":"https:\/\/roveyayinevi.com.tr\/index.php\/wp-json\/wp\/v2\/product_tag?post=764360"}],"curies":[{"name":"wp","href":"https:\/\/api.w.org\/{rel}","templated":true}]}}