{"id":764355,"date":"2025-08-28T11:08:01","date_gmt":"2025-08-28T08:08:01","guid":{"rendered":"https:\/\/roveyayinevi.com.tr\/index.php\/urun\/gecmisi-gecmiste-birakin\/"},"modified":"2026-04-01T03:21:17","modified_gmt":"2026-04-01T00:21:17","slug":"gecmisi-gecmiste-birakin","status":"publish","type":"product","link":"https:\/\/roveyayinevi.com.tr\/index.php\/urun\/gecmisi-gecmiste-birakin\/","title":{"rendered":"Ge\u00e7mi\u015fi Ge\u00e7mi\u015fte B\u0131rak\u0131n"},"content":{"rendered":"<p>Duygular\u0131m\u0131z\u0131 sorgularken su\u00e7u kendimize atmak kolayd\u0131r; kendimizi ve etraf\u0131m\u0131zdakileri imk\u00e2ns\u0131z bir standartta tutmak. Art\u0131k farkl\u0131 sorular sormaya ba\u015flamam\u0131z\u0131n zaman\u0131 geldi. Cevaplar ise aynan\u0131n \u00f6tesinde\u2026 Ge\u00e7mi\u015f travmalar\u0131m\u0131z\u0131n ac\u0131s\u0131, her ne olursa olsun kendimizi tan\u0131mak ve a\u015fabilmek i\u00e7in en g\u00fc\u00e7l\u00fc \u00f6\u011fretisini sunuyor: Travmadan sonra hareket etmenin g\u00fc\u00e7l\u00fc\u011f\u00fcn\u00fc kabul edebilir ama onunla hareket etmeyi \u00f6\u011frenebiliriz. Bu mercek sayesinde yenilenmi\u015f bir ki\u015fisel \u00f6z de\u011fer sistemi olu\u015fturabilir; nihayetinde ko\u015fullara, durumlara ve ili\u015fkilere verdi\u011fimiz tepkileri d\u00f6n\u00fc\u015ft\u00fcrebiliriz. Ya\u015famlar\u0131m\u0131z\u0131 yeniden \u015fekillendirmenin anahtar\u0131 asl\u0131nda tam da kar\u015f\u0131m\u0131zdaki aynada. Gelece\u011fimize giden yolu temizlemek i\u00e7in ge\u00e7mi\u015fimizi anlamam\u0131za izin veren, zihnin bedene h\u00e2kimiyetini hesaba katan ve ya\u015fanan travmalardan failli\u011fi geri alma yetene\u011fini inceleyen Ge\u00e7mi\u015fi Ge\u00e7mi\u015fte B\u0131rak\u0131n, travmay\u0131 anlamak ve d\u00f6n\u00fc\u015ft\u00fcrmek i\u00e7in kullanabilece\u011finiz olduk\u00e7a etkili bir rehber niteli\u011finde. Bu kitap \u201cOn Ad\u0131mda Travmalar\u0131n\u0131zdan Kurtulun\u201d gibi bir slogan i\u00e7ermemektedir. B\u00f6ylesi olduk\u00e7a y\u00fczeysel olurdu. \u0130\u015fin \u00f6z\u00fcne bakarsak, asl\u0131nda ge\u00e7mi\u015fi ge\u00e7mi\u015fte b\u0131rakmak da m\u00fcmk\u00fcn de\u011fil. O ge\u00e7mi\u015f bizi \u201cbiz\u201d yapt\u0131. Niyetimiz ge\u00e7mi\u015fteki travmalar\u0131 d\u00f6n\u00fc\u015ft\u00fcrmek; bu ya\u015fant\u0131lar etraf\u0131nda b\u00fcy\u00fcy\u00fcp daha i\u015flevsel \u00f6\u011frenmelere ve yeni se\u00e7eneklere izin vermek.<\/p>\n","protected":false},"excerpt":{"rendered":"<p>Duygular\u0131m\u0131z\u0131 sorgularken su\u00e7u kendimize atmak kolayd\u0131r; kendimizi ve etraf\u0131m\u0131zdakileri imk\u00e2ns\u0131z bir standartta tutmak. Art\u0131k farkl\u0131 sorular sormaya ba\u015flamam\u0131z\u0131n zaman\u0131 geldi. Cevaplar ise aynan\u0131n \u00f6tesinde\u2026 Ge\u00e7mi\u015f travmalar\u0131m\u0131z\u0131n<span class=\"excerpt-hellip\"> [\u2026]<\/span><\/p>\n","protected":false},"featured_media":0,"template":"","meta":{"_monsterinsights_skip_tracking":false,"_monsterinsights_sitenote_active":false,"_monsterinsights_sitenote_note":"","_monsterinsights_sitenote_category":0},"product_brand":[],"product_cat":[12357],"product_tag":[],"class_list":{"0":"post-764355","1":"product","2":"type-product","3":"status-publish","5":"product_cat-psikoloji","6":"pa_cilt-ciltsiz","7":"pa_tur-kitap","8":"pa_yayinevi-hep-kitap","9":"pa_yazar-busra-gunes-guler","11":"first","12":"instock","13":"sale","14":"shipping-taxable","15":"purchasable","16":"product-type-simple"},"_links":{"self":[{"href":"https:\/\/roveyayinevi.com.tr\/index.php\/wp-json\/wp\/v2\/product\/764355","targetHints":{"allow":["GET"]}}],"collection":[{"href":"https:\/\/roveyayinevi.com.tr\/index.php\/wp-json\/wp\/v2\/product"}],"about":[{"href":"https:\/\/roveyayinevi.com.tr\/index.php\/wp-json\/wp\/v2\/types\/product"}],"wp:attachment":[{"href":"https:\/\/roveyayinevi.com.tr\/index.php\/wp-json\/wp\/v2\/media?parent=764355"}],"wp:term":[{"taxonomy":"product_brand","embeddable":true,"href":"https:\/\/roveyayinevi.com.tr\/index.php\/wp-json\/wp\/v2\/product_brand?post=764355"},{"taxonomy":"product_cat","embeddable":true,"href":"https:\/\/roveyayinevi.com.tr\/index.php\/wp-json\/wp\/v2\/product_cat?post=764355"},{"taxonomy":"product_tag","embeddable":true,"href":"https:\/\/roveyayinevi.com.tr\/index.php\/wp-json\/wp\/v2\/product_tag?post=764355"}],"curies":[{"name":"wp","href":"https:\/\/api.w.org\/{rel}","templated":true}]}}