{"id":764354,"date":"2025-08-28T11:08:00","date_gmt":"2025-08-28T08:08:00","guid":{"rendered":"https:\/\/roveyayinevi.com.tr\/index.php\/urun\/evrenin-kisa-oykusu\/"},"modified":"2026-04-15T03:30:16","modified_gmt":"2026-04-15T00:30:16","slug":"evrenin-kisa-oykusu","status":"publish","type":"product","link":"https:\/\/roveyayinevi.com.tr\/index.php\/urun\/evrenin-kisa-oykusu\/","title":{"rendered":"Evrenin K\u0131sa \u00d6yk\u00fcs\u00fc"},"content":{"rendered":"<p>C\u00fcce galaksilerden sarmal galaksilere, gen\u00e7 y\u0131ld\u0131zlardan meteorlara, k\u0131rm\u0131z\u0131 devlerden asteroit ku\u015faklar\u0131na 130 \u00f6nemli bile\u015fen\u2026 Teoriler, yap\u0131ta\u015flar\u0131, ge\u00e7mi\u015f ve gelecek hik\u00e2yeleri\u2026 Evren nas\u0131l olu\u015ftu? B\u00fcy\u00fck Patlama\u2019dan hemen sonra neler ya\u015fand\u0131? G\u00fcne\u015fimizin ak\u0131beti ne olacak? Y\u0131ld\u0131zlar\u0131n enerji kayna\u011f\u0131 nedir?Ola\u011fan\u00fcst\u00fc g\u00f6rsellerle bezeli, anla\u015f\u0131l\u0131r ve yal\u0131n diliyle \u201cEvrenin K\u0131sa \u00d6yk\u00fcs\u00fc\u201d evrenin b\u00fcy\u00fcleyici tarihinin tad\u0131n\u0131 \u00e7\u0131karman\u0131z i\u00e7in ihtiyac\u0131n\u0131z olan her \u015feyi sunuyor!<\/p>\n","protected":false},"excerpt":{"rendered":"<p>C\u00fcce galaksilerden sarmal galaksilere, gen\u00e7 y\u0131ld\u0131zlardan meteorlara, k\u0131rm\u0131z\u0131 devlerden asteroit ku\u015faklar\u0131na 130 \u00f6nemli bile\u015fen\u2026 Teoriler, yap\u0131ta\u015flar\u0131, ge\u00e7mi\u015f ve gelecek hik\u00e2yeleri\u2026 Evren nas\u0131l olu\u015ftu? B\u00fcy\u00fck Patlama\u2019dan hemen<span class=\"excerpt-hellip\"> [\u2026]<\/span><\/p>\n","protected":false},"featured_media":0,"template":"","meta":{"_monsterinsights_skip_tracking":false,"_monsterinsights_sitenote_active":false,"_monsterinsights_sitenote_note":"","_monsterinsights_sitenote_category":0},"product_brand":[],"product_cat":[13005,13006],"product_tag":[],"class_list":{"0":"post-764354","1":"product","2":"type-product","3":"status-publish","5":"product_cat-bilim-muhendislik","6":"product_cat-populer-bilim","7":"pa_cilt-ciltli","8":"pa_tur-kitap","9":"pa_yayinevi-hep-kitap","10":"pa_yazar-gemma-lavender","12":"first","13":"instock","14":"sale","15":"shipping-taxable","16":"purchasable","17":"product-type-simple"},"_links":{"self":[{"href":"https:\/\/roveyayinevi.com.tr\/index.php\/wp-json\/wp\/v2\/product\/764354","targetHints":{"allow":["GET"]}}],"collection":[{"href":"https:\/\/roveyayinevi.com.tr\/index.php\/wp-json\/wp\/v2\/product"}],"about":[{"href":"https:\/\/roveyayinevi.com.tr\/index.php\/wp-json\/wp\/v2\/types\/product"}],"wp:attachment":[{"href":"https:\/\/roveyayinevi.com.tr\/index.php\/wp-json\/wp\/v2\/media?parent=764354"}],"wp:term":[{"taxonomy":"product_brand","embeddable":true,"href":"https:\/\/roveyayinevi.com.tr\/index.php\/wp-json\/wp\/v2\/product_brand?post=764354"},{"taxonomy":"product_cat","embeddable":true,"href":"https:\/\/roveyayinevi.com.tr\/index.php\/wp-json\/wp\/v2\/product_cat?post=764354"},{"taxonomy":"product_tag","embeddable":true,"href":"https:\/\/roveyayinevi.com.tr\/index.php\/wp-json\/wp\/v2\/product_tag?post=764354"}],"curies":[{"name":"wp","href":"https:\/\/api.w.org\/{rel}","templated":true}]}}