{"id":764353,"date":"2025-08-28T11:07:59","date_gmt":"2025-08-28T08:07:59","guid":{"rendered":"https:\/\/roveyayinevi.com.tr\/index.php\/urun\/ete-hayir-de-hayvansal-urunleri-azaltmaniza-yardimci-olacak-basit-ipuclari-ve-kolay-tarifler\/"},"modified":"2026-04-15T03:30:16","modified_gmt":"2026-04-15T00:30:16","slug":"ete-hayir-de-hayvansal-urunleri-azaltmaniza-yardimci-olacak-basit-ipuclari-ve-kolay-tarifler","status":"publish","type":"product","link":"https:\/\/roveyayinevi.com.tr\/index.php\/urun\/ete-hayir-de-hayvansal-urunleri-azaltmaniza-yardimci-olacak-basit-ipuclari-ve-kolay-tarifler\/","title":{"rendered":"Ete Hay\u0131r De! &#8211; Hayvansal \u00dcr\u00fcnleri Azaltman\u0131za Yard\u0131mc\u0131 Olacak Basit \u0130pu\u00e7lar\u0131 ve Kolay Tarifler"},"content":{"rendered":"<p>Et t\u00fcketiminiz konusunda endi\u015felenmeye mi ba\u015flad\u0131n\u0131z? Daha az et yemek i\u00e7in \u00e7evreselden ahlakiye kadar bir\u00e7ok ge\u00e7erli sebep var. Ya\u015fam tarz\u0131n\u0131z\u0131 k\u00f6kten de\u011fi\u015ftirmeden beslenmenizde olumlu de\u011fi\u015fimler yapmak m\u00fcmk\u00fcn. Bu kullan\u0131\u015fl\u0131 kitapta, et yerine basit alternatifler \u00f6neriliyor. Bunlar\u0131n aras\u0131nda beslenme ipu\u00e7lar\u0131, lezzetli yemek tarifleri ve hayvansal \u00fcr\u00fcnlerin muadilleri de bulunuyor. Bu kitapla, et t\u00fcketiminizi \u00f6nemli derecede azaltman\u0131n ilk ad\u0131m\u0131 kolayca atacak ve fark yaratacaks\u0131n\u0131z.<\/p>\n","protected":false},"excerpt":{"rendered":"<p>Et t\u00fcketiminiz konusunda endi\u015felenmeye mi ba\u015flad\u0131n\u0131z? Daha az et yemek i\u00e7in \u00e7evreselden ahlakiye kadar bir\u00e7ok ge\u00e7erli sebep var. Ya\u015fam tarz\u0131n\u0131z\u0131 k\u00f6kten de\u011fi\u015ftirmeden beslenmenizde olumlu de\u011fi\u015fimler yapmak<span class=\"excerpt-hellip\"> [\u2026]<\/span><\/p>\n","protected":false},"featured_media":0,"template":"","meta":{"_monsterinsights_skip_tracking":false,"_monsterinsights_sitenote_active":false,"_monsterinsights_sitenote_note":"","_monsterinsights_sitenote_category":0},"product_brand":[],"product_cat":[23323,12364],"product_tag":[],"class_list":{"0":"post-764353","1":"product","2":"type-product","3":"status-publish","5":"product_cat-ekoloji","6":"product_cat-genel-konular","7":"pa_cilt-ciltsiz","8":"pa_tur-kitap","9":"pa_yayinevi-pika-yayinevi","10":"pa_yazar-alexa-kaye","12":"first","13":"instock","14":"sale","15":"shipping-taxable","16":"purchasable","17":"product-type-simple"},"_links":{"self":[{"href":"https:\/\/roveyayinevi.com.tr\/index.php\/wp-json\/wp\/v2\/product\/764353","targetHints":{"allow":["GET"]}}],"collection":[{"href":"https:\/\/roveyayinevi.com.tr\/index.php\/wp-json\/wp\/v2\/product"}],"about":[{"href":"https:\/\/roveyayinevi.com.tr\/index.php\/wp-json\/wp\/v2\/types\/product"}],"wp:attachment":[{"href":"https:\/\/roveyayinevi.com.tr\/index.php\/wp-json\/wp\/v2\/media?parent=764353"}],"wp:term":[{"taxonomy":"product_brand","embeddable":true,"href":"https:\/\/roveyayinevi.com.tr\/index.php\/wp-json\/wp\/v2\/product_brand?post=764353"},{"taxonomy":"product_cat","embeddable":true,"href":"https:\/\/roveyayinevi.com.tr\/index.php\/wp-json\/wp\/v2\/product_cat?post=764353"},{"taxonomy":"product_tag","embeddable":true,"href":"https:\/\/roveyayinevi.com.tr\/index.php\/wp-json\/wp\/v2\/product_tag?post=764353"}],"curies":[{"name":"wp","href":"https:\/\/api.w.org\/{rel}","templated":true}]}}