{"id":764352,"date":"2025-08-28T11:07:58","date_gmt":"2025-08-28T08:07:58","guid":{"rendered":"https:\/\/roveyayinevi.com.tr\/index.php\/urun\/eksik-disliler-kulubu\/"},"modified":"2026-04-15T03:30:16","modified_gmt":"2026-04-15T00:30:16","slug":"eksik-disliler-kulubu","status":"publish","type":"product","link":"https:\/\/roveyayinevi.com.tr\/index.php\/urun\/eksik-disliler-kulubu\/","title":{"rendered":"Eksik Di\u015fliler Kul\u00fcb\u00fc"},"content":{"rendered":"<p>Maya&#8217;n\u0131n s\u00fctdi\u015fi kay\u0131p ve a\u011fz\u0131nda kocamaaaan bir bo\u015fluk var! \u00dcstelik bu haliyle okula gitmesi gerekiyor. Peki Maya bu eksikli\u011fi kimseye belli etmeden okul g\u00fcn\u00fcn\u00fc nas\u0131l ge\u00e7irecek dersin?Eksik Di\u015fliler Kul\u00fcb\u00fc de\u011fi\u015fimi ve kendini oldu\u011fu gibi kabullenmek, beklemeyi \u00f6\u011frenmek, sabretmeyi bilmek \u00fczerine samimi ve e\u011flenceli bir hik\u00e2ye. <\/p>\n","protected":false},"excerpt":{"rendered":"<p>Maya&#8217;n\u0131n s\u00fctdi\u015fi kay\u0131p ve a\u011fz\u0131nda kocamaaaan bir bo\u015fluk var! \u00dcstelik bu haliyle okula gitmesi gerekiyor. Peki Maya bu eksikli\u011fi kimseye belli etmeden okul g\u00fcn\u00fcn\u00fc nas\u0131l ge\u00e7irecek<span class=\"excerpt-hellip\"> [\u2026]<\/span><\/p>\n","protected":false},"featured_media":0,"template":"","meta":{"_monsterinsights_skip_tracking":false,"_monsterinsights_sitenote_active":false,"_monsterinsights_sitenote_note":"","_monsterinsights_sitenote_category":0},"product_brand":[],"product_cat":[12274,12518],"product_tag":[],"class_list":{"0":"post-764352","1":"product","2":"type-product","3":"status-publish","5":"product_cat-cocuk-ve-genclik-kitaplari","6":"product_cat-okul-oncesi-kitaplar","7":"pa_cilt-ciltsiz","8":"pa_tur-kitap","9":"pa_yayinevi-hep-kitap","10":"pa_yazar-seda-akipek","12":"first","13":"instock","14":"sale","15":"shipping-taxable","16":"purchasable","17":"product-type-simple"},"_links":{"self":[{"href":"https:\/\/roveyayinevi.com.tr\/index.php\/wp-json\/wp\/v2\/product\/764352","targetHints":{"allow":["GET"]}}],"collection":[{"href":"https:\/\/roveyayinevi.com.tr\/index.php\/wp-json\/wp\/v2\/product"}],"about":[{"href":"https:\/\/roveyayinevi.com.tr\/index.php\/wp-json\/wp\/v2\/types\/product"}],"wp:attachment":[{"href":"https:\/\/roveyayinevi.com.tr\/index.php\/wp-json\/wp\/v2\/media?parent=764352"}],"wp:term":[{"taxonomy":"product_brand","embeddable":true,"href":"https:\/\/roveyayinevi.com.tr\/index.php\/wp-json\/wp\/v2\/product_brand?post=764352"},{"taxonomy":"product_cat","embeddable":true,"href":"https:\/\/roveyayinevi.com.tr\/index.php\/wp-json\/wp\/v2\/product_cat?post=764352"},{"taxonomy":"product_tag","embeddable":true,"href":"https:\/\/roveyayinevi.com.tr\/index.php\/wp-json\/wp\/v2\/product_tag?post=764352"}],"curies":[{"name":"wp","href":"https:\/\/api.w.org\/{rel}","templated":true}]}}