{"id":764351,"date":"2025-08-28T11:07:56","date_gmt":"2025-08-28T08:07:56","guid":{"rendered":"https:\/\/roveyayinevi.com.tr\/index.php\/urun\/duygusal-yaralar\/"},"modified":"2026-04-03T03:21:34","modified_gmt":"2026-04-03T00:21:34","slug":"duygusal-yaralar","status":"publish","type":"product","link":"https:\/\/roveyayinevi.com.tr\/index.php\/urun\/duygusal-yaralar\/","title":{"rendered":"Duygusal Yaralar"},"content":{"rendered":"<p>\u0130yi bir roman yazmak i\u00e7in \u00f6ncelikle neye ihtiyac\u0131n\u0131z var? Parlak bir fikre mi? \u0130yi bir atmosfere mi? G\u00fc\u00e7l\u00fc mek\u00e2n tasvirlerine mi? Sa\u011flam bir olay \u00f6rg\u00fcs\u00fcne mi? Hepsini ba\u015fard\u0131n\u0131z ama h\u00e2l\u00e2 i\u00e7inize sinmiyor mu? Karakterlerinizi tekrar g\u00f6zden ge\u00e7irmeye ne dersiniz? Size bu yolda da destek olmak i\u00e7in hep kitap\u2019\u0131n yazmay\u0131 ve okumay\u0131 hayat\u0131n\u0131n merkezine yerle\u015ftirenlere yol arkada\u015fl\u0131\u011f\u0131 yapmay\u0131 hedefleyen \u201cAt\u00f6lye\u201d kitaplar\u0131na yepyeni bir dizi ekleniyor: Karakter Yaratma Rehberi. Okurlar, hayat\u0131 ini\u015f \u00e7\u0131k\u0131\u015flarla ge\u00e7mi\u015f karakterlerle daha derin ba\u011flar kurarlar. Ger\u00e7ek\u00e7i ve ikna edici karakterler yaratmak istiyorsan\u0131z bu karakterlerin nas\u0131l insanlar olduklar\u0131n\u0131 iyi bilmeniz gerekir; sadece \u015fimdiki hik\u00e2yelerinde kim olduklar\u0131n\u0131 de\u011fil, onlar\u0131 buraya neyin getirdi\u011fini de. Karakterlerin ge\u00e7mi\u015findeki deneyimler aras\u0131nda en y\u0131k\u0131c\u0131 olan\u0131 ise duygusal yaralard\u0131r. Bir travma onlar\u0131 bamba\u015fka insanlara d\u00f6n\u00fc\u015ft\u00fcrebilir, inan\u00e7lar\u0131n\u0131 de\u011fi\u015ftirebilir, hedeflerine ula\u015fmalar\u0131n\u0131 engelleyebilir. Bu da hik\u00e2yenizin \u00e7at\u0131s\u0131n\u0131 t\u00fcmden de\u011fi\u015ftirir. Karakterin ge\u00e7mi\u015findeki yaralar\u0131n izini s\u00fcrmek davran\u0131\u015flar\u0131n\u0131 \u015fekillendirmenizi sa\u011flar. Duygusal Yaralar sayesinde hem bu izleri rahat\u00e7a takip edecek hem de ge\u00e7mi\u015f yaralar\u0131n\u0131n karakterin \u015fimdiki hayat\u0131n\u0131 nas\u0131l etkiledi\u011fini, korkular\u0131n\u0131n neler oldu\u011funu, onu a\u015fmak i\u00e7in neler yapabilece\u011fini okura sezdirmek i\u00e7in ihtiya\u00e7 duydu\u011funuz t\u00fcm ipu\u00e7lar\u0131na ula\u015facaks\u0131n\u0131z.<\/p>\n","protected":false},"excerpt":{"rendered":"<p>\u0130yi bir roman yazmak i\u00e7in \u00f6ncelikle neye ihtiyac\u0131n\u0131z var? Parlak bir fikre mi? \u0130yi bir atmosfere mi? G\u00fc\u00e7l\u00fc mek\u00e2n tasvirlerine mi? Sa\u011flam bir olay \u00f6rg\u00fcs\u00fcne mi?<span class=\"excerpt-hellip\"> [\u2026]<\/span><\/p>\n","protected":false},"featured_media":0,"template":"","meta":{"_monsterinsights_skip_tracking":false,"_monsterinsights_sitenote_active":false,"_monsterinsights_sitenote_note":"","_monsterinsights_sitenote_category":0},"product_brand":[],"product_cat":[12364,12376],"product_tag":[],"class_list":{"0":"post-764351","1":"product","2":"type-product","3":"status-publish","5":"product_cat-genel-konular","6":"product_cat-kisisel-gelisim","7":"pa_cilt-ciltsiz","8":"pa_tur-kitap","9":"pa_yayinevi-hep-kitap","10":"pa_yazar-angela-ackerman-becca-puglisi","12":"first","13":"instock","14":"sale","15":"shipping-taxable","16":"purchasable","17":"product-type-simple"},"_links":{"self":[{"href":"https:\/\/roveyayinevi.com.tr\/index.php\/wp-json\/wp\/v2\/product\/764351","targetHints":{"allow":["GET"]}}],"collection":[{"href":"https:\/\/roveyayinevi.com.tr\/index.php\/wp-json\/wp\/v2\/product"}],"about":[{"href":"https:\/\/roveyayinevi.com.tr\/index.php\/wp-json\/wp\/v2\/types\/product"}],"wp:attachment":[{"href":"https:\/\/roveyayinevi.com.tr\/index.php\/wp-json\/wp\/v2\/media?parent=764351"}],"wp:term":[{"taxonomy":"product_brand","embeddable":true,"href":"https:\/\/roveyayinevi.com.tr\/index.php\/wp-json\/wp\/v2\/product_brand?post=764351"},{"taxonomy":"product_cat","embeddable":true,"href":"https:\/\/roveyayinevi.com.tr\/index.php\/wp-json\/wp\/v2\/product_cat?post=764351"},{"taxonomy":"product_tag","embeddable":true,"href":"https:\/\/roveyayinevi.com.tr\/index.php\/wp-json\/wp\/v2\/product_tag?post=764351"}],"curies":[{"name":"wp","href":"https:\/\/api.w.org\/{rel}","templated":true}]}}