{"id":764350,"date":"2025-08-28T11:07:55","date_gmt":"2025-08-28T08:07:55","guid":{"rendered":"https:\/\/roveyayinevi.com.tr\/index.php\/urun\/duygular\/"},"modified":"2026-04-03T03:21:34","modified_gmt":"2026-04-03T00:21:34","slug":"duygular","status":"publish","type":"product","link":"https:\/\/roveyayinevi.com.tr\/index.php\/urun\/duygular\/","title":{"rendered":"Duygular"},"content":{"rendered":"<p>\u0130yi bir roman yazmak i\u00e7in \u00f6ncelikle neye ihtiyac\u0131n\u0131z var? Parlak bir fikre mi? \u0130yi bir atmosfere mi? G\u00fc\u00e7l\u00fc mek\u00e2n tasvirlerine mi? Sa\u011flam bir olay \u00f6rg\u00fcs\u00fcne mi? Hepsini ba\u015fard\u0131n\u0131z ama h\u00e2l\u00e2 i\u00e7inize sinmiyor mu? Karakterlerinizi tekrar g\u00f6zden ge\u00e7irmeye ne dersiniz? Size bu yolda da destek olmak i\u00e7in hep kitap\u2019\u0131n yazmay\u0131 ve okumay\u0131 hayat\u0131n\u0131n merkezine yerle\u015ftirenlere yolarkada\u015fl\u0131\u011f\u0131 yapmay\u0131 hedefleyen \u201cAt\u00f6lye\u201d kitaplar\u0131na yepyeni bir dizi ekleniyor: Karakter Yaratma Rehberi. Yazarlar i\u00e7in en zor meselelerden biri karakterin duygular\u0131n\u0131 okurlara e\u015fsiz, ikna edici bir \u015fekilde aktarmakt\u0131r. Bunun i\u00e7in sadece karakterinizi de\u011fil, duygular\u0131 da iyi analiz etmeniz; nas\u0131l bir atmosfer yaratman\u0131z gerekti\u011fini bilmeniz gerekir. Bu kitap, i\u00e7inde yer alan duygu tan\u0131mlar\u0131, her duyguya e\u015flik eden fiziksel i\u015faretler, d\u00fc\u015f\u00fcnceler ve i\u00e7sel tepkilerle yazar ve yazar adaylar\u0131 i\u00e7in bulunmaz bir rehber. Her maddenin sonunda verilen ipu\u00e7lar\u0131yla duygularla ilgili sorunlar ele al\u0131n\u0131p hepsinin \u00fcstesinden gelmek i\u00e7in \u00e7\u00f6z\u00fcmler de sunuluyor. Yarataca\u011f\u0131n\u0131z karakterlerin duygular\u0131n\u0131 sayfalarca anlatmadan g\u00f6sterebilmek, okurlar\u0131n karakterin tek bir hareketinden bile hislerini anlayabilmesi ve kendini kurguya teslim edebilmesi i\u00e7in Duygular kitab\u0131na g\u00f6z atmay\u0131 unutmay\u0131n.<\/p>\n","protected":false},"excerpt":{"rendered":"<p>\u0130yi bir roman yazmak i\u00e7in \u00f6ncelikle neye ihtiyac\u0131n\u0131z var? Parlak bir fikre mi? \u0130yi bir atmosfere mi? G\u00fc\u00e7l\u00fc mek\u00e2n tasvirlerine mi? Sa\u011flam bir olay \u00f6rg\u00fcs\u00fcne mi?<span class=\"excerpt-hellip\"> [\u2026]<\/span><\/p>\n","protected":false},"featured_media":0,"template":"","meta":{"_monsterinsights_skip_tracking":false,"_monsterinsights_sitenote_active":false,"_monsterinsights_sitenote_note":"","_monsterinsights_sitenote_category":0},"product_brand":[],"product_cat":[12364,12376],"product_tag":[],"class_list":{"0":"post-764350","1":"product","2":"type-product","3":"status-publish","5":"product_cat-genel-konular","6":"product_cat-kisisel-gelisim","7":"pa_cilt-ciltsiz","8":"pa_tur-kitap","9":"pa_yayinevi-hep-kitap","10":"pa_yazar-angela-ackerman-becca-puglisi","12":"first","13":"instock","14":"sale","15":"shipping-taxable","16":"purchasable","17":"product-type-simple"},"_links":{"self":[{"href":"https:\/\/roveyayinevi.com.tr\/index.php\/wp-json\/wp\/v2\/product\/764350","targetHints":{"allow":["GET"]}}],"collection":[{"href":"https:\/\/roveyayinevi.com.tr\/index.php\/wp-json\/wp\/v2\/product"}],"about":[{"href":"https:\/\/roveyayinevi.com.tr\/index.php\/wp-json\/wp\/v2\/types\/product"}],"wp:attachment":[{"href":"https:\/\/roveyayinevi.com.tr\/index.php\/wp-json\/wp\/v2\/media?parent=764350"}],"wp:term":[{"taxonomy":"product_brand","embeddable":true,"href":"https:\/\/roveyayinevi.com.tr\/index.php\/wp-json\/wp\/v2\/product_brand?post=764350"},{"taxonomy":"product_cat","embeddable":true,"href":"https:\/\/roveyayinevi.com.tr\/index.php\/wp-json\/wp\/v2\/product_cat?post=764350"},{"taxonomy":"product_tag","embeddable":true,"href":"https:\/\/roveyayinevi.com.tr\/index.php\/wp-json\/wp\/v2\/product_tag?post=764350"}],"curies":[{"name":"wp","href":"https:\/\/api.w.org\/{rel}","templated":true}]}}