{"id":764349,"date":"2025-08-28T11:07:53","date_gmt":"2025-08-28T08:07:53","guid":{"rendered":"https:\/\/roveyayinevi.com.tr\/index.php\/urun\/cilgin-yiyecekler-serisi-kotu-cekirdek\/"},"modified":"2026-04-15T03:30:15","modified_gmt":"2026-04-15T00:30:15","slug":"cilgin-yiyecekler-serisi-kotu-cekirdek","status":"publish","type":"product","link":"https:\/\/roveyayinevi.com.tr\/index.php\/urun\/cilgin-yiyecekler-serisi-kotu-cekirdek\/","title":{"rendered":"\u00c7\u0131lg\u0131n Yiyecekler Serisi &#8211; K\u00f6t\u00fc \u00c7ekirdek"},"content":{"rendered":"<p>\u0130\u015fte k\u00f6t\u00fc \u00e7ekirdek. Hem de \u00e7ooooooook k\u00f6t\u00fc. Ne kadar m\u0131 k\u00f6t\u00fc? Ger\u00e7ekten bilmek istiyor musun? Olur olmad\u0131k yalan s\u00f6yler. Kuyrukta hep ba\u015fkalar\u0131n\u0131n \u00f6n\u00fcne ge\u00e7er. Ellerini hi\u00e7 y\u0131kamaz. Ne de ayaklar\u0131n\u0131&#8230; Ve daha bir s\u00fcr\u00fc k\u00f6t\u00fc \u015fey yapar. Peki k\u00f6t\u00fc bir \u00e7ekirdek art\u0131k k\u00f6t\u00fc olmak istemezse ne olur? K\u00f6t\u00fc \u00e7ekirdek k\u00f6t\u00fc huylar\u0131ndan vazge\u00e7ebilir mi dersin?<\/p>\n","protected":false},"excerpt":{"rendered":"<p>\u0130\u015fte k\u00f6t\u00fc \u00e7ekirdek. Hem de \u00e7ooooooook k\u00f6t\u00fc. Ne kadar m\u0131 k\u00f6t\u00fc? Ger\u00e7ekten bilmek istiyor musun? Olur olmad\u0131k yalan s\u00f6yler. Kuyrukta hep ba\u015fkalar\u0131n\u0131n \u00f6n\u00fcne ge\u00e7er. Ellerini hi\u00e7<span class=\"excerpt-hellip\"> [\u2026]<\/span><\/p>\n","protected":false},"featured_media":0,"template":"","meta":{"_monsterinsights_skip_tracking":false,"_monsterinsights_sitenote_active":false,"_monsterinsights_sitenote_note":"","_monsterinsights_sitenote_category":0},"product_brand":[],"product_cat":[12274,12518],"product_tag":[],"class_list":{"0":"post-764349","1":"product","2":"type-product","3":"status-publish","5":"product_cat-cocuk-ve-genclik-kitaplari","6":"product_cat-okul-oncesi-kitaplar","7":"pa_cilt-ciltsiz","8":"pa_tur-kitap","9":"pa_yayinevi-hep-kitap","10":"pa_yazar-jory-john","12":"first","13":"instock","14":"sale","15":"shipping-taxable","16":"purchasable","17":"product-type-simple"},"_links":{"self":[{"href":"https:\/\/roveyayinevi.com.tr\/index.php\/wp-json\/wp\/v2\/product\/764349","targetHints":{"allow":["GET"]}}],"collection":[{"href":"https:\/\/roveyayinevi.com.tr\/index.php\/wp-json\/wp\/v2\/product"}],"about":[{"href":"https:\/\/roveyayinevi.com.tr\/index.php\/wp-json\/wp\/v2\/types\/product"}],"wp:attachment":[{"href":"https:\/\/roveyayinevi.com.tr\/index.php\/wp-json\/wp\/v2\/media?parent=764349"}],"wp:term":[{"taxonomy":"product_brand","embeddable":true,"href":"https:\/\/roveyayinevi.com.tr\/index.php\/wp-json\/wp\/v2\/product_brand?post=764349"},{"taxonomy":"product_cat","embeddable":true,"href":"https:\/\/roveyayinevi.com.tr\/index.php\/wp-json\/wp\/v2\/product_cat?post=764349"},{"taxonomy":"product_tag","embeddable":true,"href":"https:\/\/roveyayinevi.com.tr\/index.php\/wp-json\/wp\/v2\/product_tag?post=764349"}],"curies":[{"name":"wp","href":"https:\/\/api.w.org\/{rel}","templated":true}]}}