{"id":764348,"date":"2025-08-28T11:07:52","date_gmt":"2025-08-28T08:07:52","guid":{"rendered":"https:\/\/roveyayinevi.com.tr\/index.php\/urun\/cilgin-yiyecekler-serisi-iyi-yumurta\/"},"modified":"2026-04-15T03:30:15","modified_gmt":"2026-04-15T00:30:15","slug":"cilgin-yiyecekler-serisi-iyi-yumurta","status":"publish","type":"product","link":"https:\/\/roveyayinevi.com.tr\/index.php\/urun\/cilgin-yiyecekler-serisi-iyi-yumurta\/","title":{"rendered":"\u00c7\u0131lg\u0131n Yiyecekler Serisi &#8211; \u0130yi Yumurta"},"content":{"rendered":"<p>Daima iyi bir yumurta oldum. Eminim bir yumurta ne kadar iyi olabilir merak ediyorsundur. \u015e\u00f6yle ki\u2026 \u00c7i\u00e7eklerini sular\u0131m. Araban\u0131n lastiklerini de\u011fi\u015ftiririm. Evini bile boyar\u0131m. \u0130htiyac\u0131n oldu\u011funda, bil ki yard\u0131ma haz\u0131r\u0131m. Evet, ben ger\u00e7ekten \u00e7oooooook iyi bir yumurtay\u0131m. Peki sence de fazla iyilik kabuk \u00e7atlatmaz m\u0131?<\/p>\n","protected":false},"excerpt":{"rendered":"<p>Daima iyi bir yumurta oldum. Eminim bir yumurta ne kadar iyi olabilir merak ediyorsundur. \u015e\u00f6yle ki\u2026 \u00c7i\u00e7eklerini sular\u0131m. Araban\u0131n lastiklerini de\u011fi\u015ftiririm. Evini bile boyar\u0131m. \u0130htiyac\u0131n oldu\u011funda,<span class=\"excerpt-hellip\"> [\u2026]<\/span><\/p>\n","protected":false},"featured_media":0,"template":"","meta":{"_monsterinsights_skip_tracking":false,"_monsterinsights_sitenote_active":false,"_monsterinsights_sitenote_note":"","_monsterinsights_sitenote_category":0},"product_brand":[],"product_cat":[12274,12518],"product_tag":[],"class_list":{"0":"post-764348","1":"product","2":"type-product","3":"status-publish","5":"product_cat-cocuk-ve-genclik-kitaplari","6":"product_cat-okul-oncesi-kitaplar","7":"pa_cilt-ciltsiz","8":"pa_tur-kitap","9":"pa_yayinevi-hep-kitap","10":"pa_yazar-jory-john","12":"first","13":"instock","14":"sale","15":"shipping-taxable","16":"purchasable","17":"product-type-simple"},"_links":{"self":[{"href":"https:\/\/roveyayinevi.com.tr\/index.php\/wp-json\/wp\/v2\/product\/764348","targetHints":{"allow":["GET"]}}],"collection":[{"href":"https:\/\/roveyayinevi.com.tr\/index.php\/wp-json\/wp\/v2\/product"}],"about":[{"href":"https:\/\/roveyayinevi.com.tr\/index.php\/wp-json\/wp\/v2\/types\/product"}],"wp:attachment":[{"href":"https:\/\/roveyayinevi.com.tr\/index.php\/wp-json\/wp\/v2\/media?parent=764348"}],"wp:term":[{"taxonomy":"product_brand","embeddable":true,"href":"https:\/\/roveyayinevi.com.tr\/index.php\/wp-json\/wp\/v2\/product_brand?post=764348"},{"taxonomy":"product_cat","embeddable":true,"href":"https:\/\/roveyayinevi.com.tr\/index.php\/wp-json\/wp\/v2\/product_cat?post=764348"},{"taxonomy":"product_tag","embeddable":true,"href":"https:\/\/roveyayinevi.com.tr\/index.php\/wp-json\/wp\/v2\/product_tag?post=764348"}],"curies":[{"name":"wp","href":"https:\/\/api.w.org\/{rel}","templated":true}]}}