{"id":764347,"date":"2025-08-28T11:07:50","date_gmt":"2025-08-28T08:07:50","guid":{"rendered":"https:\/\/roveyayinevi.com.tr\/index.php\/urun\/cilgin-yiyecekler-serisi-havali-nohut\/"},"modified":"2026-04-15T03:30:15","modified_gmt":"2026-04-15T00:30:15","slug":"cilgin-yiyecekler-serisi-havali-nohut","status":"publish","type":"product","link":"https:\/\/roveyayinevi.com.tr\/index.php\/urun\/cilgin-yiyecekler-serisi-havali-nohut\/","title":{"rendered":"\u00c7\u0131lg\u0131n Yiyecekler Serisi &#8211; Haval\u0131 Nohut"},"content":{"rendered":"<p>1 numaral\u0131 New York Times \u00e7ok satan ekibi, Jory John ve Pete Oswald\u2019dan&#8230; KAR\u015eINIZDA HAVALI BAKLAG\u0130LLER! Sal\u0131na sal\u0131na y\u00fcr\u00fcyorlar. Havalar\u0131ndan ge\u00e7ilmiyor. VE BEN. HAVASI S\u00d6NM\u00dc\u015e B\u0130R NOHUT\u2026 Haval\u0131 olman\u0131n asl\u0131nda ne demek oldu\u011funu \u00f6\u011frenmek \u00fczereyim. K\u00f6t\u00fc \u00c7ekirdek ve \u0130yi Yumurta\u2019y\u0131 sevdiysen, New York Times\u2019\u0131n 1 numaral\u0131 \u00e7ok satan ikilisi Jory John ve Pete Oswald\u2019un bu \u00fc\u00e7\u00fcnc\u00fc resimli kitab\u0131n\u0131 okurken havan\u0131 bulacaks\u0131n. Bu kitapta bir grup baklagil biraz mizah, biraz zek\u00e2, biraz da sevimlilikle bize \u00f6nemli bir ders veriyor: Kibarl\u0131k di\u011fer bir\u00e7ok \u015feyden \u00e7ok daha haval\u0131d\u0131r! <\/p>\n","protected":false},"excerpt":{"rendered":"<p>1 numaral\u0131 New York Times \u00e7ok satan ekibi, Jory John ve Pete Oswald\u2019dan&#8230; KAR\u015eINIZDA HAVALI BAKLAG\u0130LLER! Sal\u0131na sal\u0131na y\u00fcr\u00fcyorlar. Havalar\u0131ndan ge\u00e7ilmiyor. VE BEN. HAVASI S\u00d6NM\u00dc\u015e B\u0130R<span class=\"excerpt-hellip\"> [\u2026]<\/span><\/p>\n","protected":false},"featured_media":0,"template":"","meta":{"_monsterinsights_skip_tracking":false,"_monsterinsights_sitenote_active":false,"_monsterinsights_sitenote_note":"","_monsterinsights_sitenote_category":0},"product_brand":[],"product_cat":[12274,12518],"product_tag":[],"class_list":{"0":"post-764347","1":"product","2":"type-product","3":"status-publish","5":"product_cat-cocuk-ve-genclik-kitaplari","6":"product_cat-okul-oncesi-kitaplar","7":"pa_cilt-ciltsiz","8":"pa_tur-kitap","9":"pa_yayinevi-hep-kitap","10":"pa_yazar-jory-john","12":"first","13":"instock","14":"sale","15":"shipping-taxable","16":"purchasable","17":"product-type-simple"},"_links":{"self":[{"href":"https:\/\/roveyayinevi.com.tr\/index.php\/wp-json\/wp\/v2\/product\/764347","targetHints":{"allow":["GET"]}}],"collection":[{"href":"https:\/\/roveyayinevi.com.tr\/index.php\/wp-json\/wp\/v2\/product"}],"about":[{"href":"https:\/\/roveyayinevi.com.tr\/index.php\/wp-json\/wp\/v2\/types\/product"}],"wp:attachment":[{"href":"https:\/\/roveyayinevi.com.tr\/index.php\/wp-json\/wp\/v2\/media?parent=764347"}],"wp:term":[{"taxonomy":"product_brand","embeddable":true,"href":"https:\/\/roveyayinevi.com.tr\/index.php\/wp-json\/wp\/v2\/product_brand?post=764347"},{"taxonomy":"product_cat","embeddable":true,"href":"https:\/\/roveyayinevi.com.tr\/index.php\/wp-json\/wp\/v2\/product_cat?post=764347"},{"taxonomy":"product_tag","embeddable":true,"href":"https:\/\/roveyayinevi.com.tr\/index.php\/wp-json\/wp\/v2\/product_tag?post=764347"}],"curies":[{"name":"wp","href":"https:\/\/api.w.org\/{rel}","templated":true}]}}