{"id":764345,"date":"2025-08-28T11:07:46","date_gmt":"2025-08-28T08:07:46","guid":{"rendered":"https:\/\/roveyayinevi.com.tr\/index.php\/urun\/can-ve-badem-iz-pesinde-kurabiyelerimi-kim-yedi\/"},"modified":"2026-04-12T03:21:49","modified_gmt":"2026-04-12T00:21:49","slug":"can-ve-badem-iz-pesinde-kurabiyelerimi-kim-yedi","status":"publish","type":"product","link":"https:\/\/roveyayinevi.com.tr\/index.php\/urun\/can-ve-badem-iz-pesinde-kurabiyelerimi-kim-yedi\/","title":{"rendered":"Can ve Badem \u0130z Pe\u015finde: Kurabiyelerimi Kim Yedi?"},"content":{"rendered":"<p>Can bisikletten d\u00fc\u015f\u00fcp kolunu k\u0131rar ve t\u00fcm keyfi ka\u00e7ar. \u00c7\u00fcnk\u00fc k\u0131r\u0131k bir kolla o hafta sonu ger\u00e7ekle\u015fecek basketbol turnuvas\u0131na kat\u0131lmas\u0131 imk\u00e2ns\u0131zd\u0131r! Ma\u00e7 g\u00fcn\u00fc annesi ona en sevdi\u011fi kurabiyelerden haz\u0131rlar. Ev buram buram kurabiye koksa da kurabiye tepsisi bombo\u015ftur. B\u00f6ylece Can ve Badem kurabiyelerin pe\u015fine d\u00fc\u015fer. Kay\u0131p kurabiyeleri bulabilecekler mi dersiniz? <\/p>\n","protected":false},"excerpt":{"rendered":"<p>Can bisikletten d\u00fc\u015f\u00fcp kolunu k\u0131rar ve t\u00fcm keyfi ka\u00e7ar. \u00c7\u00fcnk\u00fc k\u0131r\u0131k bir kolla o hafta sonu ger\u00e7ekle\u015fecek basketbol turnuvas\u0131na kat\u0131lmas\u0131 imk\u00e2ns\u0131zd\u0131r! Ma\u00e7 g\u00fcn\u00fc annesi ona en<span class=\"excerpt-hellip\"> [\u2026]<\/span><\/p>\n","protected":false},"featured_media":0,"template":"","meta":{"_monsterinsights_skip_tracking":false,"_monsterinsights_sitenote_active":false,"_monsterinsights_sitenote_note":"","_monsterinsights_sitenote_category":0},"product_brand":[],"product_cat":[12274,12284],"product_tag":[],"class_list":{"0":"post-764345","1":"product","2":"type-product","3":"status-publish","5":"product_cat-cocuk-ve-genclik-kitaplari","6":"product_cat-hikayeler","7":"pa_cilt-ciltsiz","8":"pa_tur-kitap","9":"pa_yayinevi-hep-kitap","10":"pa_yazar-ozge-lokmanhekim","12":"first","13":"instock","14":"sale","15":"shipping-taxable","16":"purchasable","17":"product-type-simple"},"_links":{"self":[{"href":"https:\/\/roveyayinevi.com.tr\/index.php\/wp-json\/wp\/v2\/product\/764345","targetHints":{"allow":["GET"]}}],"collection":[{"href":"https:\/\/roveyayinevi.com.tr\/index.php\/wp-json\/wp\/v2\/product"}],"about":[{"href":"https:\/\/roveyayinevi.com.tr\/index.php\/wp-json\/wp\/v2\/types\/product"}],"wp:attachment":[{"href":"https:\/\/roveyayinevi.com.tr\/index.php\/wp-json\/wp\/v2\/media?parent=764345"}],"wp:term":[{"taxonomy":"product_brand","embeddable":true,"href":"https:\/\/roveyayinevi.com.tr\/index.php\/wp-json\/wp\/v2\/product_brand?post=764345"},{"taxonomy":"product_cat","embeddable":true,"href":"https:\/\/roveyayinevi.com.tr\/index.php\/wp-json\/wp\/v2\/product_cat?post=764345"},{"taxonomy":"product_tag","embeddable":true,"href":"https:\/\/roveyayinevi.com.tr\/index.php\/wp-json\/wp\/v2\/product_tag?post=764345"}],"curies":[{"name":"wp","href":"https:\/\/api.w.org\/{rel}","templated":true}]}}