{"id":764344,"date":"2025-08-28T11:07:45","date_gmt":"2025-08-28T08:07:45","guid":{"rendered":"https:\/\/roveyayinevi.com.tr\/index.php\/urun\/buyuyen-nese\/"},"modified":"2026-04-15T03:30:15","modified_gmt":"2026-04-15T00:30:15","slug":"buyuyen-nese","status":"publish","type":"product","link":"https:\/\/roveyayinevi.com.tr\/index.php\/urun\/buyuyen-nese\/","title":{"rendered":"B\u00fcy\u00fcyen Ne\u015fe"},"content":{"rendered":"<p>Daha mutlu ve huzurlu bir ya\u015fama giden yolunuzu b\u00fcy\u00fctmek i\u00e7in bitkisel uygulamalar Maria Failla, bitkilere olan sevgimizin ard\u0131ndaki bilimi ara\u015ft\u0131r\u0131yor ve onlar\u0131n varl\u0131\u011f\u0131yla keyif d\u00fcnyas\u0131n\u0131n kap\u0131lar\u0131n\u0131 nas\u0131l a\u00e7abilece\u011fimizi payla\u015f\u0131yor.Sabahlar\u0131 ekrana bakmadan \u00f6nce bir bitkiye bakmay\u0131 al\u0131\u015fkanl\u0131k haline getirmekten, evinizde bitkilerle beraber onar\u0131c\u0131 bir s\u0131\u011f\u0131nak olu\u015fturmaya kadar orijinal fikir ve ipu\u00e7lar\u0131yla B\u00fcy\u00fcyen Ne\u015fe, do\u011fayla ba\u011flant\u0131da kalman\u0131za ve anlaml\u0131 bir ya\u015fam olu\u015fturman\u0131za yard\u0131mc\u0131 olacak.\u2022 Pratiklerle stresi yok edin, kendinizle ve do\u011fayla yeniden ba\u011flant\u0131 kurun.\u2022 Sa\u011fl\u0131kl\u0131 ya\u015fam\u0131n k\u00f6klerini ke\u015ffetmek i\u00e7in y\u00f6nlendirmelerle derine inin.\u2022 Bitki ve insan ba\u011flant\u0131s\u0131n\u0131n arkas\u0131ndaki bilimsel i\u00e7g\u00f6r\u00fcyle ilerleyin.\u2022 Bitki ebeveynli\u011fi ki\u015fili\u011finizi \u00f6\u011frenerek kendinizi ke\u015ffedin.\u2022 Bitki katilinden mutlu bir bitki dostuna d\u00f6n\u00fc\u015fmek i\u00e7in h\u0131zland\u0131r\u0131lm\u0131\u015f\u201cBitki Bak\u0131m\u0131n\u0131n Temelleri\u201d kursuna kat\u0131l\u0131n.Bitkilerimiz gibi ne\u015fe de gelir, akar, b\u00fcy\u00fcr ve \u00f6l\u00fcr. \u015eekil de\u011fi\u015ftirir, geli\u015fir; bazen onu bulmas\u0131 kolay ve bazen de son derece zordur. Ne olursa olsun, hepimizin hayatta daha fazla ne\u015feye ihtiyac\u0131 var.Hayat\u0131n\u0131z\u0131n hangi mevsiminde olursan\u0131z olun, \u2013ister g\u00fcnlerinizi canland\u0131rman\u0131n e\u011flenceli yollar\u0131n\u0131, ister bitki ebeveynli\u011finde bir sonraki ad\u0131m\u0131 nas\u0131l ataca\u011f\u0131n\u0131za dair \u00f6nerileri ya da belki daha derin bir \u015fey ar\u0131yor olun\u2013 B\u00fcy\u00fcyen Ne\u015fe hem \u00e7i\u00e7ek a\u00e7man\u0131z hem de bitkilerinizle beraber b\u00fcy\u00fcmeniz i\u00e7in size ilhamverecek. <\/p>\n","protected":false},"excerpt":{"rendered":"<p>Daha mutlu ve huzurlu bir ya\u015fama giden yolunuzu b\u00fcy\u00fctmek i\u00e7in bitkisel uygulamalar Maria Failla, bitkilere olan sevgimizin ard\u0131ndaki bilimi ara\u015ft\u0131r\u0131yor ve onlar\u0131n varl\u0131\u011f\u0131yla keyif d\u00fcnyas\u0131n\u0131n kap\u0131lar\u0131n\u0131<span class=\"excerpt-hellip\"> [\u2026]<\/span><\/p>\n","protected":false},"featured_media":0,"template":"","meta":{"_monsterinsights_skip_tracking":false,"_monsterinsights_sitenote_active":false,"_monsterinsights_sitenote_note":"","_monsterinsights_sitenote_category":0},"product_brand":[],"product_cat":[13397,13365],"product_tag":[],"class_list":{"0":"post-764344","1":"product","2":"type-product","3":"status-publish","5":"product_cat-alternatif-tip-sifali-bitkiler","6":"product_cat-saglik","7":"pa_cilt-ciltli","8":"pa_tur-kitap","9":"pa_yayinevi-pika-yayinevi","10":"pa_yazar-maria-failla","12":"first","13":"instock","14":"sale","15":"shipping-taxable","16":"purchasable","17":"product-type-simple"},"_links":{"self":[{"href":"https:\/\/roveyayinevi.com.tr\/index.php\/wp-json\/wp\/v2\/product\/764344","targetHints":{"allow":["GET"]}}],"collection":[{"href":"https:\/\/roveyayinevi.com.tr\/index.php\/wp-json\/wp\/v2\/product"}],"about":[{"href":"https:\/\/roveyayinevi.com.tr\/index.php\/wp-json\/wp\/v2\/types\/product"}],"wp:attachment":[{"href":"https:\/\/roveyayinevi.com.tr\/index.php\/wp-json\/wp\/v2\/media?parent=764344"}],"wp:term":[{"taxonomy":"product_brand","embeddable":true,"href":"https:\/\/roveyayinevi.com.tr\/index.php\/wp-json\/wp\/v2\/product_brand?post=764344"},{"taxonomy":"product_cat","embeddable":true,"href":"https:\/\/roveyayinevi.com.tr\/index.php\/wp-json\/wp\/v2\/product_cat?post=764344"},{"taxonomy":"product_tag","embeddable":true,"href":"https:\/\/roveyayinevi.com.tr\/index.php\/wp-json\/wp\/v2\/product_tag?post=764344"}],"curies":[{"name":"wp","href":"https:\/\/api.w.org\/{rel}","templated":true}]}}