{"id":764343,"date":"2025-08-28T11:07:43","date_gmt":"2025-08-28T08:07:43","guid":{"rendered":"https:\/\/roveyayinevi.com.tr\/index.php\/urun\/birileri\/"},"modified":"2026-04-03T03:21:34","modified_gmt":"2026-04-03T00:21:34","slug":"birileri","status":"publish","type":"product","link":"https:\/\/roveyayinevi.com.tr\/index.php\/urun\/birileri\/","title":{"rendered":"Birileri"},"content":{"rendered":"<p>\u0130smim Luce. G\u00fclmeyin, bu b\u00fcy\u00fckannemin ad\u0131yd\u0131. \u00c7illerim, siperlikli bir \u015fapkam var ve (burada g\u00f6rd\u00fc\u011f\u00fcn\u00fcz) bir apartmanda ya\u015f\u0131yorum. D\u00f6rd\u00fcnc\u00fc kat, A merdiveni, sa\u011fdaki daire. \u015ei\u015fe kapaklar\u0131n\u0131, ta\u015flar\u0131 ve resim \u00e7izmeyi severim. Bir s\u00fcr\u00fc resim \u00e7izdi\u011fim bir defterim var, hatta baz\u0131 \u015feyler toplay\u0131p yap\u0131\u015ft\u0131r\u0131yorum.Apartman\u0131m t\u0131pk\u0131 bir \u015fehir gibi, tek fark\u0131 dikey olmas\u0131. \u0130\u00e7inde pek \u00e7ok farkl\u0131 insan var. Mesela aromatik s\u00f6zc\u00fckler yeti\u015ftiren biri, d\u00fc\u015fen \u015feylerden korkan biri, r\u00fczg\u00e2r kavanozlar\u0131 biriktiren biri, bir s\u00fcr\u00fc ayakkab\u0131s\u0131 olan ama\u2026Cristina Bellemo ve Gioia Marchegiani merakl\u0131 tipler. Yolculu\u011fa \u00e7\u0131kmay\u0131, da\u011flarda y\u00fcr\u00fcmeyi; do\u011fay\u0131, mek\u00e2nlar\u0131 ve insanlar\u0131 g\u00f6zlemlemeyi severler. Biraz Luce\u2019ye biraz da Bay Basilico\u2019ya benziyorlar. \u0130kisinin de ellerinin alt\u0131nda daima bir defter vard\u0131r: Cristina yazar, d\u00fczeltir, not al\u0131r; Gioia \u00e7izer, karalar, boyar. Kar\u015f\u0131la\u015ft\u0131klar\u0131 ve de\u011ferli bulduklar\u0131 \u015feyleri payla\u015fmak i\u00e7in saklarlar. Birlikte farkl\u0131 kitaplar yapt\u0131lar: Bu, birlikte \u00e7al\u0131\u015ft\u0131klar\u0131 ikinci kitap. \u0130leride ba\u015fka kitaplar da yapacaklar\u0131ndan eminler. Hik\u00e2yelere tutkunlar <\/p>\n","protected":false},"excerpt":{"rendered":"<p>\u0130smim Luce. G\u00fclmeyin, bu b\u00fcy\u00fckannemin ad\u0131yd\u0131. \u00c7illerim, siperlikli bir \u015fapkam var ve (burada g\u00f6rd\u00fc\u011f\u00fcn\u00fcz) bir apartmanda ya\u015f\u0131yorum. D\u00f6rd\u00fcnc\u00fc kat, A merdiveni, sa\u011fdaki daire. \u015ei\u015fe kapaklar\u0131n\u0131, ta\u015flar\u0131<span class=\"excerpt-hellip\"> [\u2026]<\/span><\/p>\n","protected":false},"featured_media":0,"template":"","meta":{"_monsterinsights_skip_tracking":false,"_monsterinsights_sitenote_active":false,"_monsterinsights_sitenote_note":"","_monsterinsights_sitenote_category":0},"product_brand":[],"product_cat":[12274,12284],"product_tag":[],"class_list":{"0":"post-764343","1":"product","2":"type-product","3":"status-publish","5":"product_cat-cocuk-ve-genclik-kitaplari","6":"product_cat-hikayeler","7":"pa_cilt-ciltsiz","8":"pa_tur-kitap","9":"pa_yayinevi-hep-kitap","10":"pa_yazar-cristina-bellemo","12":"first","13":"instock","14":"sale","15":"shipping-taxable","16":"purchasable","17":"product-type-simple"},"_links":{"self":[{"href":"https:\/\/roveyayinevi.com.tr\/index.php\/wp-json\/wp\/v2\/product\/764343","targetHints":{"allow":["GET"]}}],"collection":[{"href":"https:\/\/roveyayinevi.com.tr\/index.php\/wp-json\/wp\/v2\/product"}],"about":[{"href":"https:\/\/roveyayinevi.com.tr\/index.php\/wp-json\/wp\/v2\/types\/product"}],"wp:attachment":[{"href":"https:\/\/roveyayinevi.com.tr\/index.php\/wp-json\/wp\/v2\/media?parent=764343"}],"wp:term":[{"taxonomy":"product_brand","embeddable":true,"href":"https:\/\/roveyayinevi.com.tr\/index.php\/wp-json\/wp\/v2\/product_brand?post=764343"},{"taxonomy":"product_cat","embeddable":true,"href":"https:\/\/roveyayinevi.com.tr\/index.php\/wp-json\/wp\/v2\/product_cat?post=764343"},{"taxonomy":"product_tag","embeddable":true,"href":"https:\/\/roveyayinevi.com.tr\/index.php\/wp-json\/wp\/v2\/product_tag?post=764343"}],"curies":[{"name":"wp","href":"https:\/\/api.w.org\/{rel}","templated":true}]}}