{"id":764341,"date":"2025-08-28T11:07:40","date_gmt":"2025-08-28T08:07:40","guid":{"rendered":"https:\/\/roveyayinevi.com.tr\/index.php\/urun\/benim-kayam\/"},"modified":"2026-04-15T03:30:15","modified_gmt":"2026-04-15T00:30:15","slug":"benim-kayam","status":"publish","type":"product","link":"https:\/\/roveyayinevi.com.tr\/index.php\/urun\/benim-kayam\/","title":{"rendered":"Benim Kayam"},"content":{"rendered":"<p>\u201cBu benim kayam. Burada y\u00fczlerce kaya var ama ben bunu se\u00e7tim. Kaya dedi\u011fin b\u00f6yle olur; denize yak\u0131n, karaya yak\u0131n. Bir tepenin \u00fcst\u00fcnde. Burada y\u00fczlerce kaya var ama ben her zaman bu kayay\u0131 bulurum.\u201d Ku\u015fun bir kayas\u0131 var. Bu onun kayas\u0131. Ama ya kertenkele de bu kayan\u0131n kendi kayas\u0131 oldu\u011funu d\u00fc\u015f\u00fcn\u00fcrse? B\u00fcy\u00fck k\u00fc\u00e7\u00fck herkes i\u00e7in felsefi bir resimli kitap.<\/p>\n","protected":false},"excerpt":{"rendered":"<p>\u201cBu benim kayam. Burada y\u00fczlerce kaya var ama ben bunu se\u00e7tim. Kaya dedi\u011fin b\u00f6yle olur; denize yak\u0131n, karaya yak\u0131n. Bir tepenin \u00fcst\u00fcnde. Burada y\u00fczlerce kaya var<span class=\"excerpt-hellip\"> [\u2026]<\/span><\/p>\n","protected":false},"featured_media":0,"template":"","meta":{"_monsterinsights_skip_tracking":false,"_monsterinsights_sitenote_active":false,"_monsterinsights_sitenote_note":"","_monsterinsights_sitenote_category":0},"product_brand":[],"product_cat":[12274],"product_tag":[],"class_list":{"0":"post-764341","1":"product","2":"type-product","3":"status-publish","5":"product_cat-cocuk-ve-genclik-kitaplari","6":"pa_cilt-ciltsiz","7":"pa_tur-kitap","8":"pa_yayinevi-hep-kitap","9":"pa_yazar-elvis-peeters","11":"first","12":"instock","13":"sale","14":"shipping-taxable","15":"purchasable","16":"product-type-simple"},"_links":{"self":[{"href":"https:\/\/roveyayinevi.com.tr\/index.php\/wp-json\/wp\/v2\/product\/764341","targetHints":{"allow":["GET"]}}],"collection":[{"href":"https:\/\/roveyayinevi.com.tr\/index.php\/wp-json\/wp\/v2\/product"}],"about":[{"href":"https:\/\/roveyayinevi.com.tr\/index.php\/wp-json\/wp\/v2\/types\/product"}],"wp:attachment":[{"href":"https:\/\/roveyayinevi.com.tr\/index.php\/wp-json\/wp\/v2\/media?parent=764341"}],"wp:term":[{"taxonomy":"product_brand","embeddable":true,"href":"https:\/\/roveyayinevi.com.tr\/index.php\/wp-json\/wp\/v2\/product_brand?post=764341"},{"taxonomy":"product_cat","embeddable":true,"href":"https:\/\/roveyayinevi.com.tr\/index.php\/wp-json\/wp\/v2\/product_cat?post=764341"},{"taxonomy":"product_tag","embeddable":true,"href":"https:\/\/roveyayinevi.com.tr\/index.php\/wp-json\/wp\/v2\/product_tag?post=764341"}],"curies":[{"name":"wp","href":"https:\/\/api.w.org\/{rel}","templated":true}]}}