{"id":764339,"date":"2025-08-28T11:07:36","date_gmt":"2025-08-28T08:07:36","guid":{"rendered":"https:\/\/roveyayinevi.com.tr\/index.php\/urun\/dedemin-kostekli-saati\/"},"modified":"2026-04-15T03:30:15","modified_gmt":"2026-04-15T00:30:15","slug":"dedemin-kostekli-saati","status":"publish","type":"product","link":"https:\/\/roveyayinevi.com.tr\/index.php\/urun\/dedemin-kostekli-saati\/","title":{"rendered":"Dedemin K\u00f6stekli Saati"},"content":{"rendered":"<p>\u201cZaman en k\u0131ymetli hazinedir, de\u011ferini bilene, Kitap en b\u00fcy\u00fck hazinedir, okuyup arif olana, Aile en b\u00fcy\u00fck hazinedir, birlikte s\u0131ms\u0131k\u0131 sar\u0131lana.\u201d \u201cDedemin K\u00f6stekli Saati, Sinem ve Bar\u0131\u015f karde\u015flerin Anadolu\u2019nun buram buram tarih kokan, efsanevi \u015fehri Amasya\u2019da, dedelerinin gizemli evinde ya\u015fad\u0131klar\u0131 maceralar\u0131 anlat\u0131yor. Birg\u00fcl Yang\u0131n Aslano\u011flu, karde\u015fi G\u00f6ksel ile ya\u015fad\u0131\u011f\u0131 \u00e7ocukluk an\u0131lar\u0131ndan yola \u00e7\u0131karak kurgulad\u0131\u011f\u0131 roman\u0131nda seksenlerde \u00e7ocuk olmay\u0131 hat\u0131rlat\u0131yor. Kitap kurdu Sinem ve say\u0131larla aras\u0131 \u00e7ok iyi olan Bar\u0131\u015f muhte\u015fem bir ikili olup sizi \u015fifrelerle dolu bir yolculu\u011fa \u00e7\u0131karacak. Dedelerinin miras\u0131 k\u00f6stekli saat, bakal\u0131m Sinem ve Bar\u0131\u015f\u2019\u0131 nas\u0131l bir ser\u00fcvene s\u00fcr\u00fckleyecek?\u201d Mustafa As\u0131m Ekmek\u00e7io\u011flu \/ E\u011fitimci yazar \u201cBirg\u00fcl Yang\u0131n Aslano\u011flu, Dedemin K\u00f6stekli Saati kitab\u0131yla bug\u00fcn\u00fcn \u00e7ocuklar\u0131n\u0131n y\u00fcreklerine hitap etmekle kalmay\u0131p yeti\u015fkinlerin i\u00e7indeki \u00e7ocuklara da dokunmu\u015f. Kitapta sevgi, sayg\u0131, kararl\u0131l\u0131k, azim ve payla\u015fman\u0131n yan\u0131 s\u0131ra k\u00fclt\u00fcr\u00fcm\u00fcz\u00fcn kadim geleneklerinden misafirperverlik, yard\u0131mseverlik ve imece gibi bir\u00e7ok de\u011fer ilmek ilmek i\u015flenmi\u015f. Aile olman\u0131n \u00f6neminin vurguland\u0131\u011f\u0131 roman hem k\u00fclt\u00fcrel \u00f6zelliklerimizi yans\u0131tmas\u0131 hem de de\u011ferlerin s\u00fcr\u00fckleyici ve ilgi \u00e7ekici bir kurguyla verilmesi a\u00e7\u0131s\u0131ndan \u00f6rnek bir eser. Farkl\u0131 yeteneklere sahip birbirini tamamlayan iki karde\u015fin macera dolu s\u0131cac\u0131k hik\u00e2yesini bir solukta, keyifle ve g\u00fcl\u00fcmseyerek okuyacaks\u0131n\u0131z.\u201d Rahime Eker \/ Uzman Psikolog<\/p>\n","protected":false},"excerpt":{"rendered":"<p>\u201cZaman en k\u0131ymetli hazinedir, de\u011ferini bilene, Kitap en b\u00fcy\u00fck hazinedir, okuyup arif olana, Aile en b\u00fcy\u00fck hazinedir, birlikte s\u0131ms\u0131k\u0131 sar\u0131lana.\u201d \u201cDedemin K\u00f6stekli Saati, Sinem ve Bar\u0131\u015f<span class=\"excerpt-hellip\"> [\u2026]<\/span><\/p>\n","protected":false},"featured_media":0,"template":"","meta":{"_monsterinsights_skip_tracking":false,"_monsterinsights_sitenote_active":false,"_monsterinsights_sitenote_note":"","_monsterinsights_sitenote_category":0},"product_brand":[],"product_cat":[12274,12284],"product_tag":[],"class_list":{"0":"post-764339","1":"product","2":"type-product","3":"status-publish","5":"product_cat-cocuk-ve-genclik-kitaplari","6":"product_cat-hikayeler","7":"pa_cilt-ciltsiz","8":"pa_tur-kitap","9":"pa_yayinevi-ucan-at","10":"pa_yazar-birgul-yangin-aslanoglu","12":"first","13":"instock","14":"sale","15":"shipping-taxable","16":"purchasable","17":"product-type-simple"},"_links":{"self":[{"href":"https:\/\/roveyayinevi.com.tr\/index.php\/wp-json\/wp\/v2\/product\/764339","targetHints":{"allow":["GET"]}}],"collection":[{"href":"https:\/\/roveyayinevi.com.tr\/index.php\/wp-json\/wp\/v2\/product"}],"about":[{"href":"https:\/\/roveyayinevi.com.tr\/index.php\/wp-json\/wp\/v2\/types\/product"}],"wp:attachment":[{"href":"https:\/\/roveyayinevi.com.tr\/index.php\/wp-json\/wp\/v2\/media?parent=764339"}],"wp:term":[{"taxonomy":"product_brand","embeddable":true,"href":"https:\/\/roveyayinevi.com.tr\/index.php\/wp-json\/wp\/v2\/product_brand?post=764339"},{"taxonomy":"product_cat","embeddable":true,"href":"https:\/\/roveyayinevi.com.tr\/index.php\/wp-json\/wp\/v2\/product_cat?post=764339"},{"taxonomy":"product_tag","embeddable":true,"href":"https:\/\/roveyayinevi.com.tr\/index.php\/wp-json\/wp\/v2\/product_tag?post=764339"}],"curies":[{"name":"wp","href":"https:\/\/api.w.org\/{rel}","templated":true}]}}